{"id":8445,"date":"2024-01-25T16:31:54","date_gmt":"2024-01-25T16:31:54","guid":{"rendered":"https:\/\/fiuzawines.pt\/?page_id=8445"},"modified":"2024-01-26T10:11:43","modified_gmt":"2024-01-26T10:11:43","slug":"compete-2020","status":"publish","type":"page","link":"https:\/\/fiuzawines.pt\/pt\/compete-2020\/","title":{"rendered":"Compete 2020"},"content":{"rendered":"\t\t<div data-elementor-type=\"wp-page\" data-elementor-id=\"8445\" class=\"elementor elementor-8445\" data-elementor-post-type=\"page\">\n\t\t\t\t\t\t<section class=\"elementor-section elementor-top-section elementor-element elementor-element-b45e8bb elementor-section-full_width elementor-section-height-min-height elementor-section-height-default elementor-section-items-middle\" data-id=\"b45e8bb\" data-element_type=\"section\" data-e-type=\"section\" data-settings=\"{&quot;background_background&quot;:&quot;classic&quot;}\">\n\t\t\t\t\t\t<div class=\"elementor-container elementor-column-gap-default\">\n\t\t\t\t\t<div class=\"elementor-column elementor-col-25 elementor-top-column elementor-element elementor-element-3358512\" data-id=\"3358512\" data-element_type=\"column\" data-e-type=\"column\">\n\t\t\t<div class=\"elementor-widget-wrap\">\n\t\t\t\t\t\t\t<\/div>\n\t\t<\/div>\n\t\t\t\t<div class=\"elementor-column elementor-col-50 elementor-top-column elementor-element elementor-element-082ed35\" data-id=\"082ed35\" data-element_type=\"column\" data-e-type=\"column\">\n\t\t\t<div class=\"elementor-widget-wrap elementor-element-populated\">\n\t\t\t\t\t\t<div class=\"elementor-element elementor-element-9d3af38 elementor-widget elementor-widget-text-editor\" data-id=\"9d3af38\" data-element_type=\"widget\" data-e-type=\"widget\" data-widget_type=\"text-editor.default\">\n\t\t\t\t<div class=\"elementor-widget-container\">\n\t\t\t\t\t\t\t\t\t<p><strong>COMPETE 2020<\/strong><\/p><p>\u00a0<\/p><p><strong>Designa\u00e7\u00e3o do projeto:<\/strong> Internacionaliza\u00e7\u00e3o da empresa; consolida\u00e7\u00e3o e refor\u00e7o da posi\u00e7\u00e3o no mercado europeu e nos mercados emergentes.<\/p><p><strong>C\u00f3digo do projeto:<\/strong> ALT20-01-0752-FEDER-001051<\/p><p><strong>Objetivo principal:<\/strong> Refor\u00e7ar e consolidar a presen\u00e7a da empresa no mercado europeu e nos pa\u00edses emergentes.<\/p><p><strong>Regi\u00e3o de Interven\u00e7\u00e3o:<\/strong> Alentejo<br \/><strong>Entidade Benefici\u00e1ria:<\/strong> Fi\u00faza &amp; Bright &#8211; Sociedade Vitivin\u00edcola, Lda.<\/p><p><strong>Data de aprova\u00e7\u00e3o:<\/strong> 2015-08-31<br \/><strong>Data de in\u00edcio:<\/strong> 2015-05-15<br \/><strong>Data de conclus\u00e3o:<\/strong> 2018-03-31<\/p><p><strong>Custo total eleg\u00edvel:<\/strong> 251.351,38 EUR<br \/><strong>Apoio financeiro da Uni\u00e3o Europeia:<\/strong> FEDER &#8211; 113.108,12 EUR<br \/><strong>Apoio financeiro p\u00fablico nacional\/regional:<\/strong> N\u00e3o aplic\u00e1vel<\/p><p><strong>Objetivos, atividades e resultados esperados\/atingidos:<\/strong><\/p><p>O presente projeto de investimento, visa refor\u00e7ar e consolidar a presen\u00e7a da empresa nos mercados europeus onde j\u00e1 tem tradi\u00e7\u00e3o como exportadora de vinhos, atrav\u00e9s de um trabalho de prospe\u00e7\u00e3o comercial refor\u00e7ado, e da participa\u00e7\u00e3o selecionada em apenas os concursos e certames internacionais credenciados no sector.<br \/>Adicionalmente, e de forma a consolidar e a potenciar a entrada nos mercados emergentes e em outros pa\u00edses, motivou a empresa a desenvolver um conjunto de a\u00e7\u00f5es de prospe\u00e7\u00e3o e presen\u00e7a nesses mercados, conjugadas com a\u00e7\u00f5es de promo\u00e7\u00e3o e marketing internacional, de forma a conquistar clientes nesses locais, que lhe permita atingir o objetivo de em 2018, fazer a maior parte das suas vendas para o exterior.<br \/>Face \u00e0 estrat\u00e9gia definida, e atendendo \u00e0 racionalidade e rentabilidade do investimento a realizar, a empresa identificou e or\u00e7amentou um conjunto de despesas, que agora d\u00e3o corpo ao presente projeto de investimento, cujas rubricas e finalidades a seguir se detalham:<\/p><p><strong>1.<\/strong> Aquisi\u00e7\u00e3o de equipamento para melhoria do controlo laboratorial, equipamento inform\u00e1tico e software espec\u00edfico relacionado com o desenvolvimento do projeto<br \/><strong>2.<\/strong> A\u00e7\u00f5es de prospe\u00e7\u00e3o e presen\u00e7a em mercados externos, nomeadamente atrav\u00e9s de viagens de prospe\u00e7\u00e3o, participa\u00e7\u00e3o em concursos e certames internacionais<br \/><strong>3.<\/strong> A\u00e7\u00f5es de promo\u00e7\u00e3o e marketing internacional, com a conce\u00e7\u00e3o e elabora\u00e7\u00e3o de material promocional e a conce\u00e7\u00e3o de programas de marketing internacional<br \/><strong>4.<\/strong> Admiss\u00e3o de 2 novos quadros t\u00e9cnicos para Implementa\u00e7\u00e3o do Projeto de Internacionaliza\u00e7\u00e3o.<\/p><p>________________________________________________________<br \/><br \/><\/p><p><strong>\u200bDesigna\u00e7\u00e3o do projeto:<\/strong> Internacionaliza\u00e7\u00e3o da empresa; consolida\u00e7\u00e3o e refor\u00e7o da posi\u00e7\u00e3o no mercado europeu e nos mercados emergentes<br \/><strong>C\u00f3digo do projeto:<\/strong> ALT20-01-0752-FEDER-048417<br \/><strong>Objetivo principal:<\/strong> Refor\u00e7ar e consolidar a presen\u00e7a da empresa no mercado europeu e nos mercados emergentes<br \/><strong>Regi\u00e3o de Interven\u00e7\u00e3o:<\/strong> Alentejo<br \/><strong>Entidade Benefici\u00e1ria:<\/strong> Fi\u00faza &amp; Bright \u2013 Sociedade Vitivin\u00edcola, Lda.<br \/><strong>Data de aprova\u00e7\u00e3o:<\/strong> 2020-11-04<br \/><strong>Data de in\u00edcio:<\/strong> 2020-05-07<br \/><strong>Data de conclus\u00e3o:<\/strong> 2023-05-06<br \/><strong>Custo total eleg\u00edvel:<\/strong> 602.152,50 Euros<br \/><strong>Apoio financeiro da Uni\u00e3o Europeia:<\/strong> FEDER &#8211; 270.968,63 Euros<br \/><strong>Apoio financeiro p\u00fablico nacional \/ regional:<\/strong> N\u00e3o aplic\u00e1vel<\/p><p>\u200b<br \/>Objetivos, atividades e resultados esperados \/ atingidos:<\/p><p>O presente projeto de investimento, visa refor\u00e7ar e consolidar a presen\u00e7a da empresa nos mercados europeus com tradi\u00e7\u00e3o exportadora, atrav\u00e9s de um trabalho de prospe\u00e7\u00e3o comercial refor\u00e7ado, e da participa\u00e7\u00e3o selecionada em apenas os concursos e certames internacionais credenciados no sector. Adicionalmente, e de forma a consolidar e a potenciar a entrada nos mercados emergentes, motivou a empresa a desenvolver um conjunto de a\u00e7\u00f5es de prospe\u00e7\u00e3o e presen\u00e7a nesses mercados, conjugadas com a\u00e7\u00f5es de promo\u00e7\u00e3o e marketing internacional, de forma a atingir o objetivo de em 2023, fazer mais de metade das suas vendas para o exterior.<br \/>Com a execu\u00e7\u00e3o do presente projeto, a Fi\u00faza &amp; Bright pretende alcan\u00e7ar determinados objetivos, tais como: incrementar a notoriedade da sua empresa, implementar uma maior inova\u00e7\u00e3o no seu processo produtivo e alargar a distribui\u00e7\u00e3o para mercados j\u00e1 existentes.<br \/>De modo a colocar em pr\u00e1tica a estrat\u00e9gia de internacionaliza\u00e7\u00e3o visada e alcan\u00e7ar os objetivos previamente definidos, a empresa ir\u00e1 desenvolver atividades enquadr\u00e1veis nas seguintes tipologias de opera\u00e7\u00e3o:<br \/><strong>&#8211; Conhecimento dos mercados externos:<\/strong> participa\u00e7\u00e3o em feiras internacionais, de modo a exp\u00f4r os seus produtos e estabelecer contatos no setor;<br \/><strong>&#8211; Presen\u00e7a na Web, atrav\u00e9s da Economia Digital:<\/strong> realiza\u00e7\u00e3o de a\u00e7\u00f5es de comunica\u00e7\u00e3o digital para os mercados de exporta\u00e7\u00e3o atrav\u00e9s das redes sociais, para que haja uma crescente notoriedade no dom\u00ednio digital da Fi\u00faza &amp; Bright;<br \/><strong>&#8211; Prospe\u00e7\u00e3o e Presen\u00e7a em Mercados Internacionais:<\/strong> realiza\u00e7\u00e3o de a\u00e7\u00f5es de prospe\u00e7\u00e3o nos mercados-alvo, bem como, a\u00e7\u00f5es inversas, ao dar a conhecer a vinha presencialmente aos seus clientes e potenciais clientes;<br \/><strong>&#8211; Desenvolvimento e Promo\u00e7\u00e3o Internacional de Marcas:<\/strong> conce\u00e7\u00e3o e elabora\u00e7\u00e3o de material promocional em v\u00e1rios idiomas, para fortalecer a sua marca e atingir um maior n\u00famero de mercados;<br \/><strong>&#8211; Marketing Internacional:<\/strong> contrata\u00e7\u00e3o de estudos de marketing e servi\u00e7os de consultoria, para realiza\u00e7\u00e3o de campanhas promocionais;<br \/><strong>&#8211; Introdu\u00e7\u00e3o de novos M\u00e9todos de Organiza\u00e7\u00e3o nas Pr\u00e1ticas Comerciais e nas Rela\u00e7\u00f5es Externas:<\/strong> contrata\u00e7\u00e3o de 3 t\u00e9cnicos qualificados e aquisi\u00e7\u00e3o de equipamento para operacionalizar a estrat\u00e9gia internacional;<br \/><strong>&#8211; Certifica\u00e7\u00f5es Espec\u00edficas para os Mercados Externos:<\/strong> certifica\u00e7\u00e3o do registo de marcas no mercado europeu, para comprovar a qualidade dos seus vinhos.<\/p>\t\t\t\t\t\t\t\t<\/div>\n\t\t\t\t<\/div>\n\t\t\t\t\t<\/div>\n\t\t<\/div>\n\t\t\t\t<div class=\"elementor-column elementor-col-25 elementor-top-column elementor-element elementor-element-aaf2817\" data-id=\"aaf2817\" data-element_type=\"column\" data-e-type=\"column\">\n\t\t\t<div class=\"elementor-widget-wrap\">\n\t\t\t\t\t\t\t<\/div>\n\t\t<\/div>\n\t\t\t\t\t<\/div>\n\t\t<\/section>\n\t\t\t\t<\/div>\n\t\t","protected":false},"excerpt":{"rendered":"<p>COMPETE 2020 Designa\u00e7\u00e3o do projeto: Internacionaliza\u00e7\u00e3o da empresa; consolida\u00e7\u00e3o e refor\u00e7o da posi\u00e7\u00e3o no mercado europeu e nos mercados emergentes. C\u00f3digo do projeto: ALT20-01-0752-FEDER-001051 Objetivo principal: Refor\u00e7ar e consolidar a presen\u00e7a da empresa no mercado europeu e nos pa\u00edses emergentes. Regi\u00e3o de Interven\u00e7\u00e3o: AlentejoEntidade Benefici\u00e1ria: Fi\u00faza &amp; Bright &#8211; Sociedade Vitivin\u00edcola, Lda. Data de aprova\u00e7\u00e3o:&hellip; <a class=\"more-link\" href=\"https:\/\/fiuzawines.pt\/pt\/compete-2020\/\">Continue a ler <span class=\"screen-reader-text\">Compete 2020<\/span><\/a><\/p>\n","protected":false},"author":1,"featured_media":0,"parent":0,"menu_order":0,"comment_status":"closed","ping_status":"closed","template":"","meta":{"_monsterinsights_skip_tracking":false,"_monsterinsights_sitenote_active":false,"_monsterinsights_sitenote_note":"","_monsterinsights_sitenote_category":0,"footnotes":""},"class_list":["post-8445","page","type-page","status-publish","hentry","entry"],"yoast_head":"<!-- This site is optimized with the Yoast SEO plugin v27.4 - https:\/\/yoast.com\/product\/yoast-seo-wordpress\/ -->\n<title>Compete 2020 - Fiuza - Conhece-se Pela Casta<\/title>\n<meta name=\"description\" content=\"Venha conhecer os pr\u00e9mios dos vinhos Fiuza, bem como ler os artigos acerca dos nossos vinhos e da nossa marca.\" \/>\n<meta name=\"robots\" content=\"index, follow, max-snippet:-1, max-image-preview:large, max-video-preview:-1\" \/>\n<link rel=\"canonical\" href=\"https:\/\/fiuzawines.pt\/pt\/compete-2020\/\" \/>\n<meta property=\"og:locale\" content=\"pt_PT\" \/>\n<meta property=\"og:type\" content=\"article\" \/>\n<meta property=\"og:title\" content=\"Compete 2020 - Fiuza - Conhece-se Pela Casta\" \/>\n<meta property=\"og:description\" content=\"Venha conhecer os pr\u00e9mios dos vinhos Fiuza, bem como ler os artigos acerca dos nossos vinhos e da nossa marca.\" \/>\n<meta property=\"og:url\" content=\"https:\/\/fiuzawines.pt\/pt\/compete-2020\/\" \/>\n<meta property=\"og:site_name\" content=\"Fiuza - Conhece-se Pela Casta\" \/>\n<meta property=\"article:publisher\" content=\"https:\/\/www.facebook.com\/fiuza.wines\" \/>\n<meta property=\"article:modified_time\" content=\"2024-01-26T10:11:43+00:00\" \/>\n<meta name=\"twitter:card\" content=\"summary_large_image\" \/>\n<meta name=\"twitter:label1\" content=\"Tempo estimado de leitura\" \/>\n\t<meta name=\"twitter:data1\" content=\"5 minutos\" \/>\n<script type=\"application\/ld+json\" class=\"yoast-schema-graph\">{\"@context\":\"https:\\\/\\\/schema.org\",\"@graph\":[{\"@type\":\"WebPage\",\"@id\":\"https:\\\/\\\/fiuzawines.pt\\\/en\\\/compete-2020\\\/\",\"url\":\"https:\\\/\\\/fiuzawines.pt\\\/en\\\/compete-2020\\\/\",\"name\":\"Compete 2020 - Fiuza - Conhece-se Pela Casta\",\"isPartOf\":{\"@id\":\"https:\\\/\\\/fiuzawines.pt\\\/#website\"},\"datePublished\":\"2024-01-25T16:31:54+00:00\",\"dateModified\":\"2024-01-26T10:11:43+00:00\",\"description\":\"Venha conhecer os pr\u00e9mios dos vinhos Fiuza, bem como ler os artigos acerca dos nossos vinhos e da nossa marca.\",\"breadcrumb\":{\"@id\":\"https:\\\/\\\/fiuzawines.pt\\\/en\\\/compete-2020\\\/#breadcrumb\"},\"inLanguage\":\"pt-PT\",\"potentialAction\":[{\"@type\":\"ReadAction\",\"target\":[\"https:\\\/\\\/fiuzawines.pt\\\/en\\\/compete-2020\\\/\"]}]},{\"@type\":\"BreadcrumbList\",\"@id\":\"https:\\\/\\\/fiuzawines.pt\\\/en\\\/compete-2020\\\/#breadcrumb\",\"itemListElement\":[{\"@type\":\"ListItem\",\"position\":1,\"name\":\"In\u00edcio\",\"item\":\"https:\\\/\\\/fiuzawines.pt\\\/\"},{\"@type\":\"ListItem\",\"position\":2,\"name\":\"Compete 2020\"}]},{\"@type\":\"WebSite\",\"@id\":\"https:\\\/\\\/fiuzawines.pt\\\/#website\",\"url\":\"https:\\\/\\\/fiuzawines.pt\\\/\",\"name\":\"Fiuza - Conhece-se Pela Casta\",\"description\":\"\",\"publisher\":{\"@id\":\"https:\\\/\\\/fiuzawines.pt\\\/#organization\"},\"potentialAction\":[{\"@type\":\"SearchAction\",\"target\":{\"@type\":\"EntryPoint\",\"urlTemplate\":\"https:\\\/\\\/fiuzawines.pt\\\/?s={search_term_string}\"},\"query-input\":{\"@type\":\"PropertyValueSpecification\",\"valueRequired\":true,\"valueName\":\"search_term_string\"}}],\"inLanguage\":\"pt-PT\"},{\"@type\":\"Organization\",\"@id\":\"https:\\\/\\\/fiuzawines.pt\\\/#organization\",\"name\":\"Fiuza - Conhece-se Pela Casta\",\"url\":\"https:\\\/\\\/fiuzawines.pt\\\/\",\"logo\":{\"@type\":\"ImageObject\",\"inLanguage\":\"pt-PT\",\"@id\":\"https:\\\/\\\/fiuzawines.pt\\\/#\\\/schema\\\/logo\\\/image\\\/\",\"url\":\"https:\\\/\\\/fiuzawines.pt\\\/wp-content\\\/uploads\\\/2023\\\/05\\\/fiuza_logo.png\",\"contentUrl\":\"https:\\\/\\\/fiuzawines.pt\\\/wp-content\\\/uploads\\\/2023\\\/05\\\/fiuza_logo.png\",\"width\":132,\"height\":41,\"caption\":\"Fiuza - Conhece-se Pela Casta\"},\"image\":{\"@id\":\"https:\\\/\\\/fiuzawines.pt\\\/#\\\/schema\\\/logo\\\/image\\\/\"},\"sameAs\":[\"https:\\\/\\\/www.facebook.com\\\/fiuza.wines\"]}]}<\/script>\n<!-- \/ Yoast SEO plugin. -->","yoast_head_json":{"title":"Compete 2020 - Fiuza - Conhece-se Pela Casta","description":"Venha conhecer os pr\u00e9mios dos vinhos Fiuza, bem como ler os artigos acerca dos nossos vinhos e da nossa marca.","robots":{"index":"index","follow":"follow","max-snippet":"max-snippet:-1","max-image-preview":"max-image-preview:large","max-video-preview":"max-video-preview:-1"},"canonical":"https:\/\/fiuzawines.pt\/pt\/compete-2020\/","og_locale":"pt_PT","og_type":"article","og_title":"Compete 2020 - Fiuza - Conhece-se Pela Casta","og_description":"Venha conhecer os pr\u00e9mios dos vinhos Fiuza, bem como ler os artigos acerca dos nossos vinhos e da nossa marca.","og_url":"https:\/\/fiuzawines.pt\/pt\/compete-2020\/","og_site_name":"Fiuza - Conhece-se Pela Casta","article_publisher":"https:\/\/www.facebook.com\/fiuza.wines","article_modified_time":"2024-01-26T10:11:43+00:00","twitter_card":"summary_large_image","twitter_misc":{"Tempo estimado de leitura":"5 minutos"},"schema":{"@context":"https:\/\/schema.org","@graph":[{"@type":"WebPage","@id":"https:\/\/fiuzawines.pt\/en\/compete-2020\/","url":"https:\/\/fiuzawines.pt\/en\/compete-2020\/","name":"Compete 2020 - Fiuza - Conhece-se Pela Casta","isPartOf":{"@id":"https:\/\/fiuzawines.pt\/#website"},"datePublished":"2024-01-25T16:31:54+00:00","dateModified":"2024-01-26T10:11:43+00:00","description":"Venha conhecer os pr\u00e9mios dos vinhos Fiuza, bem como ler os artigos acerca dos nossos vinhos e da nossa marca.","breadcrumb":{"@id":"https:\/\/fiuzawines.pt\/en\/compete-2020\/#breadcrumb"},"inLanguage":"pt-PT","potentialAction":[{"@type":"ReadAction","target":["https:\/\/fiuzawines.pt\/en\/compete-2020\/"]}]},{"@type":"BreadcrumbList","@id":"https:\/\/fiuzawines.pt\/en\/compete-2020\/#breadcrumb","itemListElement":[{"@type":"ListItem","position":1,"name":"In\u00edcio","item":"https:\/\/fiuzawines.pt\/"},{"@type":"ListItem","position":2,"name":"Compete 2020"}]},{"@type":"WebSite","@id":"https:\/\/fiuzawines.pt\/#website","url":"https:\/\/fiuzawines.pt\/","name":"Fiuza - Conhece-se Pela Casta","description":"","publisher":{"@id":"https:\/\/fiuzawines.pt\/#organization"},"potentialAction":[{"@type":"SearchAction","target":{"@type":"EntryPoint","urlTemplate":"https:\/\/fiuzawines.pt\/?s={search_term_string}"},"query-input":{"@type":"PropertyValueSpecification","valueRequired":true,"valueName":"search_term_string"}}],"inLanguage":"pt-PT"},{"@type":"Organization","@id":"https:\/\/fiuzawines.pt\/#organization","name":"Fiuza - Conhece-se Pela Casta","url":"https:\/\/fiuzawines.pt\/","logo":{"@type":"ImageObject","inLanguage":"pt-PT","@id":"https:\/\/fiuzawines.pt\/#\/schema\/logo\/image\/","url":"https:\/\/fiuzawines.pt\/wp-content\/uploads\/2023\/05\/fiuza_logo.png","contentUrl":"https:\/\/fiuzawines.pt\/wp-content\/uploads\/2023\/05\/fiuza_logo.png","width":132,"height":41,"caption":"Fiuza - Conhece-se Pela Casta"},"image":{"@id":"https:\/\/fiuzawines.pt\/#\/schema\/logo\/image\/"},"sameAs":["https:\/\/www.facebook.com\/fiuza.wines"]}]}},"_links":{"self":[{"href":"https:\/\/fiuzawines.pt\/pt\/wp-json\/wp\/v2\/pages\/8445","targetHints":{"allow":["GET"]}}],"collection":[{"href":"https:\/\/fiuzawines.pt\/pt\/wp-json\/wp\/v2\/pages"}],"about":[{"href":"https:\/\/fiuzawines.pt\/pt\/wp-json\/wp\/v2\/types\/page"}],"author":[{"embeddable":true,"href":"https:\/\/fiuzawines.pt\/pt\/wp-json\/wp\/v2\/users\/1"}],"replies":[{"embeddable":true,"href":"https:\/\/fiuzawines.pt\/pt\/wp-json\/wp\/v2\/comments?post=8445"}],"version-history":[{"count":44,"href":"https:\/\/fiuzawines.pt\/pt\/wp-json\/wp\/v2\/pages\/8445\/revisions"}],"predecessor-version":[{"id":8517,"href":"https:\/\/fiuzawines.pt\/pt\/wp-json\/wp\/v2\/pages\/8445\/revisions\/8517"}],"wp:attachment":[{"href":"https:\/\/fiuzawines.pt\/pt\/wp-json\/wp\/v2\/media?parent=8445"}],"curies":[{"name":"wp","href":"https:\/\/api.w.org\/{rel}","templated":true}]}}