{"id":9581,"date":"2025-02-06T15:51:26","date_gmt":"2025-02-06T15:51:26","guid":{"rendered":"https:\/\/fiuzawines.pt\/?page_id=9581"},"modified":"2025-02-11T18:06:50","modified_gmt":"2025-02-11T18:06:50","slug":"grape-guru","status":"publish","type":"page","link":"https:\/\/fiuzawines.pt\/pl\/vinhos\/grape-guru\/","title":{"rendered":"Grape Guru"},"content":{"rendered":"<div data-elementor-type=\"wp-page\" data-elementor-id=\"9581\" class=\"elementor elementor-9581\" data-elementor-post-type=\"page\">\n\t\t\t\t\t\t<section class=\"elementor-section elementor-top-section elementor-element elementor-element-ee8ad3b elementor-section-full_width elementor-section-height-default elementor-section-height-default\" data-id=\"ee8ad3b\" data-element_type=\"section\" data-e-type=\"section\" data-settings=\"{&quot;background_background&quot;:&quot;classic&quot;}\">\n\t\t\t\t\t\t<div class=\"elementor-container elementor-column-gap-default\">\n\t\t\t\t\t<div class=\"elementor-column elementor-col-100 elementor-top-column elementor-element elementor-element-446ac53\" data-id=\"446ac53\" data-element_type=\"column\" data-e-type=\"column\">\n\t\t\t<div class=\"elementor-widget-wrap\">\n\t\t\t\t\t\t\t<\/div>\n\t\t<\/div>\n\t\t\t\t\t<\/div>\n\t\t<\/section>\n\t\t\t\t<section class=\"elementor-section elementor-top-section elementor-element elementor-element-d2cc0ac elementor-section-boxed elementor-section-height-default elementor-section-height-default\" data-id=\"d2cc0ac\" data-element_type=\"section\" data-e-type=\"section\">\n\t\t\t\t\t\t<div class=\"elementor-container elementor-column-gap-default\">\n\t\t\t\t\t<div class=\"elementor-column elementor-col-100 elementor-top-column elementor-element elementor-element-dc66ebf\" data-id=\"dc66ebf\" data-element_type=\"column\" data-e-type=\"column\">\n\t\t\t<div class=\"elementor-widget-wrap elementor-element-populated\">\n\t\t\t\t\t\t<div class=\"elementor-element elementor-element-1b038a2 elementor-widget elementor-widget-spacer\" data-id=\"1b038a2\" data-element_type=\"widget\" data-e-type=\"widget\" data-widget_type=\"spacer.default\">\n\t\t\t\t<div class=\"elementor-widget-container\">\n\t\t\t\t\t\t\t<div class=\"elementor-spacer\">\n\t\t\t<div class=\"elementor-spacer-inner\"><\/div>\n\t\t<\/div>\n\t\t\t\t\t\t<\/div>\n\t\t\t\t<\/div>\n\t\t\t\t<div class=\"elementor-element elementor-element-4b0dd11 elementor-widget elementor-widget-heading\" data-id=\"4b0dd11\" data-element_type=\"widget\" data-e-type=\"widget\" data-widget_type=\"heading.default\">\n\t\t\t\t<div class=\"elementor-widget-container\">\n\t\t\t\t\t<h2 class=\"elementor-heading-title elementor-size-default\">Grape Guru<\/h2>\t\t\t\t<\/div>\n\t\t\t\t<\/div>\n\t\t\t\t<div class=\"elementor-element elementor-element-9a0fff9 elementor-hidden-tablet elementor-hidden-mobile elementor-widget elementor-widget-spacer\" data-id=\"9a0fff9\" data-element_type=\"widget\" data-e-type=\"widget\" data-widget_type=\"spacer.default\">\n\t\t\t\t<div class=\"elementor-widget-container\">\n\t\t\t\t\t\t\t<div class=\"elementor-spacer\">\n\t\t\t<div class=\"elementor-spacer-inner\"><\/div>\n\t\t<\/div>\n\t\t\t\t\t\t<\/div>\n\t\t\t\t<\/div>\n\t\t\t\t\t<\/div>\n\t\t<\/div>\n\t\t\t\t\t<\/div>\n\t\t<\/section>\n\t\t\t\t<section class=\"elementor-section elementor-top-section elementor-element elementor-element-bcabb92 elementor-section-full_width elementor-section-height-default elementor-section-height-default\" data-id=\"bcabb92\" data-element_type=\"section\" data-e-type=\"section\">\n\t\t\t\t\t\t<div class=\"elementor-container elementor-column-gap-default\">\n\t\t\t\t\t<div class=\"elementor-column elementor-col-25 elementor-top-column elementor-element elementor-element-8150093 elementor-hidden-tablet elementor-hidden-mobile\" data-id=\"8150093\" data-element_type=\"column\" data-e-type=\"column\">\n\t\t\t<div class=\"elementor-widget-wrap\">\n\t\t\t\t\t\t\t<\/div>\n\t\t<\/div>\n\t\t\t\t<div class=\"elementor-column elementor-col-25 elementor-top-column elementor-element elementor-element-5f51f64\" data-id=\"5f51f64\" data-element_type=\"column\" data-e-type=\"column\">\n\t\t\t<div class=\"elementor-widget-wrap elementor-element-populated\">\n\t\t\t\t\t\t<div class=\"elementor-element elementor-element-3dafef4 elementor-widget elementor-widget-image\" data-id=\"3dafef4\" data-element_type=\"widget\" data-e-type=\"widget\" data-widget_type=\"image.default\">\n\t\t\t\t<div class=\"elementor-widget-container\">\n\t\t\t\t\t\t\t\t\t\t\t\t<figure class=\"wp-caption\">\n\t\t\t\t\t\t\t\t\t\t\t<a href=\"https:\/\/fiuzawines.pt\/pl\/vinhos\/grape-guru\/grape-guru-czerwone\/\">\n\t\t\t\t\t\t\t<img fetchpriority=\"high\" decoding=\"async\" width=\"521\" height=\"1024\" src=\"https:\/\/fiuzawines.pt\/wp-content\/uploads\/2025\/02\/Gama-Guru-Polonia-Site-Fiuza_Prancheta-1-521x1024.png\" class=\"attachment-large size-large wp-image-9586\" alt=\"\" srcset=\"https:\/\/fiuzawines.pt\/wp-content\/uploads\/2025\/02\/Gama-Guru-Polonia-Site-Fiuza_Prancheta-1-521x1024.png 521w, https:\/\/fiuzawines.pt\/wp-content\/uploads\/2025\/02\/Gama-Guru-Polonia-Site-Fiuza_Prancheta-1-153x300.png 153w, https:\/\/fiuzawines.pt\/wp-content\/uploads\/2025\/02\/Gama-Guru-Polonia-Site-Fiuza_Prancheta-1-768x1508.png 768w, https:\/\/fiuzawines.pt\/wp-content\/uploads\/2025\/02\/Gama-Guru-Polonia-Site-Fiuza_Prancheta-1-782x1536.png 782w, https:\/\/fiuzawines.pt\/wp-content\/uploads\/2025\/02\/Gama-Guru-Polonia-Site-Fiuza_Prancheta-1-1043x2048.png 1043w, https:\/\/fiuzawines.pt\/wp-content\/uploads\/2025\/02\/Gama-Guru-Polonia-Site-Fiuza_Prancheta-1-6x12.png 6w, https:\/\/fiuzawines.pt\/wp-content\/uploads\/2025\/02\/Gama-Guru-Polonia-Site-Fiuza_Prancheta-1-1568x3079.png 1568w, https:\/\/fiuzawines.pt\/wp-content\/uploads\/2025\/02\/Gama-Guru-Polonia-Site-Fiuza_Prancheta-1.png 1601w\" sizes=\"(max-width: 521px) 100vw, 521px\" style=\"width:100%;height:196.38%;max-width:1601px\" \/>\t\t\t\t\t\t\t\t<\/a>\n\t\t\t\t\t\t\t\t\t\t\t<figcaption class=\"widget-image-caption wp-caption-text\">Grape Guru Czerwone<\/figcaption>\n\t\t\t\t\t\t\t\t\t\t<\/figure>\n\t\t\t\t\t\t\t\t\t<\/div>\n\t\t\t\t<\/div>\n\t\t\t\t\t<\/div>\n\t\t<\/div>\n\t\t\t\t<div class=\"elementor-column elementor-col-25 elementor-top-column elementor-element elementor-element-3c636eb\" data-id=\"3c636eb\" data-element_type=\"column\" data-e-type=\"column\">\n\t\t\t<div class=\"elementor-widget-wrap elementor-element-populated\">\n\t\t\t\t\t\t<div class=\"elementor-element elementor-element-a50c1f4 elementor-widget elementor-widget-image\" data-id=\"a50c1f4\" data-element_type=\"widget\" data-e-type=\"widget\" data-widget_type=\"image.default\">\n\t\t\t\t<div class=\"elementor-widget-container\">\n\t\t\t\t\t\t\t\t\t\t\t\t<figure class=\"wp-caption\">\n\t\t\t\t\t\t\t\t\t\t\t<a href=\"https:\/\/fiuzawines.pt\/pl\/vinhos\/grape-guru\/grape-guru-biale\/\">\n\t\t\t\t\t\t\t<img decoding=\"async\" width=\"521\" height=\"1024\" src=\"https:\/\/fiuzawines.pt\/wp-content\/uploads\/2025\/02\/Gama-Guru-Polonia-Site-Fiuza-02-521x1024.png\" class=\"attachment-large size-large wp-image-9542\" alt=\"\" srcset=\"https:\/\/fiuzawines.pt\/wp-content\/uploads\/2025\/02\/Gama-Guru-Polonia-Site-Fiuza-02-521x1024.png 521w, https:\/\/fiuzawines.pt\/wp-content\/uploads\/2025\/02\/Gama-Guru-Polonia-Site-Fiuza-02-153x300.png 153w, https:\/\/fiuzawines.pt\/wp-content\/uploads\/2025\/02\/Gama-Guru-Polonia-Site-Fiuza-02-768x1508.png 768w, https:\/\/fiuzawines.pt\/wp-content\/uploads\/2025\/02\/Gama-Guru-Polonia-Site-Fiuza-02-782x1536.png 782w, https:\/\/fiuzawines.pt\/wp-content\/uploads\/2025\/02\/Gama-Guru-Polonia-Site-Fiuza-02-1043x2048.png 1043w, https:\/\/fiuzawines.pt\/wp-content\/uploads\/2025\/02\/Gama-Guru-Polonia-Site-Fiuza-02-6x12.png 6w, https:\/\/fiuzawines.pt\/wp-content\/uploads\/2025\/02\/Gama-Guru-Polonia-Site-Fiuza-02-1568x3079.png 1568w, https:\/\/fiuzawines.pt\/wp-content\/uploads\/2025\/02\/Gama-Guru-Polonia-Site-Fiuza-02.png 1601w\" sizes=\"(max-width: 521px) 100vw, 521px\" style=\"width:100%;height:196.38%;max-width:1601px\" \/>\t\t\t\t\t\t\t\t<\/a>\n\t\t\t\t\t\t\t\t\t\t\t<figcaption class=\"widget-image-caption wp-caption-text\">Grape Guru Bia\u0142e<\/figcaption>\n\t\t\t\t\t\t\t\t\t\t<\/figure>\n\t\t\t\t\t\t\t\t\t<\/div>\n\t\t\t\t<\/div>\n\t\t\t\t\t<\/div>\n\t\t<\/div>\n\t\t\t\t<div class=\"elementor-column elementor-col-25 elementor-top-column elementor-element elementor-element-44495b7\" data-id=\"44495b7\" data-element_type=\"column\" data-e-type=\"column\">\n\t\t\t<div class=\"elementor-widget-wrap\">\n\t\t\t\t\t\t\t<\/div>\n\t\t<\/div>\n\t\t\t\t\t<\/div>\n\t\t<\/section>\n\t\t\t\t<section class=\"elementor-section elementor-top-section elementor-element elementor-element-e04f4c4 elementor-section-full_width elementor-section-height-default elementor-section-height-default\" data-id=\"e04f4c4\" data-element_type=\"section\" data-e-type=\"section\">\n\t\t\t\t\t\t<div class=\"elementor-container elementor-column-gap-default\">\n\t\t\t\t\t<div class=\"elementor-column elementor-col-100 elementor-top-column elementor-element elementor-element-7f52c37d\" data-id=\"7f52c37d\" data-element_type=\"column\" data-e-type=\"column\">\n\t\t\t<div class=\"elementor-widget-wrap elementor-element-populated\">\n\t\t\t\t\t\t<div class=\"elementor-element elementor-element-6e8ba8b9 elementor-hidden-laptop elementor-hidden-tablet elementor-hidden-mobile elementor-widget elementor-widget-elementskit-back-to-top\" data-id=\"6e8ba8b9\" data-element_type=\"widget\" data-e-type=\"widget\" data-widget_type=\"elementskit-back-to-top.default\">\n\t\t\t\t<div class=\"elementor-widget-container\">\n\t\t\t\t\t<div class=\"ekit-wid-con\" >\t\t\t<div class=\"ekit-back-to-top-container ekit-btt icon_only\" data-settings=\"{&quot;offset_top&quot;:0,&quot;show_after&quot;:null,&quot;show_scroll&quot;:&quot;&quot;,&quot;style&quot;:&quot;icon_only&quot;,&quot;foreground&quot;:null,&quot;background&quot;:null}\"> \n\t\t\t\t<span class=\"ekit-btt__button\">\n\t\t\t\t\t<i aria-hidden=\"true\" class=\"fas fa-arrow-circle-up\"><\/i>\t\t\t\t<\/span>\n\t\t\t<\/div>\n\t\t<\/div>\t\t\t\t<\/div>\n\t\t\t\t<\/div>\n\t\t\t\t<div class=\"elementor-element elementor-element-39a06cf7 elementor-hidden-desktop elementor-hidden-laptop elementor-widget elementor-widget-elementskit-back-to-top\" data-id=\"39a06cf7\" data-element_type=\"widget\" data-e-type=\"widget\" data-widget_type=\"elementskit-back-to-top.default\">\n\t\t\t\t<div class=\"elementor-widget-container\">\n\t\t\t\t\t<div class=\"ekit-wid-con\" >\t\t\t<div class=\"ekit-back-to-top-container ekit-btt icon_only\" data-settings=\"{&quot;offset_top&quot;:0,&quot;show_after&quot;:null,&quot;show_scroll&quot;:&quot;&quot;,&quot;style&quot;:&quot;icon_only&quot;,&quot;foreground&quot;:null,&quot;background&quot;:null}\"> \n\t\t\t\t<span class=\"ekit-btt__button\">\n\t\t\t\t\t<i aria-hidden=\"true\" class=\"fas fa-arrow-circle-up\"><\/i>\t\t\t\t<\/span>\n\t\t\t<\/div>\n\t\t<\/div>\t\t\t\t<\/div>\n\t\t\t\t<\/div>\n\t\t\t\t\t<\/div>\n\t\t<\/div>\n\t\t\t\t\t<\/div>\n\t\t<\/section>\n\t\t\t\t<\/div>","protected":false},"excerpt":{"rendered":"<p>Grape Guru Grape Guru Tinto Grape Guru Branco<\/p>","protected":false},"author":1,"featured_media":0,"parent":8,"menu_order":0,"comment_status":"closed","ping_status":"closed","template":"","meta":{"_monsterinsights_skip_tracking":false,"_monsterinsights_sitenote_active":false,"_monsterinsights_sitenote_note":"","_monsterinsights_sitenote_category":0,"footnotes":""},"class_list":["post-9581","page","type-page","status-publish","hentry","entry"],"yoast_head":"<!-- This site is optimized with the Yoast SEO plugin v27.4 - https:\/\/yoast.com\/product\/yoast-seo-wordpress\/ -->\n<title>Grape Guru - Fiuza - Conhece-se Pela Casta<\/title>\n<meta name=\"description\" content=\"Nie jeste\u015bmy tylko kolejn\u0105 mark\u0105 wina. Grape Guru wywo\u0142uje u\u015bmiechy! Winem nale\u017cy si\u0119 cieszy\u0107, a nie nad nim rozmy\u015bla\u0107. Nie musisz by\u0107 ekspertem, aby delektowa\u0107 si\u0119 wspania\u0142ym kieliszkiem - Grape Guru dostarczy ci porad i wskaz\u00f3wek.\" \/>\n<meta name=\"robots\" content=\"index, follow, max-snippet:-1, max-image-preview:large, max-video-preview:-1\" \/>\n<link rel=\"canonical\" href=\"https:\/\/fiuzawines.pt\/pl\/vinhos\/grape-guru\/\" \/>\n<meta property=\"og:locale\" content=\"pl_PL\" \/>\n<meta property=\"og:type\" content=\"article\" \/>\n<meta property=\"og:title\" content=\"Grape Guru - Fiuza - Conhece-se Pela Casta\" \/>\n<meta property=\"og:description\" content=\"Nie jeste\u015bmy tylko kolejn\u0105 mark\u0105 wina. Grape Guru wywo\u0142uje u\u015bmiechy! Winem nale\u017cy si\u0119 cieszy\u0107, a nie nad nim rozmy\u015bla\u0107. Nie musisz by\u0107 ekspertem, aby delektowa\u0107 si\u0119 wspania\u0142ym kieliszkiem - Grape Guru dostarczy ci porad i wskaz\u00f3wek.\" \/>\n<meta property=\"og:url\" content=\"https:\/\/fiuzawines.pt\/pl\/vinhos\/grape-guru\/\" \/>\n<meta property=\"og:site_name\" content=\"Fiuza - Conhece-se Pela Casta\" \/>\n<meta property=\"article:publisher\" content=\"https:\/\/www.facebook.com\/fiuza.wines\" \/>\n<meta property=\"article:modified_time\" content=\"2025-02-11T18:06:50+00:00\" \/>\n<meta property=\"og:image\" content=\"https:\/\/fiuzawines.pt\/wp-content\/uploads\/2025\/02\/Gama-Guru-Polonia-Site-Fiuza_Prancheta-1-521x1024.png\" \/>\n<meta name=\"twitter:card\" content=\"summary_large_image\" \/>\n<meta name=\"twitter:label1\" content=\"Szacowany czas czytania\" \/>\n\t<meta name=\"twitter:data1\" content=\"1 minuta\" \/>\n<script type=\"application\/ld+json\" class=\"yoast-schema-graph\">{\"@context\":\"https:\\\/\\\/schema.org\",\"@graph\":[{\"@type\":\"WebPage\",\"@id\":\"https:\\\/\\\/fiuzawines.pt\\\/vinhos\\\/grape-guru\\\/\",\"url\":\"https:\\\/\\\/fiuzawines.pt\\\/vinhos\\\/grape-guru\\\/\",\"name\":\"Grape Guru - Fiuza - Conhece-se Pela Casta\",\"isPartOf\":{\"@id\":\"https:\\\/\\\/fiuzawines.pt\\\/#website\"},\"primaryImageOfPage\":{\"@id\":\"https:\\\/\\\/fiuzawines.pt\\\/vinhos\\\/grape-guru\\\/#primaryimage\"},\"image\":{\"@id\":\"https:\\\/\\\/fiuzawines.pt\\\/vinhos\\\/grape-guru\\\/#primaryimage\"},\"thumbnailUrl\":\"https:\\\/\\\/fiuzawines.pt\\\/wp-content\\\/uploads\\\/2025\\\/02\\\/Gama-Guru-Polonia-Site-Fiuza_Prancheta-1-521x1024.png\",\"datePublished\":\"2025-02-06T15:51:26+00:00\",\"dateModified\":\"2025-02-11T18:06:50+00:00\",\"description\":\"Nie jeste\u015bmy tylko kolejn\u0105 mark\u0105 wina. Grape Guru wywo\u0142uje u\u015bmiechy! Winem nale\u017cy si\u0119 cieszy\u0107, a nie nad nim rozmy\u015bla\u0107. Nie musisz by\u0107 ekspertem, aby delektowa\u0107 si\u0119 wspania\u0142ym kieliszkiem - Grape Guru dostarczy ci porad i wskaz\u00f3wek.\",\"breadcrumb\":{\"@id\":\"https:\\\/\\\/fiuzawines.pt\\\/vinhos\\\/grape-guru\\\/#breadcrumb\"},\"inLanguage\":\"pl-PL\",\"potentialAction\":[{\"@type\":\"ReadAction\",\"target\":[\"https:\\\/\\\/fiuzawines.pt\\\/vinhos\\\/grape-guru\\\/\"]}]},{\"@type\":\"ImageObject\",\"inLanguage\":\"pl-PL\",\"@id\":\"https:\\\/\\\/fiuzawines.pt\\\/vinhos\\\/grape-guru\\\/#primaryimage\",\"url\":\"https:\\\/\\\/fiuzawines.pt\\\/wp-content\\\/uploads\\\/2025\\\/02\\\/Gama-Guru-Polonia-Site-Fiuza_Prancheta-1-521x1024.png\",\"contentUrl\":\"https:\\\/\\\/fiuzawines.pt\\\/wp-content\\\/uploads\\\/2025\\\/02\\\/Gama-Guru-Polonia-Site-Fiuza_Prancheta-1-521x1024.png\"},{\"@type\":\"BreadcrumbList\",\"@id\":\"https:\\\/\\\/fiuzawines.pt\\\/vinhos\\\/grape-guru\\\/#breadcrumb\",\"itemListElement\":[{\"@type\":\"ListItem\",\"position\":1,\"name\":\"In\u00edcio\",\"item\":\"https:\\\/\\\/fiuzawines.pt\\\/\"},{\"@type\":\"ListItem\",\"position\":2,\"name\":\"Vinhos\",\"item\":\"https:\\\/\\\/fiuzawines.pt\\\/en\\\/vinhos\\\/\"},{\"@type\":\"ListItem\",\"position\":3,\"name\":\"Grape Guru\"}]},{\"@type\":\"WebSite\",\"@id\":\"https:\\\/\\\/fiuzawines.pt\\\/#website\",\"url\":\"https:\\\/\\\/fiuzawines.pt\\\/\",\"name\":\"Fiuza - Conhece-se Pela Casta\",\"description\":\"\",\"publisher\":{\"@id\":\"https:\\\/\\\/fiuzawines.pt\\\/#organization\"},\"potentialAction\":[{\"@type\":\"SearchAction\",\"target\":{\"@type\":\"EntryPoint\",\"urlTemplate\":\"https:\\\/\\\/fiuzawines.pt\\\/?s={search_term_string}\"},\"query-input\":{\"@type\":\"PropertyValueSpecification\",\"valueRequired\":true,\"valueName\":\"search_term_string\"}}],\"inLanguage\":\"pl-PL\"},{\"@type\":\"Organization\",\"@id\":\"https:\\\/\\\/fiuzawines.pt\\\/#organization\",\"name\":\"Fiuza - Conhece-se Pela Casta\",\"url\":\"https:\\\/\\\/fiuzawines.pt\\\/\",\"logo\":{\"@type\":\"ImageObject\",\"inLanguage\":\"pl-PL\",\"@id\":\"https:\\\/\\\/fiuzawines.pt\\\/#\\\/schema\\\/logo\\\/image\\\/\",\"url\":\"https:\\\/\\\/fiuzawines.pt\\\/wp-content\\\/uploads\\\/2023\\\/05\\\/fiuza_logo.png\",\"contentUrl\":\"https:\\\/\\\/fiuzawines.pt\\\/wp-content\\\/uploads\\\/2023\\\/05\\\/fiuza_logo.png\",\"width\":132,\"height\":41,\"caption\":\"Fiuza - Conhece-se Pela Casta\"},\"image\":{\"@id\":\"https:\\\/\\\/fiuzawines.pt\\\/#\\\/schema\\\/logo\\\/image\\\/\"},\"sameAs\":[\"https:\\\/\\\/www.facebook.com\\\/fiuza.wines\"]}]}<\/script>\n<!-- \/ Yoast SEO plugin. -->","yoast_head_json":{"title":"Grape Guru - Fiuza - Conhece-se Pela Casta","description":"Nie jeste\u015bmy tylko kolejn\u0105 mark\u0105 wina. Grape Guru wywo\u0142uje u\u015bmiechy! Winem nale\u017cy si\u0119 cieszy\u0107, a nie nad nim rozmy\u015bla\u0107. Nie musisz by\u0107 ekspertem, aby delektowa\u0107 si\u0119 wspania\u0142ym kieliszkiem - Grape Guru dostarczy ci porad i wskaz\u00f3wek.","robots":{"index":"index","follow":"follow","max-snippet":"max-snippet:-1","max-image-preview":"max-image-preview:large","max-video-preview":"max-video-preview:-1"},"canonical":"https:\/\/fiuzawines.pt\/pl\/vinhos\/grape-guru\/","og_locale":"pl_PL","og_type":"article","og_title":"Grape Guru - Fiuza - Conhece-se Pela Casta","og_description":"Nie jeste\u015bmy tylko kolejn\u0105 mark\u0105 wina. Grape Guru wywo\u0142uje u\u015bmiechy! Winem nale\u017cy si\u0119 cieszy\u0107, a nie nad nim rozmy\u015bla\u0107. Nie musisz by\u0107 ekspertem, aby delektowa\u0107 si\u0119 wspania\u0142ym kieliszkiem - Grape Guru dostarczy ci porad i wskaz\u00f3wek.","og_url":"https:\/\/fiuzawines.pt\/pl\/vinhos\/grape-guru\/","og_site_name":"Fiuza - Conhece-se Pela Casta","article_publisher":"https:\/\/www.facebook.com\/fiuza.wines","article_modified_time":"2025-02-11T18:06:50+00:00","og_image":[{"url":"https:\/\/fiuzawines.pt\/wp-content\/uploads\/2025\/02\/Gama-Guru-Polonia-Site-Fiuza_Prancheta-1-521x1024.png","type":"","width":"","height":""}],"twitter_card":"summary_large_image","twitter_misc":{"Szacowany czas czytania":"1 minuta"},"schema":{"@context":"https:\/\/schema.org","@graph":[{"@type":"WebPage","@id":"https:\/\/fiuzawines.pt\/vinhos\/grape-guru\/","url":"https:\/\/fiuzawines.pt\/vinhos\/grape-guru\/","name":"Grape Guru - Fiuza - Conhece-se Pela Casta","isPartOf":{"@id":"https:\/\/fiuzawines.pt\/#website"},"primaryImageOfPage":{"@id":"https:\/\/fiuzawines.pt\/vinhos\/grape-guru\/#primaryimage"},"image":{"@id":"https:\/\/fiuzawines.pt\/vinhos\/grape-guru\/#primaryimage"},"thumbnailUrl":"https:\/\/fiuzawines.pt\/wp-content\/uploads\/2025\/02\/Gama-Guru-Polonia-Site-Fiuza_Prancheta-1-521x1024.png","datePublished":"2025-02-06T15:51:26+00:00","dateModified":"2025-02-11T18:06:50+00:00","description":"Nie jeste\u015bmy tylko kolejn\u0105 mark\u0105 wina. Grape Guru wywo\u0142uje u\u015bmiechy! Winem nale\u017cy si\u0119 cieszy\u0107, a nie nad nim rozmy\u015bla\u0107. Nie musisz by\u0107 ekspertem, aby delektowa\u0107 si\u0119 wspania\u0142ym kieliszkiem - Grape Guru dostarczy ci porad i wskaz\u00f3wek.","breadcrumb":{"@id":"https:\/\/fiuzawines.pt\/vinhos\/grape-guru\/#breadcrumb"},"inLanguage":"pl-PL","potentialAction":[{"@type":"ReadAction","target":["https:\/\/fiuzawines.pt\/vinhos\/grape-guru\/"]}]},{"@type":"ImageObject","inLanguage":"pl-PL","@id":"https:\/\/fiuzawines.pt\/vinhos\/grape-guru\/#primaryimage","url":"https:\/\/fiuzawines.pt\/wp-content\/uploads\/2025\/02\/Gama-Guru-Polonia-Site-Fiuza_Prancheta-1-521x1024.png","contentUrl":"https:\/\/fiuzawines.pt\/wp-content\/uploads\/2025\/02\/Gama-Guru-Polonia-Site-Fiuza_Prancheta-1-521x1024.png"},{"@type":"BreadcrumbList","@id":"https:\/\/fiuzawines.pt\/vinhos\/grape-guru\/#breadcrumb","itemListElement":[{"@type":"ListItem","position":1,"name":"In\u00edcio","item":"https:\/\/fiuzawines.pt\/"},{"@type":"ListItem","position":2,"name":"Vinhos","item":"https:\/\/fiuzawines.pt\/en\/vinhos\/"},{"@type":"ListItem","position":3,"name":"Grape Guru"}]},{"@type":"WebSite","@id":"https:\/\/fiuzawines.pt\/#website","url":"https:\/\/fiuzawines.pt\/","name":"Fiuza - Conhece-se Pela Casta","description":"","publisher":{"@id":"https:\/\/fiuzawines.pt\/#organization"},"potentialAction":[{"@type":"SearchAction","target":{"@type":"EntryPoint","urlTemplate":"https:\/\/fiuzawines.pt\/?s={search_term_string}"},"query-input":{"@type":"PropertyValueSpecification","valueRequired":true,"valueName":"search_term_string"}}],"inLanguage":"pl-PL"},{"@type":"Organization","@id":"https:\/\/fiuzawines.pt\/#organization","name":"Fiuza - Conhece-se Pela Casta","url":"https:\/\/fiuzawines.pt\/","logo":{"@type":"ImageObject","inLanguage":"pl-PL","@id":"https:\/\/fiuzawines.pt\/#\/schema\/logo\/image\/","url":"https:\/\/fiuzawines.pt\/wp-content\/uploads\/2023\/05\/fiuza_logo.png","contentUrl":"https:\/\/fiuzawines.pt\/wp-content\/uploads\/2023\/05\/fiuza_logo.png","width":132,"height":41,"caption":"Fiuza - Conhece-se Pela Casta"},"image":{"@id":"https:\/\/fiuzawines.pt\/#\/schema\/logo\/image\/"},"sameAs":["https:\/\/www.facebook.com\/fiuza.wines"]}]}},"_links":{"self":[{"href":"https:\/\/fiuzawines.pt\/pl\/wp-json\/wp\/v2\/pages\/9581","targetHints":{"allow":["GET"]}}],"collection":[{"href":"https:\/\/fiuzawines.pt\/pl\/wp-json\/wp\/v2\/pages"}],"about":[{"href":"https:\/\/fiuzawines.pt\/pl\/wp-json\/wp\/v2\/types\/page"}],"author":[{"embeddable":true,"href":"https:\/\/fiuzawines.pt\/pl\/wp-json\/wp\/v2\/users\/1"}],"replies":[{"embeddable":true,"href":"https:\/\/fiuzawines.pt\/pl\/wp-json\/wp\/v2\/comments?post=9581"}],"version-history":[{"count":22,"href":"https:\/\/fiuzawines.pt\/pl\/wp-json\/wp\/v2\/pages\/9581\/revisions"}],"predecessor-version":[{"id":9664,"href":"https:\/\/fiuzawines.pt\/pl\/wp-json\/wp\/v2\/pages\/9581\/revisions\/9664"}],"up":[{"embeddable":true,"href":"https:\/\/fiuzawines.pt\/pl\/wp-json\/wp\/v2\/pages\/8"}],"wp:attachment":[{"href":"https:\/\/fiuzawines.pt\/pl\/wp-json\/wp\/v2\/media?parent=9581"}],"curies":[{"name":"wp","href":"https:\/\/api.w.org\/{rel}","templated":true}]}}