{"id":8529,"date":"2024-03-05T16:01:02","date_gmt":"2024-03-05T16:01:02","guid":{"rendered":"https:\/\/fiuzawines.pt\/?page_id=8529"},"modified":"2024-03-05T16:41:05","modified_gmt":"2024-03-05T16:41:05","slug":"politica-de-privacidade-e-de-cookies","status":"publish","type":"page","link":"https:\/\/fiuzawines.pt\/pl\/politica-de-privacidade-e-de-cookies\/","title":{"rendered":"Pol\u00edtica de Privacidade e de Cookies"},"content":{"rendered":"<div data-elementor-type=\"wp-page\" data-elementor-id=\"8529\" class=\"elementor elementor-8529\" data-elementor-post-type=\"page\">\n\t\t\t\t\t\t<section class=\"elementor-section elementor-top-section elementor-element elementor-element-40cb6a2f elementor-section-full_width elementor-section-height-min-height elementor-section-content-middle elementor-section-height-default elementor-section-items-middle\" data-id=\"40cb6a2f\" data-element_type=\"section\" data-e-type=\"section\" data-settings=\"{&quot;background_background&quot;:&quot;classic&quot;}\">\n\t\t\t\t\t\t<div class=\"elementor-container elementor-column-gap-default\">\n\t\t\t\t\t<div class=\"elementor-column elementor-col-100 elementor-top-column elementor-element elementor-element-461c89f\" data-id=\"461c89f\" data-element_type=\"column\" data-e-type=\"column\">\n\t\t\t<div class=\"elementor-widget-wrap elementor-element-populated\">\n\t\t\t\t\t\t<div class=\"elementor-element elementor-element-06868cf elementor-widget elementor-widget-heading\" data-id=\"06868cf\" data-element_type=\"widget\" data-e-type=\"widget\" data-widget_type=\"heading.default\">\n\t\t\t\t<div class=\"elementor-widget-container\">\n\t\t\t\t\t<h2 class=\"elementor-heading-title elementor-size-default\">Pol\u00edtica de privacidade, <br>prote\u00e7\u00e3o de dados pessoais e de cookies<\/h2>\t\t\t\t<\/div>\n\t\t\t\t<\/div>\n\t\t\t\t<div class=\"elementor-element elementor-element-b6fc8c9 elementor-widget elementor-widget-text-editor\" data-id=\"b6fc8c9\" data-element_type=\"widget\" data-e-type=\"widget\" data-widget_type=\"text-editor.default\">\n\t\t\t\t<div class=\"elementor-widget-container\">\n\t\t\t\t\t\t\t\t\t<p><b>A PROTE\u00c7\u00c3O DOS DADOS PESSOAIS<\/b><\/p><p>Os seus dados pessoais ser\u00e3o tratados de acordo com as exig\u00eancias do Regulamento (UE) n.\u00ba 2016\/769 do Parlamento Europeu e do Conselho, de 27 de Abril de 2016 relativo \u00e0 prote\u00e7\u00e3o das pessoas singulares no que diz respeito ao tratamento de dados pessoais e \u00e0 livre circula\u00e7\u00e3o desses dados, e que revoga a Diretiva n.\u00ba 95\/46\/CE (doravante, \u201cRGPD\u201d).<\/p><p><b>\u00a0<\/b><\/p><p><b>RESPONS\u00c1VEL PELO TRATAMENTO:<\/b><\/p><p>O Respons\u00e1vel pelo Tratamento dos dados pessoais que disponibiliza \u00e9 Fiuza &amp; Bright \u2013 Sociedade Vitivin\u00edcola, Lda. com os seguintes contactos:<\/p><p>Morada: Travessa do Vareta, n\u00ba11, 2080 \u2013 184 Almeirim<\/p><p class=\"translation-block\">N\u00famero de identifica\u00e7\u00e3o fiscal: 503332496<br>Telefone\/fax: &nbsp;243 597&nbsp;491&nbsp;<br>Endere\u00e7o de email: info@fiuzabright.pt<\/p><p><b>\u00a0<\/b><\/p><p><b>ENCARREGADO DE PROTE\u00c7\u00c3O DE DADOS:<\/b><\/p><p>Morada: Travessa do Vareta, n\u00ba11, 2080 \u2013 184 Almeirim<br \/>Telefone\/fax: \u00a0243 597\u00a0491\u00a0<br \/>Endere\u00e7o de email: info@fiuzabright.pt<\/p><p><b>\u00a0<\/b><\/p><p><b>FINALIDADES E FUNDAMENTOS JUR\u00cdDICOS PARA O TRATAMENTO DOS DADOS PESSOAIS:<\/b><\/p><p>Quando acede ao\u00a0website\u00a0de Fiuza, recolhemos os seus dados pessoais e procedemos ao tratamento dos mesmos de acordo com as seguintes finalidades\/fundamentos jur\u00eddicos:<\/p><p><b><br \/>DADOS DE CLIENTES\u00a0<\/b><\/p><p class=\"translation-block\"><b>FINALIDADE:&nbsp;<\/b>Abertura de cliente, contato, encomendas, fatura\u00e7\u00e3o, cobran\u00e7a e envio de comunica\u00e7\u00f5es comerciais e\/ou de marketing<b><br>FUNDAMENTO JUR\u00cdDICO:&nbsp;<\/b>Rela\u00e7\u00e3o pr\u00e9-contratual e contratual, cumprimento de obriga\u00e7\u00f5es legais e interesses leg\u00edtimos do Respons\u00e1vel pelo Tratamento<b><br>CATEGORIA DE DADOS A TRATAR:&nbsp;<\/b>Dados de identifica\u00e7\u00e3o e outros dados eventualmente facultados.<\/p><p><b><br \/>DADOS DE FORNECEDORES<\/b><\/p><p class=\"translation-block\"><b>FINALIDADE:&nbsp;<\/b>Abertura de fornecedor, contacto, encomendas, fatura\u00e7\u00e3o e cobran\u00e7a<b><br>FUNDAMENTO JUR\u00cdDICO:&nbsp;<\/b>Rela\u00e7\u00e3o pr\u00e9-contratual e contratual, cumprimento de obriga\u00e7\u00f5es legais e interesses leg\u00edtimos do Respons\u00e1vel pelo Tratamento<b><br>CATEGORIA DE DADOS A TRATAR:&nbsp;<\/b>Dados de identifica\u00e7\u00e3o e outros dados eventualmente facultados.<\/p><p><b>\u00a0<\/b><\/p><p><b>ENVIO DE CANDIDATURAS\u00a0<\/b><\/p><p class=\"translation-block\"><b>FINALIDADE:&nbsp;<\/b>An\u00e1lise \u00e0s candidaturas enviadas.<b><br>FUNDAMENTO JUR\u00cdDICO:&nbsp;<\/b>Dilig\u00eancias pr\u00e9-contratuais a pedido do titular dos dados; Interesses leg\u00edtimos do Respons\u00e1vel pelo Tratamento (designadamente, interesse em analisar as candidaturas e interesse em contratar).<b><br>CATEGORIA DE DADOS A TRATAR:&nbsp;<\/b>Dados de identifica\u00e7\u00e3o; habilita\u00e7\u00f5es acad\u00e9micas; dados da atividade profissional; outros dados facultados.<\/p><p><b>\u00a0<\/b><\/p><p><b>ENVIO DE CONTATO ATRAV\u00c9S DO WEBSITE<\/b><\/p><p class=\"translation-block\"><b>FINALIDADE:&nbsp;<\/b>Gest\u00e3o dos pedidos de contacto feitos atrav\u00e9s de website.<b><br>FUNDAMENTO JUR\u00cdDICO:&nbsp;<\/b>Dilig\u00eancias pr\u00e9-contratuais a pedido do titular dos dados; Interesses leg\u00edtimos do Respons\u00e1vel pelo Tratamento (designadamente, interesse em responder aos pedidos de contacto) e consentimento.<b><br>CATEGORIA DE DADOS A TRATAR:&nbsp;<\/b>Dados de identifica\u00e7\u00e3o; outros dados eventualmente facultados.<\/p><p><b><br \/>OUTRAS SOLICITA\u00c7\u00d5ES<\/b><\/p><p class=\"translation-block\"><b>FINALIDADE:&nbsp;<\/b>Gest\u00e3o das diferentes solicita\u00e7\u00f5es ou pedidos de informa\u00e7\u00f5es gerais recebidas atrav\u00e9s do website ou do email da Respons\u00e1vel pelo Tratamento.<b><br>FUNDAMENTO JUR\u00cdDICO:&nbsp;<\/b>Dilig\u00eancias pr\u00e9-contratuais a pedido do titular dos dados; Interesses leg\u00edtimos do Respons\u00e1vel pelo Tratamento (designadamente, interesse em responder \u00e0s solicita\u00e7\u00f5es enviadas).<b><br>CATEGORIA DE DADOS A TRATAR:&nbsp;<\/b>Dados de identifica\u00e7\u00e3o; outros dados eventualmente facultados.<\/p><p><b>\u00a0<\/b><\/p><p><b>CAPTA\u00c7\u00c3O DE IMAGEM E SOM DE EVENTOS P\u00daBLICOS OU PRIVADOS<\/b><\/p><p class=\"translation-block\"><b>FINALIDADE:&nbsp;<\/b>Registo dos eventos promovidos pela Respons\u00e1vel pelo Tratamento e divulga\u00e7\u00e3o de informa\u00e7\u00e3o promocional \/ reporte comercial.<b><br>FUNDAMENTO JUR\u00cdDICO:&nbsp;<\/b>Interesses leg\u00edtimos do Respons\u00e1vel pelo Tratamento e consentimento (nos eventos privados)<b><br>CATEGORIA DE DADOS A TRATAR:&nbsp;<\/b>Imagem e som dos titulares dos dados<\/p><p><b>\u00a0<\/b><\/p><p><b>A\u00c7\u00d5ES PROMOCIONAIS<\/b><\/p><p class=\"translation-block\"><b>FINALIDADE:&nbsp;<\/b>Envio de a\u00e7\u00f5es de marketing informativas e\/ou promocionais<b><br>FUNDAMENTO JUR\u00cdDICO:&nbsp;<\/b>Interesses dos titulares participar em participar em a\u00e7\u00f5es promocionais, interesses leg\u00edtimos do Respons\u00e1vel pelo Tratamento (designadamente de conhecimento dos elementos de contacto e das prefer\u00eancias de consumo dos titulares, para melhor dirigir a comunica\u00e7\u00e3o promocional) e consentimento<b><br>CATEGORIA DE DADOS A TRATAR:&nbsp;<\/b>Nome, endere\u00e7o de e-mail\/morada e telefone<\/p><p><b>\u00a0<\/b><\/p><p><b>PRAZO DE CONSERVA\u00c7\u00c3O DOS DADOS PESSOAIS:<\/b><\/p><p>Os dados pessoais ser\u00e3o tratados durante o per\u00edodo legalmente necess\u00e1rio para a prossecu\u00e7\u00e3o das finalidades descritas ou enquanto n\u00e3o for exercido o direito de oposi\u00e7\u00e3o ou retirado o consentimento que legitima o tratamento, consoante o caso.<\/p><p>Para tal, ter-se-\u00e3o em considera\u00e7\u00e3o v\u00e1rios fatores, como o prazo de vig\u00eancia do contrato celebrado ou a celebrar com Fiuza, o tempo necess\u00e1rio para responder \u00e0s suas solicita\u00e7\u00f5es e as obriga\u00e7\u00f5es legalmente impostas \u00e0 Fiuza, bem como a dura\u00e7\u00e3o dos interesses leg\u00edtimos de Fiuza.<\/p><p>Fiuza compromete-se a n\u00e3o conservar os seus dados para al\u00e9m do per\u00edodo legalmente exigido, mas poder\u00e1 conservar os seus dados pessoais por um prazo mais longo, se legalmente imposto ou nisso tiver leg\u00edtimo interesse.<\/p><p><b>\u00a0<\/b><\/p><p><b>DESTINAT\u00c1RIOS OU CATEGORIAS DE DESTINAT\u00c1RIOS DE DADOS PESSOAIS:<\/b><\/p><p>Fiuza n\u00e3o comunicar\u00e1 os dados pessoais a terceiros, exceto quando legalmente obrigat\u00f3rio ou nos casos em que tal comunica\u00e7\u00e3o \u00e9 necess\u00e1ria, tendo em considera\u00e7\u00e3o os servi\u00e7os prestados.<\/p><p>Ser\u00e3o destinat\u00e1rios dos dados pessoais recolhidos pela Fiuza todos os trabalhadores que analisam as solicita\u00e7\u00f5es feitas atrav\u00e9s de\u00a0website.<\/p><p>Poder\u00e3o ainda ser destinat\u00e1rios de dados pessoais os restantes trabalhadores de Fiuza, autorizados a tal.<\/p><p><b>\u00a0<\/b><\/p><p><b>OS SEUS DIREITOS:<\/b><\/p><p>Os titulares de dados pessoais t\u00eam, a qualquer momento, os seguintes direitos:<\/p><p class=\"translation-block\">1. Direito de acesso;<br>2. Direito de retifica\u00e7\u00e3o,<br>3. Direito de atualiza\u00e7\u00e3o;<br>4. Direito \u00e0 limita\u00e7\u00e3o de tratamento;<br>5. Direito ao apagamento;<br>6. Direito \u00e0 portabilidade;<br>7. Direito a n\u00e3o ficar sujeito a nenhuma decis\u00e3o exclusivamente automatizada;<br>8. Direito de apresentar reclama\u00e7\u00e3o \u00e0 autoridade de controlo competente (no caso, \u00e0 Comiss\u00e3o Nacional de Prote\u00e7\u00e3o de Dados).<\/p><p>Os titulares de dados pessoais t\u00eam tamb\u00e9m o direito de oposi\u00e7\u00e3o ao tratamento dos seus dados pessoais.<\/p><p>Todos os direitos aqui referidos, expressamente previstos na lei, devem ser exercidos atrav\u00e9s da identifica\u00e7\u00e3o dos seus titulares (atrav\u00e9s da c\u00f3pia do cart\u00e3o de cidad\u00e3o, dando o seu consentimento inequ\u00edvoco para a obten\u00e7\u00e3o desta c\u00f3pia, ou outro documento de identifica\u00e7\u00e3o dos mesmos) para a morada ou endere\u00e7o eletr\u00f3nico de Fiuza.<\/p><p>A c\u00f3pia do cart\u00e3o de cidad\u00e3o ser\u00e1 apenas utilizada para a finalidade referida (i.e., comprova\u00e7\u00e3o da identidade do titular dos direitos mencionados) e ser\u00e1 eliminada caso deixe de ser necess\u00e1ria a prossecu\u00e7\u00e3o da finalidade descrita atrav\u00e9s do consentimento.<\/p><p>O consentimento poder\u00e1 ser retirado a qualquer momento.<\/p><p><b>\u00a0<\/b><\/p><p><b>ALTERA\u00c7\u00d5ES A ESTA POL\u00cdTICA DE PRIVACIDADE:<\/b><\/p><p>Esta Pol\u00edtica de Privacidade entrou em vigor no dia 01 de Abril de 2023 e encontra-se atualizada de acordo com o RGPD e demais legisla\u00e7\u00e3o aplic\u00e1vel.<\/p><p>Fiuza poder\u00e1, periodicamente, modificar a sua Pol\u00edtica de Privacidade quando se justificar tal altera\u00e7\u00e3o ou a mesma for legalmente imposta.<\/p><p>Aconselhamos a consultar a nossa Pol\u00edtica de Privacidade em cada visita ao nosso website.<\/p><p><b>\u00a0<\/b><\/p><p><b>\u00a0<\/b><\/p><p><b>POL\u00cdTICA DE COOKIES<\/b><\/p><p><b style=\"font-size: var(--global--font-size-base);\">\u00a0<\/b><\/p><p><b style=\"font-size: var(--global--font-size-base);\">A SUA PRIVACIDADE<\/b><\/p><p>Ao aceder a qualquer site, pode guardar informa\u00e7\u00e3o no seu browser, maioritariamente na forma de cookies. Esta informa\u00e7\u00e3o pode ser sobre si, as suas prefer\u00eancias, o seu dispositivo ou a utiliza\u00e7\u00e3o para fazer o site funcionar ou n\u00e3o. A informa\u00e7\u00e3o n\u00e3o o identifica diretamente, apenas lhe oferece uma experi\u00eancia mais personalizada. Pode optar por n\u00e3o dar permiss\u00e3o a alguns tipos de cookies. Clique nas diferentes categorias para encontrar mais ou mudar as defini\u00e7\u00f5es pr\u00e9-definidas. Contudo, deve saber que ao bloquear alguns tipos de cookies poder\u00e1 ter impacto na sua experi\u00eancia no site e nos servi\u00e7os que dispon\u00edveis.<\/p><p><b>\u00a0<\/b><\/p><p><b>COOKIES NECESS\u00c1RIOS OBRIGAT\u00d3RIOS<\/b><\/p><p>Estes cookies s\u00e3o necess\u00e1rios para o site funcionar e n\u00e3o podem ser desligados dos seus sistemas. Eles s\u00e3o usados para responder a a\u00e7\u00f5es feitas por si em resposta a determinados servi\u00e7os como definir a pol\u00edtica de privacidade, formul\u00e1rios de login ou preenchimento de formul\u00e1rios. Poder\u00e1 configurar no browser para bloquear ou alertar sobre estes cookies, mas algumas partes do site poder\u00e3o n\u00e3o funcionar.\u00a0<\/p><p><b>\u00a0<\/b><\/p><p><b>COOKIES PARA PERFORMANCE E TARGETING<\/b><\/p><p>Os cookies direcionados para a targeting s\u00e3o programados no nosso site pelos nossos parceiros publicit\u00e1rios. Eles podem ser usados por esses parceiros para construir um perfil baseado nos seus interesses e mostram-lhe an\u00fancios relevantes noutros sites. Eles funcionam para identificar o seu browser e o seu dispositivo. Se n\u00e3o permitir a utiliza\u00e7\u00e3o destes cookies, poder\u00e1 n\u00e3o experienciar a nossa publicidade direcionada noutros websites.<\/p><p>Os cookies para performance permitem-nos contar visitas e fontes de tr\u00e1fego, para que possamos medir e melhorar a performance do nosso site. Estes cookies ajudam-nos a saber que p\u00e1ginas s\u00e3o mais e menos populares e permite ver como os visitantes navegam pelo site. Toda a informa\u00e7\u00e3o colecionada por estes cookies \u00e9 agregada e por isso mesmo, an\u00f3nima. Se n\u00e3o permitir a utiliza\u00e7\u00e3o destes cookies, n\u00e3o iremos saber quando \u00e9 que visitou o nosso site.<\/p><p>\u00a0<\/p><p>\u00a0<\/p>\t\t\t\t\t\t\t\t<\/div>\n\t\t\t\t<\/div>\n\t\t\t\t\t<\/div>\n\t\t<\/div>\n\t\t\t\t\t<\/div>\n\t\t<\/section>\n\t\t\t\t<section class=\"elementor-section elementor-top-section elementor-element elementor-element-1c44b4e3 elementor-section-full_width elementor-section-height-default elementor-section-height-default\" data-id=\"1c44b4e3\" data-element_type=\"section\" data-e-type=\"section\">\n\t\t\t\t\t\t<div class=\"elementor-container elementor-column-gap-default\">\n\t\t\t\t\t<div class=\"elementor-column elementor-col-100 elementor-top-column elementor-element elementor-element-79dd714a\" data-id=\"79dd714a\" data-element_type=\"column\" data-e-type=\"column\">\n\t\t\t<div class=\"elementor-widget-wrap\">\n\t\t\t\t\t\t\t<\/div>\n\t\t<\/div>\n\t\t\t\t\t<\/div>\n\t\t<\/section>\n\t\t\t\t<\/div>","protected":false},"excerpt":{"rendered":"<p>Pol\u00edtica de privacidade, prote\u00e7\u00e3o de dados pessoais e de cookies A PROTE\u00c7\u00c3O DOS DADOS PESSOAIS Os seus dados pessoais ser\u00e3o tratados de acordo com as exig\u00eancias do Regulamento (UE) n.\u00ba 2016\/769 do Parlamento Europeu e do Conselho, de 27 de Abril de 2016 relativo \u00e0 prote\u00e7\u00e3o das pessoas singulares no que diz respeito ao tratamento&hellip; <a class=\"more-link\" href=\"https:\/\/fiuzawines.pt\/pl\/politica-de-privacidade-e-de-cookies\/\">Czytaj dalej <span class=\"screen-reader-text\">Pol\u00edtica de Privacidade e de Cookies<\/span><\/a><\/p>","protected":false},"author":1,"featured_media":752,"parent":0,"menu_order":0,"comment_status":"closed","ping_status":"closed","template":"","meta":{"_monsterinsights_skip_tracking":false,"_monsterinsights_sitenote_active":false,"_monsterinsights_sitenote_note":"","_monsterinsights_sitenote_category":0,"footnotes":""},"class_list":["post-8529","page","type-page","status-publish","has-post-thumbnail","hentry","entry"],"yoast_head":"<!-- This site is optimized with the Yoast SEO plugin v27.4 - https:\/\/yoast.com\/product\/yoast-seo-wordpress\/ -->\n<title>Pol\u00edtica de Privacidade e de Cookies - Fiuza - Conhece-se Pela Casta<\/title>\n<meta name=\"description\" content=\"A Fiuza &amp; Bright produz os seus vinhos com as uvas provenientes das suas quintas. Venha conhecer os nossos vinhos!\" \/>\n<meta name=\"robots\" content=\"index, follow, max-snippet:-1, max-image-preview:large, max-video-preview:-1\" \/>\n<link rel=\"canonical\" href=\"https:\/\/fiuzawines.pt\/pl\/politica-de-privacidade-e-de-cookies\/\" \/>\n<meta property=\"og:locale\" content=\"pl_PL\" \/>\n<meta property=\"og:type\" content=\"article\" \/>\n<meta property=\"og:title\" content=\"Pol\u00edtica de Privacidade e de Cookies - Fiuza - Conhece-se Pela Casta\" \/>\n<meta property=\"og:description\" content=\"A Fiuza &amp; Bright produz os seus vinhos com as uvas provenientes das suas quintas. Venha conhecer os nossos vinhos!\" \/>\n<meta property=\"og:url\" content=\"https:\/\/fiuzawines.pt\/pl\/politica-de-privacidade-e-de-cookies\/\" \/>\n<meta property=\"og:site_name\" content=\"Fiuza - Conhece-se Pela Casta\" \/>\n<meta property=\"article:publisher\" content=\"https:\/\/www.facebook.com\/fiuza.wines\" \/>\n<meta property=\"article:modified_time\" content=\"2024-03-05T16:41:05+00:00\" \/>\n<meta property=\"og:image\" content=\"https:\/\/fiuzawines.pt\/wp-content\/uploads\/2023\/06\/maoamundo.png\" \/>\n\t<meta property=\"og:image:width\" content=\"4875\" \/>\n\t<meta property=\"og:image:height\" content=\"2436\" \/>\n\t<meta property=\"og:image:type\" content=\"image\/png\" \/>\n<meta name=\"twitter:card\" content=\"summary_large_image\" \/>\n<meta name=\"twitter:label1\" content=\"Szacowany czas czytania\" \/>\n\t<meta name=\"twitter:data1\" content=\"8 minut\" \/>\n<script type=\"application\/ld+json\" class=\"yoast-schema-graph\">{\"@context\":\"https:\\\/\\\/schema.org\",\"@graph\":[{\"@type\":\"WebPage\",\"@id\":\"https:\\\/\\\/fiuzawines.pt\\\/politica-de-privacidade-e-de-cookies\\\/\",\"url\":\"https:\\\/\\\/fiuzawines.pt\\\/politica-de-privacidade-e-de-cookies\\\/\",\"name\":\"Pol\u00edtica de Privacidade e de Cookies - Fiuza - Conhece-se Pela Casta\",\"isPartOf\":{\"@id\":\"https:\\\/\\\/fiuzawines.pt\\\/#website\"},\"primaryImageOfPage\":{\"@id\":\"https:\\\/\\\/fiuzawines.pt\\\/politica-de-privacidade-e-de-cookies\\\/#primaryimage\"},\"image\":{\"@id\":\"https:\\\/\\\/fiuzawines.pt\\\/politica-de-privacidade-e-de-cookies\\\/#primaryimage\"},\"thumbnailUrl\":\"https:\\\/\\\/fiuzawines.pt\\\/wp-content\\\/uploads\\\/2023\\\/06\\\/maoamundo.png\",\"datePublished\":\"2024-03-05T16:01:02+00:00\",\"dateModified\":\"2024-03-05T16:41:05+00:00\",\"description\":\"A Fiuza & Bright produz os seus vinhos com as uvas provenientes das suas quintas. Venha conhecer os nossos vinhos!\",\"breadcrumb\":{\"@id\":\"https:\\\/\\\/fiuzawines.pt\\\/politica-de-privacidade-e-de-cookies\\\/#breadcrumb\"},\"inLanguage\":\"pl-PL\",\"potentialAction\":[{\"@type\":\"ReadAction\",\"target\":[\"https:\\\/\\\/fiuzawines.pt\\\/politica-de-privacidade-e-de-cookies\\\/\"]}]},{\"@type\":\"ImageObject\",\"inLanguage\":\"pl-PL\",\"@id\":\"https:\\\/\\\/fiuzawines.pt\\\/politica-de-privacidade-e-de-cookies\\\/#primaryimage\",\"url\":\"https:\\\/\\\/fiuzawines.pt\\\/wp-content\\\/uploads\\\/2023\\\/06\\\/maoamundo.png\",\"contentUrl\":\"https:\\\/\\\/fiuzawines.pt\\\/wp-content\\\/uploads\\\/2023\\\/06\\\/maoamundo.png\",\"width\":4875,\"height\":2436},{\"@type\":\"BreadcrumbList\",\"@id\":\"https:\\\/\\\/fiuzawines.pt\\\/politica-de-privacidade-e-de-cookies\\\/#breadcrumb\",\"itemListElement\":[{\"@type\":\"ListItem\",\"position\":1,\"name\":\"In\u00edcio\",\"item\":\"https:\\\/\\\/fiuzawines.pt\\\/\"},{\"@type\":\"ListItem\",\"position\":2,\"name\":\"Pol\u00edtica de Privacidade e de Cookies\"}]},{\"@type\":\"WebSite\",\"@id\":\"https:\\\/\\\/fiuzawines.pt\\\/#website\",\"url\":\"https:\\\/\\\/fiuzawines.pt\\\/\",\"name\":\"Fiuza - Conhece-se Pela Casta\",\"description\":\"\",\"publisher\":{\"@id\":\"https:\\\/\\\/fiuzawines.pt\\\/#organization\"},\"potentialAction\":[{\"@type\":\"SearchAction\",\"target\":{\"@type\":\"EntryPoint\",\"urlTemplate\":\"https:\\\/\\\/fiuzawines.pt\\\/?s={search_term_string}\"},\"query-input\":{\"@type\":\"PropertyValueSpecification\",\"valueRequired\":true,\"valueName\":\"search_term_string\"}}],\"inLanguage\":\"pl-PL\"},{\"@type\":\"Organization\",\"@id\":\"https:\\\/\\\/fiuzawines.pt\\\/#organization\",\"name\":\"Fiuza - Conhece-se Pela Casta\",\"url\":\"https:\\\/\\\/fiuzawines.pt\\\/\",\"logo\":{\"@type\":\"ImageObject\",\"inLanguage\":\"pl-PL\",\"@id\":\"https:\\\/\\\/fiuzawines.pt\\\/#\\\/schema\\\/logo\\\/image\\\/\",\"url\":\"https:\\\/\\\/fiuzawines.pt\\\/wp-content\\\/uploads\\\/2023\\\/05\\\/fiuza_logo.png\",\"contentUrl\":\"https:\\\/\\\/fiuzawines.pt\\\/wp-content\\\/uploads\\\/2023\\\/05\\\/fiuza_logo.png\",\"width\":132,\"height\":41,\"caption\":\"Fiuza - Conhece-se Pela Casta\"},\"image\":{\"@id\":\"https:\\\/\\\/fiuzawines.pt\\\/#\\\/schema\\\/logo\\\/image\\\/\"},\"sameAs\":[\"https:\\\/\\\/www.facebook.com\\\/fiuza.wines\"]}]}<\/script>\n<!-- \/ Yoast SEO plugin. -->","yoast_head_json":{"title":"Pol\u00edtica de Privacidade e de Cookies - Fiuza - Conhece-se Pela Casta","description":"A Fiuza & Bright produz os seus vinhos com as uvas provenientes das suas quintas. Venha conhecer os nossos vinhos!","robots":{"index":"index","follow":"follow","max-snippet":"max-snippet:-1","max-image-preview":"max-image-preview:large","max-video-preview":"max-video-preview:-1"},"canonical":"https:\/\/fiuzawines.pt\/pl\/politica-de-privacidade-e-de-cookies\/","og_locale":"pl_PL","og_type":"article","og_title":"Pol\u00edtica de Privacidade e de Cookies - Fiuza - Conhece-se Pela Casta","og_description":"A Fiuza & Bright produz os seus vinhos com as uvas provenientes das suas quintas. Venha conhecer os nossos vinhos!","og_url":"https:\/\/fiuzawines.pt\/pl\/politica-de-privacidade-e-de-cookies\/","og_site_name":"Fiuza - Conhece-se Pela Casta","article_publisher":"https:\/\/www.facebook.com\/fiuza.wines","article_modified_time":"2024-03-05T16:41:05+00:00","og_image":[{"width":4875,"height":2436,"url":"https:\/\/fiuzawines.pt\/wp-content\/uploads\/2023\/06\/maoamundo.png","type":"image\/png"}],"twitter_card":"summary_large_image","twitter_misc":{"Szacowany czas czytania":"8 minut"},"schema":{"@context":"https:\/\/schema.org","@graph":[{"@type":"WebPage","@id":"https:\/\/fiuzawines.pt\/politica-de-privacidade-e-de-cookies\/","url":"https:\/\/fiuzawines.pt\/politica-de-privacidade-e-de-cookies\/","name":"Pol\u00edtica de Privacidade e de Cookies - Fiuza - Conhece-se Pela Casta","isPartOf":{"@id":"https:\/\/fiuzawines.pt\/#website"},"primaryImageOfPage":{"@id":"https:\/\/fiuzawines.pt\/politica-de-privacidade-e-de-cookies\/#primaryimage"},"image":{"@id":"https:\/\/fiuzawines.pt\/politica-de-privacidade-e-de-cookies\/#primaryimage"},"thumbnailUrl":"https:\/\/fiuzawines.pt\/wp-content\/uploads\/2023\/06\/maoamundo.png","datePublished":"2024-03-05T16:01:02+00:00","dateModified":"2024-03-05T16:41:05+00:00","description":"A Fiuza & Bright produz os seus vinhos com as uvas provenientes das suas quintas. Venha conhecer os nossos vinhos!","breadcrumb":{"@id":"https:\/\/fiuzawines.pt\/politica-de-privacidade-e-de-cookies\/#breadcrumb"},"inLanguage":"pl-PL","potentialAction":[{"@type":"ReadAction","target":["https:\/\/fiuzawines.pt\/politica-de-privacidade-e-de-cookies\/"]}]},{"@type":"ImageObject","inLanguage":"pl-PL","@id":"https:\/\/fiuzawines.pt\/politica-de-privacidade-e-de-cookies\/#primaryimage","url":"https:\/\/fiuzawines.pt\/wp-content\/uploads\/2023\/06\/maoamundo.png","contentUrl":"https:\/\/fiuzawines.pt\/wp-content\/uploads\/2023\/06\/maoamundo.png","width":4875,"height":2436},{"@type":"BreadcrumbList","@id":"https:\/\/fiuzawines.pt\/politica-de-privacidade-e-de-cookies\/#breadcrumb","itemListElement":[{"@type":"ListItem","position":1,"name":"In\u00edcio","item":"https:\/\/fiuzawines.pt\/"},{"@type":"ListItem","position":2,"name":"Pol\u00edtica de Privacidade e de Cookies"}]},{"@type":"WebSite","@id":"https:\/\/fiuzawines.pt\/#website","url":"https:\/\/fiuzawines.pt\/","name":"Fiuza - Conhece-se Pela Casta","description":"","publisher":{"@id":"https:\/\/fiuzawines.pt\/#organization"},"potentialAction":[{"@type":"SearchAction","target":{"@type":"EntryPoint","urlTemplate":"https:\/\/fiuzawines.pt\/?s={search_term_string}"},"query-input":{"@type":"PropertyValueSpecification","valueRequired":true,"valueName":"search_term_string"}}],"inLanguage":"pl-PL"},{"@type":"Organization","@id":"https:\/\/fiuzawines.pt\/#organization","name":"Fiuza - Conhece-se Pela Casta","url":"https:\/\/fiuzawines.pt\/","logo":{"@type":"ImageObject","inLanguage":"pl-PL","@id":"https:\/\/fiuzawines.pt\/#\/schema\/logo\/image\/","url":"https:\/\/fiuzawines.pt\/wp-content\/uploads\/2023\/05\/fiuza_logo.png","contentUrl":"https:\/\/fiuzawines.pt\/wp-content\/uploads\/2023\/05\/fiuza_logo.png","width":132,"height":41,"caption":"Fiuza - Conhece-se Pela Casta"},"image":{"@id":"https:\/\/fiuzawines.pt\/#\/schema\/logo\/image\/"},"sameAs":["https:\/\/www.facebook.com\/fiuza.wines"]}]}},"_links":{"self":[{"href":"https:\/\/fiuzawines.pt\/pl\/wp-json\/wp\/v2\/pages\/8529","targetHints":{"allow":["GET"]}}],"collection":[{"href":"https:\/\/fiuzawines.pt\/pl\/wp-json\/wp\/v2\/pages"}],"about":[{"href":"https:\/\/fiuzawines.pt\/pl\/wp-json\/wp\/v2\/types\/page"}],"author":[{"embeddable":true,"href":"https:\/\/fiuzawines.pt\/pl\/wp-json\/wp\/v2\/users\/1"}],"replies":[{"embeddable":true,"href":"https:\/\/fiuzawines.pt\/pl\/wp-json\/wp\/v2\/comments?post=8529"}],"version-history":[{"count":18,"href":"https:\/\/fiuzawines.pt\/pl\/wp-json\/wp\/v2\/pages\/8529\/revisions"}],"predecessor-version":[{"id":8553,"href":"https:\/\/fiuzawines.pt\/pl\/wp-json\/wp\/v2\/pages\/8529\/revisions\/8553"}],"wp:featuredmedia":[{"embeddable":true,"href":"https:\/\/fiuzawines.pt\/pl\/wp-json\/wp\/v2\/media\/752"}],"wp:attachment":[{"href":"https:\/\/fiuzawines.pt\/pl\/wp-json\/wp\/v2\/media?parent=8529"}],"curies":[{"name":"wp","href":"https:\/\/api.w.org\/{rel}","templated":true}]}}