{"id":132,"date":"2023-05-22T20:04:42","date_gmt":"2023-05-22T20:04:42","guid":{"rendered":"https:\/\/fiuzawines.pt\/?page_id=132"},"modified":"2023-12-21T16:58:47","modified_gmt":"2023-12-21T16:58:47","slug":"adega-galeria","status":"publish","type":"page","link":"https:\/\/fiuzawines.pt\/pl\/adega-galeria\/","title":{"rendered":"Adega Galeria"},"content":{"rendered":"","protected":false},"excerpt":{"rendered":"","protected":false},"author":1,"featured_media":865,"parent":0,"menu_order":0,"comment_status":"closed","ping_status":"closed","template":"","meta":{"_monsterinsights_skip_tracking":false,"_monsterinsights_sitenote_active":false,"_monsterinsights_sitenote_note":"","_monsterinsights_sitenote_category":0,"footnotes":""},"class_list":["post-132","page","type-page","status-publish","has-post-thumbnail","hentry","entry"],"yoast_head":"<!-- This site is optimized with the Yoast SEO plugin v27.4 - https:\/\/yoast.com\/product\/yoast-seo-wordpress\/ -->\n<title>Adega Galeria - Fiuza - Conhece-se Pela Casta<\/title>\n<meta name=\"description\" content=\"A Adega est\u00e1 aberta ao p\u00fablico para Visitas Guiadas, Provas de Vinho e Eventos Gastron\u00f3micos.Fa\u00e7a-nos uma visita!\" \/>\n<meta name=\"robots\" content=\"index, follow, max-snippet:-1, max-image-preview:large, max-video-preview:-1\" \/>\n<link rel=\"canonical\" href=\"https:\/\/fiuzawines.pt\/pl\/adega-galeria\/\" \/>\n<meta property=\"og:locale\" content=\"pl_PL\" \/>\n<meta property=\"og:type\" content=\"article\" \/>\n<meta property=\"og:title\" content=\"Adega Galeria - Fiuza - Conhece-se Pela Casta\" \/>\n<meta property=\"og:description\" content=\"A Adega est\u00e1 aberta ao p\u00fablico para Visitas Guiadas, Provas de Vinho e Eventos Gastron\u00f3micos.Fa\u00e7a-nos uma visita!\" \/>\n<meta property=\"og:url\" content=\"https:\/\/fiuzawines.pt\/pl\/adega-galeria\/\" \/>\n<meta property=\"og:site_name\" content=\"Fiuza - Conhece-se Pela Casta\" \/>\n<meta property=\"article:publisher\" content=\"https:\/\/www.facebook.com\/fiuza.wines\" \/>\n<meta property=\"article:modified_time\" content=\"2023-12-21T16:58:47+00:00\" \/>\n<meta property=\"og:image\" content=\"https:\/\/fiuzawines.pt\/wp-content\/uploads\/2023\/06\/pag3-904x1024.png\" \/>\n\t<meta property=\"og:image:width\" content=\"904\" \/>\n\t<meta property=\"og:image:height\" content=\"1024\" \/>\n\t<meta property=\"og:image:type\" content=\"image\/png\" \/>\n<meta name=\"twitter:card\" content=\"summary_large_image\" \/>\n<script type=\"application\/ld+json\" class=\"yoast-schema-graph\">{\"@context\":\"https:\\\/\\\/schema.org\",\"@graph\":[{\"@type\":\"WebPage\",\"@id\":\"https:\\\/\\\/fiuzawines.pt\\\/adega-galeria\\\/\",\"url\":\"https:\\\/\\\/fiuzawines.pt\\\/adega-galeria\\\/\",\"name\":\"Adega Galeria - Fiuza - Conhece-se Pela Casta\",\"isPartOf\":{\"@id\":\"https:\\\/\\\/fiuzawines.pt\\\/#website\"},\"primaryImageOfPage\":{\"@id\":\"https:\\\/\\\/fiuzawines.pt\\\/adega-galeria\\\/#primaryimage\"},\"image\":{\"@id\":\"https:\\\/\\\/fiuzawines.pt\\\/adega-galeria\\\/#primaryimage\"},\"thumbnailUrl\":\"https:\\\/\\\/fiuzawines.pt\\\/wp-content\\\/uploads\\\/2023\\\/06\\\/pag3.png\",\"datePublished\":\"2023-05-22T20:04:42+00:00\",\"dateModified\":\"2023-12-21T16:58:47+00:00\",\"description\":\"A Adega est\u00e1 aberta ao p\u00fablico para Visitas Guiadas, Provas de Vinho e Eventos Gastron\u00f3micos.Fa\u00e7a-nos uma visita!\",\"breadcrumb\":{\"@id\":\"https:\\\/\\\/fiuzawines.pt\\\/adega-galeria\\\/#breadcrumb\"},\"inLanguage\":\"pl-PL\",\"potentialAction\":[{\"@type\":\"ReadAction\",\"target\":[\"https:\\\/\\\/fiuzawines.pt\\\/adega-galeria\\\/\"]}]},{\"@type\":\"ImageObject\",\"inLanguage\":\"pl-PL\",\"@id\":\"https:\\\/\\\/fiuzawines.pt\\\/adega-galeria\\\/#primaryimage\",\"url\":\"https:\\\/\\\/fiuzawines.pt\\\/wp-content\\\/uploads\\\/2023\\\/06\\\/pag3.png\",\"contentUrl\":\"https:\\\/\\\/fiuzawines.pt\\\/wp-content\\\/uploads\\\/2023\\\/06\\\/pag3.png\",\"width\":3996,\"height\":4525},{\"@type\":\"BreadcrumbList\",\"@id\":\"https:\\\/\\\/fiuzawines.pt\\\/adega-galeria\\\/#breadcrumb\",\"itemListElement\":[{\"@type\":\"ListItem\",\"position\":1,\"name\":\"In\u00edcio\",\"item\":\"https:\\\/\\\/fiuzawines.pt\\\/\"},{\"@type\":\"ListItem\",\"position\":2,\"name\":\"Adega Galeria\"}]},{\"@type\":\"WebSite\",\"@id\":\"https:\\\/\\\/fiuzawines.pt\\\/#website\",\"url\":\"https:\\\/\\\/fiuzawines.pt\\\/\",\"name\":\"Fiuza - Conhece-se Pela Casta\",\"description\":\"\",\"publisher\":{\"@id\":\"https:\\\/\\\/fiuzawines.pt\\\/#organization\"},\"potentialAction\":[{\"@type\":\"SearchAction\",\"target\":{\"@type\":\"EntryPoint\",\"urlTemplate\":\"https:\\\/\\\/fiuzawines.pt\\\/?s={search_term_string}\"},\"query-input\":{\"@type\":\"PropertyValueSpecification\",\"valueRequired\":true,\"valueName\":\"search_term_string\"}}],\"inLanguage\":\"pl-PL\"},{\"@type\":\"Organization\",\"@id\":\"https:\\\/\\\/fiuzawines.pt\\\/#organization\",\"name\":\"Fiuza - Conhece-se Pela Casta\",\"url\":\"https:\\\/\\\/fiuzawines.pt\\\/\",\"logo\":{\"@type\":\"ImageObject\",\"inLanguage\":\"pl-PL\",\"@id\":\"https:\\\/\\\/fiuzawines.pt\\\/#\\\/schema\\\/logo\\\/image\\\/\",\"url\":\"https:\\\/\\\/fiuzawines.pt\\\/wp-content\\\/uploads\\\/2023\\\/05\\\/fiuza_logo.png\",\"contentUrl\":\"https:\\\/\\\/fiuzawines.pt\\\/wp-content\\\/uploads\\\/2023\\\/05\\\/fiuza_logo.png\",\"width\":132,\"height\":41,\"caption\":\"Fiuza - Conhece-se Pela Casta\"},\"image\":{\"@id\":\"https:\\\/\\\/fiuzawines.pt\\\/#\\\/schema\\\/logo\\\/image\\\/\"},\"sameAs\":[\"https:\\\/\\\/www.facebook.com\\\/fiuza.wines\"]}]}<\/script>\n<!-- \/ Yoast SEO plugin. -->","yoast_head_json":{"title":"Adega Galeria - Fiuza - Conhece-se Pela Casta","description":"A Adega est\u00e1 aberta ao p\u00fablico para Visitas Guiadas, Provas de Vinho e Eventos Gastron\u00f3micos.Fa\u00e7a-nos uma visita!","robots":{"index":"index","follow":"follow","max-snippet":"max-snippet:-1","max-image-preview":"max-image-preview:large","max-video-preview":"max-video-preview:-1"},"canonical":"https:\/\/fiuzawines.pt\/pl\/adega-galeria\/","og_locale":"pl_PL","og_type":"article","og_title":"Adega Galeria - Fiuza - Conhece-se Pela Casta","og_description":"A Adega est\u00e1 aberta ao p\u00fablico para Visitas Guiadas, Provas de Vinho e Eventos Gastron\u00f3micos.Fa\u00e7a-nos uma visita!","og_url":"https:\/\/fiuzawines.pt\/pl\/adega-galeria\/","og_site_name":"Fiuza - Conhece-se Pela Casta","article_publisher":"https:\/\/www.facebook.com\/fiuza.wines","article_modified_time":"2023-12-21T16:58:47+00:00","og_image":[{"width":904,"height":1024,"url":"https:\/\/fiuzawines.pt\/wp-content\/uploads\/2023\/06\/pag3-904x1024.png","type":"image\/png"}],"twitter_card":"summary_large_image","schema":{"@context":"https:\/\/schema.org","@graph":[{"@type":"WebPage","@id":"https:\/\/fiuzawines.pt\/adega-galeria\/","url":"https:\/\/fiuzawines.pt\/adega-galeria\/","name":"Adega Galeria - Fiuza - Conhece-se Pela Casta","isPartOf":{"@id":"https:\/\/fiuzawines.pt\/#website"},"primaryImageOfPage":{"@id":"https:\/\/fiuzawines.pt\/adega-galeria\/#primaryimage"},"image":{"@id":"https:\/\/fiuzawines.pt\/adega-galeria\/#primaryimage"},"thumbnailUrl":"https:\/\/fiuzawines.pt\/wp-content\/uploads\/2023\/06\/pag3.png","datePublished":"2023-05-22T20:04:42+00:00","dateModified":"2023-12-21T16:58:47+00:00","description":"A Adega est\u00e1 aberta ao p\u00fablico para Visitas Guiadas, Provas de Vinho e Eventos Gastron\u00f3micos.Fa\u00e7a-nos uma visita!","breadcrumb":{"@id":"https:\/\/fiuzawines.pt\/adega-galeria\/#breadcrumb"},"inLanguage":"pl-PL","potentialAction":[{"@type":"ReadAction","target":["https:\/\/fiuzawines.pt\/adega-galeria\/"]}]},{"@type":"ImageObject","inLanguage":"pl-PL","@id":"https:\/\/fiuzawines.pt\/adega-galeria\/#primaryimage","url":"https:\/\/fiuzawines.pt\/wp-content\/uploads\/2023\/06\/pag3.png","contentUrl":"https:\/\/fiuzawines.pt\/wp-content\/uploads\/2023\/06\/pag3.png","width":3996,"height":4525},{"@type":"BreadcrumbList","@id":"https:\/\/fiuzawines.pt\/adega-galeria\/#breadcrumb","itemListElement":[{"@type":"ListItem","position":1,"name":"In\u00edcio","item":"https:\/\/fiuzawines.pt\/"},{"@type":"ListItem","position":2,"name":"Adega Galeria"}]},{"@type":"WebSite","@id":"https:\/\/fiuzawines.pt\/#website","url":"https:\/\/fiuzawines.pt\/","name":"Fiuza - Conhece-se Pela Casta","description":"","publisher":{"@id":"https:\/\/fiuzawines.pt\/#organization"},"potentialAction":[{"@type":"SearchAction","target":{"@type":"EntryPoint","urlTemplate":"https:\/\/fiuzawines.pt\/?s={search_term_string}"},"query-input":{"@type":"PropertyValueSpecification","valueRequired":true,"valueName":"search_term_string"}}],"inLanguage":"pl-PL"},{"@type":"Organization","@id":"https:\/\/fiuzawines.pt\/#organization","name":"Fiuza - Conhece-se Pela Casta","url":"https:\/\/fiuzawines.pt\/","logo":{"@type":"ImageObject","inLanguage":"pl-PL","@id":"https:\/\/fiuzawines.pt\/#\/schema\/logo\/image\/","url":"https:\/\/fiuzawines.pt\/wp-content\/uploads\/2023\/05\/fiuza_logo.png","contentUrl":"https:\/\/fiuzawines.pt\/wp-content\/uploads\/2023\/05\/fiuza_logo.png","width":132,"height":41,"caption":"Fiuza - Conhece-se Pela Casta"},"image":{"@id":"https:\/\/fiuzawines.pt\/#\/schema\/logo\/image\/"},"sameAs":["https:\/\/www.facebook.com\/fiuza.wines"]}]}},"_links":{"self":[{"href":"https:\/\/fiuzawines.pt\/pl\/wp-json\/wp\/v2\/pages\/132","targetHints":{"allow":["GET"]}}],"collection":[{"href":"https:\/\/fiuzawines.pt\/pl\/wp-json\/wp\/v2\/pages"}],"about":[{"href":"https:\/\/fiuzawines.pt\/pl\/wp-json\/wp\/v2\/types\/page"}],"author":[{"embeddable":true,"href":"https:\/\/fiuzawines.pt\/pl\/wp-json\/wp\/v2\/users\/1"}],"replies":[{"embeddable":true,"href":"https:\/\/fiuzawines.pt\/pl\/wp-json\/wp\/v2\/comments?post=132"}],"version-history":[{"count":1,"href":"https:\/\/fiuzawines.pt\/pl\/wp-json\/wp\/v2\/pages\/132\/revisions"}],"predecessor-version":[{"id":8289,"href":"https:\/\/fiuzawines.pt\/pl\/wp-json\/wp\/v2\/pages\/132\/revisions\/8289"}],"wp:featuredmedia":[{"embeddable":true,"href":"https:\/\/fiuzawines.pt\/pl\/wp-json\/wp\/v2\/media\/865"}],"wp:attachment":[{"href":"https:\/\/fiuzawines.pt\/pl\/wp-json\/wp\/v2\/media?parent=132"}],"curies":[{"name":"wp","href":"https:\/\/api.w.org\/{rel}","templated":true}]}}