{"id":130,"date":"2023-05-22T20:04:32","date_gmt":"2023-05-22T20:04:32","guid":{"rendered":"https:\/\/fiuzawines.pt\/?page_id=130"},"modified":"2024-04-03T16:51:05","modified_gmt":"2024-04-03T16:51:05","slug":"equipa","status":"publish","type":"page","link":"https:\/\/fiuzawines.pt\/pl\/a-nossa-historia\/equipa\/","title":{"rendered":"Equipa"},"content":{"rendered":"<div data-elementor-type=\"wp-page\" data-elementor-id=\"130\" class=\"elementor elementor-130\" data-elementor-post-type=\"page\">\n\t\t\t\t\t\t<section class=\"elementor-section elementor-top-section elementor-element elementor-element-1b096c0 elementor-section-full_width elementor-section-height-min-height elementor-section-content-middle elementor-section-height-default elementor-section-items-middle\" data-id=\"1b096c0\" data-element_type=\"section\" data-e-type=\"section\" data-settings=\"{&quot;background_background&quot;:&quot;classic&quot;}\" data-no-translation=\"\">\n\t\t\t\t\t\t<div class=\"elementor-container elementor-column-gap-no\">\n\t\t\t\t\t<div class=\"elementor-column elementor-col-100 elementor-top-column elementor-element elementor-element-556ad4f\" data-id=\"556ad4f\" data-element_type=\"column\" data-e-type=\"column\">\n\t\t\t<div class=\"elementor-widget-wrap\">\n\t\t\t\t\t\t\t<\/div>\n\t\t<\/div>\n\t\t\t\t\t<\/div>\n\t\t<\/section>\n\t\t\t\t<section class=\"elementor-section elementor-top-section elementor-element elementor-element-e86582d elementor-section-content-middle elementor-hidden-desktop elementor-hidden-laptop elementor-hidden-tablet elementor-hidden-mobile elementor-section-boxed elementor-section-height-default elementor-section-height-default\" data-id=\"e86582d\" data-element_type=\"section\" data-e-type=\"section\">\n\t\t\t\t\t\t<div class=\"elementor-container elementor-column-gap-default\">\n\t\t\t\t\t<div class=\"elementor-column elementor-col-50 elementor-top-column elementor-element elementor-element-94653f8\" data-id=\"94653f8\" data-element_type=\"column\" data-e-type=\"column\">\n\t\t\t<div class=\"elementor-widget-wrap elementor-element-populated\">\n\t\t\t\t\t\t<div class=\"elementor-element elementor-element-0d528fe elementor-hidden-tablet elementor-hidden-mobile elementor-hidden-desktop elementor-hidden-laptop elementor-widget elementor-widget-spacer\" data-id=\"0d528fe\" data-element_type=\"widget\" data-e-type=\"widget\" data-widget_type=\"spacer.default\">\n\t\t\t\t<div class=\"elementor-widget-container\">\n\t\t\t\t\t\t\t<div class=\"elementor-spacer\">\n\t\t\t<div class=\"elementor-spacer-inner\"><\/div>\n\t\t<\/div>\n\t\t\t\t\t\t<\/div>\n\t\t\t\t<\/div>\n\t\t\t\t<div class=\"elementor-element elementor-element-aecf7e2 elementor-widget__width-initial elementor-widget elementor-widget-text-editor\" data-id=\"aecf7e2\" data-element_type=\"widget\" data-e-type=\"widget\" data-widget_type=\"text-editor.default\">\n\t\t\t\t<div class=\"elementor-widget-container\">\n\t\t\t\t\t\t\t\t\t<p>Jeste\u015bmy dumni z tego, \u017ce traktujemy ka\u017cdego cz\u0142onka zespo\u0142u jak rodzin\u0119. Zmotywowani i oddani sprawie, ka\u017cdego dnia zak\u0142adamy koszulk\u0119 z logiem Fiuza, aby dostarcza\u0107 Wam najwy\u017cszej jako\u015bci wina.<\/p>\n<p>Nasz wszechstronnie wykszta\u0142cony zesp\u00f3\u0142, skoncentrowany na innowacjach, zr\u00f3wnowa\u017conym rozwoju i przede wszystkim pracowity, zobowi\u0105za\u0142 si\u0119 do produkcji doskona\u0142ych win, wykorzystuj\u0105c bogactwo, jakie daje nam ziemia.<\/p>\t\t\t\t\t\t\t\t<\/div>\n\t\t\t\t<\/div>\n\t\t\t\t\t<\/div>\n\t\t<\/div>\n\t\t\t\t<div class=\"elementor-column elementor-col-50 elementor-top-column elementor-element elementor-element-1bea315\" data-id=\"1bea315\" data-element_type=\"column\" data-e-type=\"column\">\n\t\t\t<div class=\"elementor-widget-wrap elementor-element-populated\">\n\t\t\t\t\t\t<div class=\"elementor-element elementor-element-c7fcf9f elementor-widget elementor-widget-image\" data-id=\"c7fcf9f\" data-element_type=\"widget\" data-e-type=\"widget\" data-widget_type=\"image.default\">\n\t\t\t\t<div class=\"elementor-widget-container\">\n\t\t\t\t\t\t\t\t\t\t\t\t\t\t\t<img fetchpriority=\"high\" decoding=\"async\" width=\"750\" height=\"962\" src=\"https:\/\/fiuzawines.pt\/wp-content\/uploads\/2023\/06\/Equipa2-798x1024.png\" class=\"attachment-large size-large wp-image-738\" alt=\"\" srcset=\"https:\/\/fiuzawines.pt\/wp-content\/uploads\/2023\/06\/Equipa2-798x1024.png 798w, https:\/\/fiuzawines.pt\/wp-content\/uploads\/2023\/06\/Equipa2-234x300.png 234w, https:\/\/fiuzawines.pt\/wp-content\/uploads\/2023\/06\/Equipa2-768x986.png 768w, https:\/\/fiuzawines.pt\/wp-content\/uploads\/2023\/06\/Equipa2-1197x1536.png 1197w, https:\/\/fiuzawines.pt\/wp-content\/uploads\/2023\/06\/Equipa2-1595x2048.png 1595w, https:\/\/fiuzawines.pt\/wp-content\/uploads\/2023\/06\/Equipa2-1568x2013.png 1568w\" sizes=\"(max-width: 750px) 100vw, 750px\" style=\"width:100%;height:128.37%;max-width:3525px\" \/>\t\t\t\t\t\t\t\t\t\t\t\t\t\t\t<\/div>\n\t\t\t\t<\/div>\n\t\t\t\t\t<\/div>\n\t\t<\/div>\n\t\t\t\t\t<\/div>\n\t\t<\/section>\n\t\t\t\t<section class=\"elementor-section elementor-top-section elementor-element elementor-element-4d5d907 elementor-section-full_width elementor-section-height-default elementor-section-height-default\" data-id=\"4d5d907\" data-element_type=\"section\" data-e-type=\"section\">\n\t\t\t\t\t\t<div class=\"elementor-container elementor-column-gap-default\">\n\t\t\t\t\t<div class=\"elementor-column elementor-col-50 elementor-top-column elementor-element elementor-element-44ef3ab\" data-id=\"44ef3ab\" data-element_type=\"column\" data-e-type=\"column\">\n\t\t\t<div class=\"elementor-widget-wrap elementor-element-populated\">\n\t\t\t\t\t\t<div class=\"elementor-element elementor-element-a23f6e1 elementor-widget elementor-widget-spacer\" data-id=\"a23f6e1\" data-element_type=\"widget\" data-e-type=\"widget\" data-widget_type=\"spacer.default\">\n\t\t\t\t<div class=\"elementor-widget-container\">\n\t\t\t\t\t\t\t<div class=\"elementor-spacer\">\n\t\t\t<div class=\"elementor-spacer-inner\"><\/div>\n\t\t<\/div>\n\t\t\t\t\t\t<\/div>\n\t\t\t\t<\/div>\n\t\t\t\t<div class=\"elementor-element elementor-element-a29f31b elementor-widget__width-initial elementor-widget elementor-widget-text-editor\" data-id=\"a29f31b\" data-element_type=\"widget\" data-e-type=\"widget\" data-widget_type=\"text-editor.default\">\n\t\t\t\t<div class=\"elementor-widget-container\">\n\t\t\t\t\t\t\t\t\t<p>Jeste\u015bmy dumni z tego, \u017ce traktujemy ka\u017cdego cz\u0142onka zespo\u0142u jak rodzin\u0119. Zmotywowani i oddani sprawie, ka\u017cdego dnia zak\u0142adamy koszulk\u0119 z logiem Fiuza, aby dostarcza\u0107 Wam najwy\u017cszej jako\u015bci wina.<\/p>\n<p>Nasz wszechstronnie wykszta\u0142cony zesp\u00f3\u0142, skoncentrowany na innowacjach, zr\u00f3wnowa\u017conym rozwoju i przede wszystkim pracowity, zobowi\u0105za\u0142 si\u0119 do produkcji doskona\u0142ych win, wykorzystuj\u0105c bogactwo, jakie daje nam ziemia.<\/p>\t\t\t\t\t\t\t\t<\/div>\n\t\t\t\t<\/div>\n\t\t\t\t\t<\/div>\n\t\t<\/div>\n\t\t\t\t<div class=\"elementor-column elementor-col-50 elementor-top-column elementor-element elementor-element-a450a97\" data-id=\"a450a97\" data-element_type=\"column\" data-e-type=\"column\">\n\t\t\t<div class=\"elementor-widget-wrap elementor-element-populated\">\n\t\t\t\t\t\t<div class=\"elementor-element elementor-element-8846976 elementor-widget elementor-widget-image\" data-id=\"8846976\" data-element_type=\"widget\" data-e-type=\"widget\" data-widget_type=\"image.default\">\n\t\t\t\t<div class=\"elementor-widget-container\">\n\t\t\t\t\t\t\t\t\t\t\t\t\t\t\t<img decoding=\"async\" width=\"3525\" height=\"4525\" src=\"https:\/\/fiuzawines.pt\/wp-content\/uploads\/2023\/06\/Equipa2.png\" class=\"attachment-full size-full wp-image-738\" alt=\"\" srcset=\"https:\/\/fiuzawines.pt\/wp-content\/uploads\/2023\/06\/Equipa2.png 3525w, https:\/\/fiuzawines.pt\/wp-content\/uploads\/2023\/06\/Equipa2-234x300.png 234w, https:\/\/fiuzawines.pt\/wp-content\/uploads\/2023\/06\/Equipa2-798x1024.png 798w, https:\/\/fiuzawines.pt\/wp-content\/uploads\/2023\/06\/Equipa2-768x986.png 768w, https:\/\/fiuzawines.pt\/wp-content\/uploads\/2023\/06\/Equipa2-1197x1536.png 1197w, https:\/\/fiuzawines.pt\/wp-content\/uploads\/2023\/06\/Equipa2-1595x2048.png 1595w, https:\/\/fiuzawines.pt\/wp-content\/uploads\/2023\/06\/Equipa2-1568x2013.png 1568w\" sizes=\"(max-width: 3525px) 100vw, 3525px\" style=\"width:100%;height:128.37%;max-width:3525px\" \/>\t\t\t\t\t\t\t\t\t\t\t\t\t\t\t<\/div>\n\t\t\t\t<\/div>\n\t\t\t\t\t<\/div>\n\t\t<\/div>\n\t\t\t\t\t<\/div>\n\t\t<\/section>\n\t\t\t\t<section class=\"elementor-section elementor-top-section elementor-element elementor-element-21e54c25 elementor-section-full_width elementor-section-height-default elementor-section-height-default\" data-id=\"21e54c25\" data-element_type=\"section\" data-e-type=\"section\">\n\t\t\t\t\t\t<div class=\"elementor-container elementor-column-gap-default\">\n\t\t\t\t\t<div class=\"elementor-column elementor-col-100 elementor-top-column elementor-element elementor-element-775c7484\" data-id=\"775c7484\" data-element_type=\"column\" data-e-type=\"column\">\n\t\t\t<div class=\"elementor-widget-wrap elementor-element-populated\">\n\t\t\t\t\t\t<div class=\"elementor-element elementor-element-34ae4301 elementor-hidden-laptop elementor-hidden-tablet elementor-hidden-mobile elementor-widget elementor-widget-elementskit-back-to-top\" data-id=\"34ae4301\" data-element_type=\"widget\" data-e-type=\"widget\" data-widget_type=\"elementskit-back-to-top.default\">\n\t\t\t\t<div class=\"elementor-widget-container\">\n\t\t\t\t\t<div class=\"ekit-wid-con\" >\t\t\t<div class=\"ekit-back-to-top-container ekit-btt icon_only\" data-settings=\"{&quot;offset_top&quot;:0,&quot;show_after&quot;:null,&quot;show_scroll&quot;:&quot;&quot;,&quot;style&quot;:&quot;icon_only&quot;,&quot;foreground&quot;:null,&quot;background&quot;:null}\"> \n\t\t\t\t<span class=\"ekit-btt__button\">\n\t\t\t\t\t<i aria-hidden=\"true\" class=\"fas fa-arrow-circle-up\"><\/i>\t\t\t\t<\/span>\n\t\t\t<\/div>\n\t\t<\/div>\t\t\t\t<\/div>\n\t\t\t\t<\/div>\n\t\t\t\t<div class=\"elementor-element elementor-element-32437e14 elementor-hidden-desktop elementor-hidden-laptop elementor-widget elementor-widget-elementskit-back-to-top\" data-id=\"32437e14\" data-element_type=\"widget\" data-e-type=\"widget\" data-widget_type=\"elementskit-back-to-top.default\">\n\t\t\t\t<div class=\"elementor-widget-container\">\n\t\t\t\t\t<div class=\"ekit-wid-con\" >\t\t\t<div class=\"ekit-back-to-top-container ekit-btt icon_only\" data-settings=\"{&quot;offset_top&quot;:0,&quot;show_after&quot;:null,&quot;show_scroll&quot;:&quot;&quot;,&quot;style&quot;:&quot;icon_only&quot;,&quot;foreground&quot;:null,&quot;background&quot;:null}\"> \n\t\t\t\t<span class=\"ekit-btt__button\">\n\t\t\t\t\t<i aria-hidden=\"true\" class=\"fas fa-arrow-circle-up\"><\/i>\t\t\t\t<\/span>\n\t\t\t<\/div>\n\t\t<\/div>\t\t\t\t<\/div>\n\t\t\t\t<\/div>\n\t\t\t\t\t<\/div>\n\t\t<\/div>\n\t\t\t\t\t<\/div>\n\t\t<\/section>\n\t\t\t\t<\/div>","protected":false},"excerpt":{"rendered":"<p>Orgulhamo-nos em tratar todos os membros da equipa como fam\u00edlia. Motivados e dedicados \u00e0 causa, vestem todos os dias a camisola Fiuza para levar at\u00e9 si vinhos \u00fanicos e de qualidade superior. Contamos com uma equipa multidisciplinar, focada na inova\u00e7\u00e3o, sustentabilidade e acima de tudo trabalhadora, que assumiu o compromisso de produzir vinhos de excel\u00eancia&hellip; <a class=\"more-link\" href=\"https:\/\/fiuzawines.pt\/pl\/a-nossa-historia\/equipa\/\">Czytaj dalej <span class=\"screen-reader-text\">Equipa<\/span><\/a><\/p>","protected":false},"author":1,"featured_media":0,"parent":126,"menu_order":0,"comment_status":"closed","ping_status":"closed","template":"","meta":{"_monsterinsights_skip_tracking":false,"_monsterinsights_sitenote_active":false,"_monsterinsights_sitenote_note":"","_monsterinsights_sitenote_category":0,"footnotes":""},"class_list":["post-130","page","type-page","status-publish","hentry","entry"],"yoast_head":"<!-- This site is optimized with the Yoast SEO plugin v27.4 - https:\/\/yoast.com\/product\/yoast-seo-wordpress\/ -->\n<title>Equipa - Fiuza - Conhece-se Pela Casta<\/title>\n<meta name=\"description\" content=\"Na Fiuza, contamos com uma equipa multidisciplinar, focada na inova\u00e7\u00e3o, sustentabilidade e acima de tudo trabalhadora.\" \/>\n<meta name=\"robots\" content=\"index, follow, max-snippet:-1, max-image-preview:large, max-video-preview:-1\" \/>\n<link rel=\"canonical\" href=\"https:\/\/fiuzawines.pt\/pl\/a-nossa-historia\/equipa\/\" \/>\n<meta property=\"og:locale\" content=\"pl_PL\" \/>\n<meta property=\"og:type\" content=\"article\" \/>\n<meta property=\"og:title\" content=\"Equipa - Fiuza - Conhece-se Pela Casta\" \/>\n<meta property=\"og:description\" content=\"Na Fiuza, contamos com uma equipa multidisciplinar, focada na inova\u00e7\u00e3o, sustentabilidade e acima de tudo trabalhadora.\" \/>\n<meta property=\"og:url\" content=\"https:\/\/fiuzawines.pt\/pl\/a-nossa-historia\/equipa\/\" \/>\n<meta property=\"og:site_name\" content=\"Fiuza - Conhece-se Pela Casta\" \/>\n<meta property=\"article:publisher\" content=\"https:\/\/www.facebook.com\/fiuza.wines\" \/>\n<meta property=\"article:modified_time\" content=\"2024-04-03T16:51:05+00:00\" \/>\n<meta property=\"og:image\" content=\"https:\/\/fiuzawines.pt\/wp-content\/uploads\/2023\/06\/Equipa2-798x1024.png\" \/>\n<meta name=\"twitter:card\" content=\"summary_large_image\" \/>\n<meta name=\"twitter:label1\" content=\"Szacowany czas czytania\" \/>\n\t<meta name=\"twitter:data1\" content=\"2 minuty\" \/>\n<script type=\"application\/ld+json\" class=\"yoast-schema-graph\">{\"@context\":\"https:\\\/\\\/schema.org\",\"@graph\":[{\"@type\":\"WebPage\",\"@id\":\"https:\\\/\\\/fiuzawines.pt\\\/en\\\/a-nossa-historia\\\/equipa\\\/\",\"url\":\"https:\\\/\\\/fiuzawines.pt\\\/en\\\/a-nossa-historia\\\/equipa\\\/\",\"name\":\"Equipa - Fiuza - Conhece-se Pela Casta\",\"isPartOf\":{\"@id\":\"https:\\\/\\\/fiuzawines.pt\\\/#website\"},\"primaryImageOfPage\":{\"@id\":\"https:\\\/\\\/fiuzawines.pt\\\/en\\\/a-nossa-historia\\\/equipa\\\/#primaryimage\"},\"image\":{\"@id\":\"https:\\\/\\\/fiuzawines.pt\\\/en\\\/a-nossa-historia\\\/equipa\\\/#primaryimage\"},\"thumbnailUrl\":\"https:\\\/\\\/fiuzawines.pt\\\/wp-content\\\/uploads\\\/2023\\\/06\\\/Equipa2-798x1024.png\",\"datePublished\":\"2023-05-22T20:04:32+00:00\",\"dateModified\":\"2024-04-03T16:51:05+00:00\",\"description\":\"Na Fiuza, contamos com uma equipa multidisciplinar, focada na inova\u00e7\u00e3o, sustentabilidade e acima de tudo trabalhadora.\",\"breadcrumb\":{\"@id\":\"https:\\\/\\\/fiuzawines.pt\\\/en\\\/a-nossa-historia\\\/equipa\\\/#breadcrumb\"},\"inLanguage\":\"pl-PL\",\"potentialAction\":[{\"@type\":\"ReadAction\",\"target\":[\"https:\\\/\\\/fiuzawines.pt\\\/en\\\/a-nossa-historia\\\/equipa\\\/\"]}]},{\"@type\":\"ImageObject\",\"inLanguage\":\"pl-PL\",\"@id\":\"https:\\\/\\\/fiuzawines.pt\\\/en\\\/a-nossa-historia\\\/equipa\\\/#primaryimage\",\"url\":\"https:\\\/\\\/fiuzawines.pt\\\/wp-content\\\/uploads\\\/2023\\\/06\\\/Equipa2-798x1024.png\",\"contentUrl\":\"https:\\\/\\\/fiuzawines.pt\\\/wp-content\\\/uploads\\\/2023\\\/06\\\/Equipa2-798x1024.png\"},{\"@type\":\"BreadcrumbList\",\"@id\":\"https:\\\/\\\/fiuzawines.pt\\\/en\\\/a-nossa-historia\\\/equipa\\\/#breadcrumb\",\"itemListElement\":[{\"@type\":\"ListItem\",\"position\":1,\"name\":\"In\u00edcio\",\"item\":\"https:\\\/\\\/fiuzawines.pt\\\/\"},{\"@type\":\"ListItem\",\"position\":2,\"name\":\"A Nossa Historia\",\"item\":\"https:\\\/\\\/fiuzawines.pt\\\/a-nossa-historia\\\/\"},{\"@type\":\"ListItem\",\"position\":3,\"name\":\"Equipa\"}]},{\"@type\":\"WebSite\",\"@id\":\"https:\\\/\\\/fiuzawines.pt\\\/#website\",\"url\":\"https:\\\/\\\/fiuzawines.pt\\\/\",\"name\":\"Fiuza - Conhece-se Pela Casta\",\"description\":\"\",\"publisher\":{\"@id\":\"https:\\\/\\\/fiuzawines.pt\\\/#organization\"},\"potentialAction\":[{\"@type\":\"SearchAction\",\"target\":{\"@type\":\"EntryPoint\",\"urlTemplate\":\"https:\\\/\\\/fiuzawines.pt\\\/?s={search_term_string}\"},\"query-input\":{\"@type\":\"PropertyValueSpecification\",\"valueRequired\":true,\"valueName\":\"search_term_string\"}}],\"inLanguage\":\"pl-PL\"},{\"@type\":\"Organization\",\"@id\":\"https:\\\/\\\/fiuzawines.pt\\\/#organization\",\"name\":\"Fiuza - Conhece-se Pela Casta\",\"url\":\"https:\\\/\\\/fiuzawines.pt\\\/\",\"logo\":{\"@type\":\"ImageObject\",\"inLanguage\":\"pl-PL\",\"@id\":\"https:\\\/\\\/fiuzawines.pt\\\/#\\\/schema\\\/logo\\\/image\\\/\",\"url\":\"https:\\\/\\\/fiuzawines.pt\\\/wp-content\\\/uploads\\\/2023\\\/05\\\/fiuza_logo.png\",\"contentUrl\":\"https:\\\/\\\/fiuzawines.pt\\\/wp-content\\\/uploads\\\/2023\\\/05\\\/fiuza_logo.png\",\"width\":132,\"height\":41,\"caption\":\"Fiuza - Conhece-se Pela Casta\"},\"image\":{\"@id\":\"https:\\\/\\\/fiuzawines.pt\\\/#\\\/schema\\\/logo\\\/image\\\/\"},\"sameAs\":[\"https:\\\/\\\/www.facebook.com\\\/fiuza.wines\"]}]}<\/script>\n<!-- \/ Yoast SEO plugin. -->","yoast_head_json":{"title":"Equipa - Fiuza - Conhece-se Pela Casta","description":"Na Fiuza, contamos com uma equipa multidisciplinar, focada na inova\u00e7\u00e3o, sustentabilidade e acima de tudo trabalhadora.","robots":{"index":"index","follow":"follow","max-snippet":"max-snippet:-1","max-image-preview":"max-image-preview:large","max-video-preview":"max-video-preview:-1"},"canonical":"https:\/\/fiuzawines.pt\/pl\/a-nossa-historia\/equipa\/","og_locale":"pl_PL","og_type":"article","og_title":"Equipa - Fiuza - Conhece-se Pela Casta","og_description":"Na Fiuza, contamos com uma equipa multidisciplinar, focada na inova\u00e7\u00e3o, sustentabilidade e acima de tudo trabalhadora.","og_url":"https:\/\/fiuzawines.pt\/pl\/a-nossa-historia\/equipa\/","og_site_name":"Fiuza - Conhece-se Pela Casta","article_publisher":"https:\/\/www.facebook.com\/fiuza.wines","article_modified_time":"2024-04-03T16:51:05+00:00","og_image":[{"url":"https:\/\/fiuzawines.pt\/wp-content\/uploads\/2023\/06\/Equipa2-798x1024.png","type":"","width":"","height":""}],"twitter_card":"summary_large_image","twitter_misc":{"Szacowany czas czytania":"2 minuty"},"schema":{"@context":"https:\/\/schema.org","@graph":[{"@type":"WebPage","@id":"https:\/\/fiuzawines.pt\/en\/a-nossa-historia\/equipa\/","url":"https:\/\/fiuzawines.pt\/en\/a-nossa-historia\/equipa\/","name":"Equipa - Fiuza - Conhece-se Pela Casta","isPartOf":{"@id":"https:\/\/fiuzawines.pt\/#website"},"primaryImageOfPage":{"@id":"https:\/\/fiuzawines.pt\/en\/a-nossa-historia\/equipa\/#primaryimage"},"image":{"@id":"https:\/\/fiuzawines.pt\/en\/a-nossa-historia\/equipa\/#primaryimage"},"thumbnailUrl":"https:\/\/fiuzawines.pt\/wp-content\/uploads\/2023\/06\/Equipa2-798x1024.png","datePublished":"2023-05-22T20:04:32+00:00","dateModified":"2024-04-03T16:51:05+00:00","description":"Na Fiuza, contamos com uma equipa multidisciplinar, focada na inova\u00e7\u00e3o, sustentabilidade e acima de tudo trabalhadora.","breadcrumb":{"@id":"https:\/\/fiuzawines.pt\/en\/a-nossa-historia\/equipa\/#breadcrumb"},"inLanguage":"pl-PL","potentialAction":[{"@type":"ReadAction","target":["https:\/\/fiuzawines.pt\/en\/a-nossa-historia\/equipa\/"]}]},{"@type":"ImageObject","inLanguage":"pl-PL","@id":"https:\/\/fiuzawines.pt\/en\/a-nossa-historia\/equipa\/#primaryimage","url":"https:\/\/fiuzawines.pt\/wp-content\/uploads\/2023\/06\/Equipa2-798x1024.png","contentUrl":"https:\/\/fiuzawines.pt\/wp-content\/uploads\/2023\/06\/Equipa2-798x1024.png"},{"@type":"BreadcrumbList","@id":"https:\/\/fiuzawines.pt\/en\/a-nossa-historia\/equipa\/#breadcrumb","itemListElement":[{"@type":"ListItem","position":1,"name":"In\u00edcio","item":"https:\/\/fiuzawines.pt\/"},{"@type":"ListItem","position":2,"name":"A Nossa Historia","item":"https:\/\/fiuzawines.pt\/a-nossa-historia\/"},{"@type":"ListItem","position":3,"name":"Equipa"}]},{"@type":"WebSite","@id":"https:\/\/fiuzawines.pt\/#website","url":"https:\/\/fiuzawines.pt\/","name":"Fiuza - Conhece-se Pela Casta","description":"","publisher":{"@id":"https:\/\/fiuzawines.pt\/#organization"},"potentialAction":[{"@type":"SearchAction","target":{"@type":"EntryPoint","urlTemplate":"https:\/\/fiuzawines.pt\/?s={search_term_string}"},"query-input":{"@type":"PropertyValueSpecification","valueRequired":true,"valueName":"search_term_string"}}],"inLanguage":"pl-PL"},{"@type":"Organization","@id":"https:\/\/fiuzawines.pt\/#organization","name":"Fiuza - Conhece-se Pela Casta","url":"https:\/\/fiuzawines.pt\/","logo":{"@type":"ImageObject","inLanguage":"pl-PL","@id":"https:\/\/fiuzawines.pt\/#\/schema\/logo\/image\/","url":"https:\/\/fiuzawines.pt\/wp-content\/uploads\/2023\/05\/fiuza_logo.png","contentUrl":"https:\/\/fiuzawines.pt\/wp-content\/uploads\/2023\/05\/fiuza_logo.png","width":132,"height":41,"caption":"Fiuza - Conhece-se Pela Casta"},"image":{"@id":"https:\/\/fiuzawines.pt\/#\/schema\/logo\/image\/"},"sameAs":["https:\/\/www.facebook.com\/fiuza.wines"]}]}},"_links":{"self":[{"href":"https:\/\/fiuzawines.pt\/pl\/wp-json\/wp\/v2\/pages\/130","targetHints":{"allow":["GET"]}}],"collection":[{"href":"https:\/\/fiuzawines.pt\/pl\/wp-json\/wp\/v2\/pages"}],"about":[{"href":"https:\/\/fiuzawines.pt\/pl\/wp-json\/wp\/v2\/types\/page"}],"author":[{"embeddable":true,"href":"https:\/\/fiuzawines.pt\/pl\/wp-json\/wp\/v2\/users\/1"}],"replies":[{"embeddable":true,"href":"https:\/\/fiuzawines.pt\/pl\/wp-json\/wp\/v2\/comments?post=130"}],"version-history":[{"count":3,"href":"https:\/\/fiuzawines.pt\/pl\/wp-json\/wp\/v2\/pages\/130\/revisions"}],"predecessor-version":[{"id":8608,"href":"https:\/\/fiuzawines.pt\/pl\/wp-json\/wp\/v2\/pages\/130\/revisions\/8608"}],"up":[{"embeddable":true,"href":"https:\/\/fiuzawines.pt\/pl\/wp-json\/wp\/v2\/pages\/126"}],"wp:attachment":[{"href":"https:\/\/fiuzawines.pt\/pl\/wp-json\/wp\/v2\/media?parent=130"}],"curies":[{"name":"wp","href":"https:\/\/api.w.org\/{rel}","templated":true}]}}