{"id":118,"date":"2023-05-22T20:02:57","date_gmt":"2023-05-22T20:02:57","guid":{"rendered":"https:\/\/fiuzawines.pt\/?page_id=118"},"modified":"2025-07-01T14:46:43","modified_gmt":"2025-07-01T14:46:43","slug":"miratejo","status":"publish","type":"page","link":"https:\/\/fiuzawines.pt\/pl\/vinhos\/miratejo\/","title":{"rendered":"Miratejo"},"content":{"rendered":"<div data-elementor-type=\"wp-page\" data-elementor-id=\"118\" class=\"elementor elementor-118\" data-elementor-post-type=\"page\">\n\t\t\t\t\t\t<section class=\"elementor-section elementor-top-section elementor-element elementor-element-d097171 elementor-section-full_width elementor-section-height-default elementor-section-height-default\" data-id=\"d097171\" data-element_type=\"section\" data-e-type=\"section\" data-settings=\"{&quot;background_background&quot;:&quot;classic&quot;}\">\n\t\t\t\t\t\t<div class=\"elementor-container elementor-column-gap-default\">\n\t\t\t\t\t<div class=\"elementor-column elementor-col-100 elementor-top-column elementor-element elementor-element-c8df7d9\" data-id=\"c8df7d9\" data-element_type=\"column\" data-e-type=\"column\">\n\t\t\t<div class=\"elementor-widget-wrap\">\n\t\t\t\t\t\t\t<\/div>\n\t\t<\/div>\n\t\t\t\t\t<\/div>\n\t\t<\/section>\n\t\t\t\t<section class=\"elementor-section elementor-top-section elementor-element elementor-element-aed97a6 elementor-section-full_width elementor-section-height-default elementor-section-height-default\" data-id=\"aed97a6\" data-element_type=\"section\" data-e-type=\"section\">\n\t\t\t\t\t\t<div class=\"elementor-container elementor-column-gap-default\">\n\t\t\t\t\t<div class=\"elementor-column elementor-col-100 elementor-top-column elementor-element elementor-element-0b41fbe\" data-id=\"0b41fbe\" data-element_type=\"column\" data-e-type=\"column\">\n\t\t\t<div class=\"elementor-widget-wrap elementor-element-populated\">\n\t\t\t\t\t\t<div class=\"elementor-element elementor-element-2a678b1 elementor-hidden-tablet elementor-hidden-mobile elementor-widget elementor-widget-spacer\" data-id=\"2a678b1\" data-element_type=\"widget\" data-e-type=\"widget\" data-widget_type=\"spacer.default\">\n\t\t\t\t<div class=\"elementor-widget-container\">\n\t\t\t\t\t\t\t<div class=\"elementor-spacer\">\n\t\t\t<div class=\"elementor-spacer-inner\"><\/div>\n\t\t<\/div>\n\t\t\t\t\t\t<\/div>\n\t\t\t\t<\/div>\n\t\t\t\t<div class=\"elementor-element elementor-element-087ee05 elementor-widget__width-initial elementor-widget elementor-widget-heading\" data-id=\"087ee05\" data-element_type=\"widget\" data-e-type=\"widget\" data-widget_type=\"heading.default\">\n\t\t\t\t<div class=\"elementor-widget-container\">\n\t\t\t\t\t<h2 class=\"elementor-heading-title elementor-size-default\">Miratejo<\/h2>\t\t\t\t<\/div>\n\t\t\t\t<\/div>\n\t\t\t\t<div class=\"elementor-element elementor-element-4808eed elementor-hidden-tablet elementor-hidden-mobile elementor-widget elementor-widget-spacer\" data-id=\"4808eed\" data-element_type=\"widget\" data-e-type=\"widget\" data-widget_type=\"spacer.default\">\n\t\t\t\t<div class=\"elementor-widget-container\">\n\t\t\t\t\t\t\t<div class=\"elementor-spacer\">\n\t\t\t<div class=\"elementor-spacer-inner\"><\/div>\n\t\t<\/div>\n\t\t\t\t\t\t<\/div>\n\t\t\t\t<\/div>\n\t\t\t\t\t<\/div>\n\t\t<\/div>\n\t\t\t\t\t<\/div>\n\t\t<\/section>\n\t\t\t\t<section class=\"elementor-section elementor-top-section elementor-element elementor-element-55ce710 elementor-section-full_width elementor-section-height-default elementor-section-height-default\" data-id=\"55ce710\" data-element_type=\"section\" data-e-type=\"section\" data-no-translation=\"\">\n\t\t\t\t\t\t<div class=\"elementor-container elementor-column-gap-default\">\n\t\t\t\t\t<div class=\"elementor-column elementor-col-20 elementor-top-column elementor-element elementor-element-4aef2b3 elementor-hidden-tablet elementor-hidden-mobile\" data-id=\"4aef2b3\" data-element_type=\"column\" data-e-type=\"column\">\n\t\t\t<div class=\"elementor-widget-wrap\">\n\t\t\t\t\t\t\t<\/div>\n\t\t<\/div>\n\t\t\t\t<div class=\"elementor-column elementor-col-20 elementor-top-column elementor-element elementor-element-494070a\" data-id=\"494070a\" data-element_type=\"column\" data-e-type=\"column\">\n\t\t\t<div class=\"elementor-widget-wrap elementor-element-populated\">\n\t\t\t\t\t\t<div class=\"elementor-element elementor-element-4c6fc49 elementor-widget elementor-widget-image\" data-id=\"4c6fc49\" data-element_type=\"widget\" data-e-type=\"widget\" data-widget_type=\"image.default\">\n\t\t\t\t<div class=\"elementor-widget-container\">\n\t\t\t\t\t\t\t\t\t\t\t\t<figure class=\"wp-caption\">\n\t\t\t\t\t\t\t\t\t\t\t<a href=\"https:\/\/fiuzawines.pt\/vinhos\/miratejo\/miratejo-tinto\/\">\n\t\t\t\t\t\t\t<img fetchpriority=\"high\" decoding=\"async\" width=\"521\" height=\"1024\" src=\"https:\/\/fiuzawines.pt\/wp-content\/uploads\/2024\/03\/Miratejo-Tinto-e-branco-thumb-01-521x1024.png\" class=\"attachment-large size-large wp-image-8588\" alt=\"\" srcset=\"https:\/\/fiuzawines.pt\/wp-content\/uploads\/2024\/03\/Miratejo-Tinto-e-branco-thumb-01-521x1024.png 521w, https:\/\/fiuzawines.pt\/wp-content\/uploads\/2024\/03\/Miratejo-Tinto-e-branco-thumb-01-153x300.png 153w, https:\/\/fiuzawines.pt\/wp-content\/uploads\/2024\/03\/Miratejo-Tinto-e-branco-thumb-01-768x1509.png 768w\" sizes=\"(max-width: 521px) 100vw, 521px\" style=\"width:100%;height:196.5%;max-width:2517px\" \/>\t\t\t\t\t\t\t\t<\/a>\n\t\t\t\t\t\t\t\t\t\t\t<figcaption class=\"widget-image-caption wp-caption-text\">Miratejo Czerwone<\/figcaption>\n\t\t\t\t\t\t\t\t\t\t<\/figure>\n\t\t\t\t\t\t\t\t\t<\/div>\n\t\t\t\t<\/div>\n\t\t\t\t\t<\/div>\n\t\t<\/div>\n\t\t\t\t<div class=\"elementor-column elementor-col-20 elementor-top-column elementor-element elementor-element-0d84181\" data-id=\"0d84181\" data-element_type=\"column\" data-e-type=\"column\">\n\t\t\t<div class=\"elementor-widget-wrap elementor-element-populated\">\n\t\t\t\t\t\t<div class=\"elementor-element elementor-element-5e8ac59 elementor-widget elementor-widget-image\" data-id=\"5e8ac59\" data-element_type=\"widget\" data-e-type=\"widget\" data-widget_type=\"image.default\">\n\t\t\t\t<div class=\"elementor-widget-container\">\n\t\t\t\t\t\t\t\t\t\t\t\t<figure class=\"wp-caption\">\n\t\t\t\t\t\t\t\t\t\t\t<a href=\"https:\/\/fiuzawines.pt\/vinhos\/miratejo\/miratejo-branco\/\">\n\t\t\t\t\t\t\t<img decoding=\"async\" width=\"521\" height=\"1024\" src=\"https:\/\/fiuzawines.pt\/wp-content\/uploads\/2024\/03\/Miratejo-Tinto-e-branco-thumb-02-521x1024.png\" class=\"attachment-large size-large wp-image-8589\" alt=\"\" srcset=\"https:\/\/fiuzawines.pt\/wp-content\/uploads\/2024\/03\/Miratejo-Tinto-e-branco-thumb-02-521x1024.png 521w, https:\/\/fiuzawines.pt\/wp-content\/uploads\/2024\/03\/Miratejo-Tinto-e-branco-thumb-02-153x300.png 153w, https:\/\/fiuzawines.pt\/wp-content\/uploads\/2024\/03\/Miratejo-Tinto-e-branco-thumb-02-768x1509.png 768w\" sizes=\"(max-width: 521px) 100vw, 521px\" style=\"width:100%;height:196.5%;max-width:2517px\" \/>\t\t\t\t\t\t\t\t<\/a>\n\t\t\t\t\t\t\t\t\t\t\t<figcaption class=\"widget-image-caption wp-caption-text\">Miratejo Bia\u0142e<\/figcaption>\n\t\t\t\t\t\t\t\t\t\t<\/figure>\n\t\t\t\t\t\t\t\t\t<\/div>\n\t\t\t\t<\/div>\n\t\t\t\t\t<\/div>\n\t\t<\/div>\n\t\t\t\t<div class=\"elementor-column elementor-col-20 elementor-top-column elementor-element elementor-element-0622281\" data-id=\"0622281\" data-element_type=\"column\" data-e-type=\"column\">\n\t\t\t<div class=\"elementor-widget-wrap elementor-element-populated\">\n\t\t\t\t\t\t<div class=\"elementor-element elementor-element-63db943 elementor-widget elementor-widget-image\" data-id=\"63db943\" data-element_type=\"widget\" data-e-type=\"widget\" data-widget_type=\"image.default\">\n\t\t\t\t<div class=\"elementor-widget-container\">\n\t\t\t\t\t\t\t\t\t\t\t\t<figure class=\"wp-caption\">\n\t\t\t\t\t\t\t\t\t\t\t<a href=\"https:\/\/fiuzawines.pt\/vinhos\/miratejo\/miratejo-rose\/\">\n\t\t\t\t\t\t\t<img decoding=\"async\" width=\"521\" height=\"1024\" src=\"https:\/\/fiuzawines.pt\/wp-content\/uploads\/2025\/05\/Miratejo-Rose-Site-Fiuza_Prancheta-1-copia-521x1024.png\" class=\"attachment-large size-large wp-image-9864\" alt=\"\" srcset=\"https:\/\/fiuzawines.pt\/wp-content\/uploads\/2025\/05\/Miratejo-Rose-Site-Fiuza_Prancheta-1-copia-521x1024.png 521w, https:\/\/fiuzawines.pt\/wp-content\/uploads\/2025\/05\/Miratejo-Rose-Site-Fiuza_Prancheta-1-copia-153x300.png 153w, https:\/\/fiuzawines.pt\/wp-content\/uploads\/2025\/05\/Miratejo-Rose-Site-Fiuza_Prancheta-1-copia-768x1508.png 768w, https:\/\/fiuzawines.pt\/wp-content\/uploads\/2025\/05\/Miratejo-Rose-Site-Fiuza_Prancheta-1-copia-782x1536.png 782w, https:\/\/fiuzawines.pt\/wp-content\/uploads\/2025\/05\/Miratejo-Rose-Site-Fiuza_Prancheta-1-copia-1043x2048.png 1043w, https:\/\/fiuzawines.pt\/wp-content\/uploads\/2025\/05\/Miratejo-Rose-Site-Fiuza_Prancheta-1-copia-6x12.png 6w, https:\/\/fiuzawines.pt\/wp-content\/uploads\/2025\/05\/Miratejo-Rose-Site-Fiuza_Prancheta-1-copia-1568x3079.png 1568w, https:\/\/fiuzawines.pt\/wp-content\/uploads\/2025\/05\/Miratejo-Rose-Site-Fiuza_Prancheta-1-copia-scaled.png 1304w\" sizes=\"(max-width: 521px) 100vw, 521px\" style=\"width:100%;height:196.32%;max-width:1304px\" \/>\t\t\t\t\t\t\t\t<\/a>\n\t\t\t\t\t\t\t\t\t\t\t<figcaption class=\"widget-image-caption wp-caption-text\">Miratejo R\u00f3\u017cowe<\/figcaption>\n\t\t\t\t\t\t\t\t\t\t<\/figure>\n\t\t\t\t\t\t\t\t\t<\/div>\n\t\t\t\t<\/div>\n\t\t\t\t\t<\/div>\n\t\t<\/div>\n\t\t\t\t<div class=\"elementor-column elementor-col-20 elementor-top-column elementor-element elementor-element-524e1ac\" data-id=\"524e1ac\" data-element_type=\"column\" data-e-type=\"column\">\n\t\t\t<div class=\"elementor-widget-wrap\">\n\t\t\t\t\t\t\t<\/div>\n\t\t<\/div>\n\t\t\t\t\t<\/div>\n\t\t<\/section>\n\t\t\t\t<section class=\"elementor-section elementor-top-section elementor-element elementor-element-d2adb66 elementor-section-boxed elementor-section-height-default elementor-section-height-default\" data-id=\"d2adb66\" data-element_type=\"section\" data-e-type=\"section\">\n\t\t\t\t\t\t<div class=\"elementor-container elementor-column-gap-default\">\n\t\t\t\t\t<div class=\"elementor-column elementor-col-100 elementor-top-column elementor-element elementor-element-c7074eb\" data-id=\"c7074eb\" data-element_type=\"column\" data-e-type=\"column\">\n\t\t\t<div class=\"elementor-widget-wrap elementor-element-populated\">\n\t\t\t\t\t\t<div class=\"elementor-element elementor-element-35e86a4 elementor-hidden-tablet elementor-hidden-mobile elementor-widget elementor-widget-spacer\" data-id=\"35e86a4\" data-element_type=\"widget\" data-e-type=\"widget\" data-widget_type=\"spacer.default\">\n\t\t\t\t<div class=\"elementor-widget-container\">\n\t\t\t\t\t\t\t<div class=\"elementor-spacer\">\n\t\t\t<div class=\"elementor-spacer-inner\"><\/div>\n\t\t<\/div>\n\t\t\t\t\t\t<\/div>\n\t\t\t\t<\/div>\n\t\t\t\t\t<\/div>\n\t\t<\/div>\n\t\t\t\t\t<\/div>\n\t\t<\/section>\n\t\t\t\t<section class=\"elementor-section elementor-top-section elementor-element elementor-element-0fee588 elementor-section-boxed elementor-section-height-default elementor-section-height-default\" data-id=\"0fee588\" data-element_type=\"section\" data-e-type=\"section\">\n\t\t\t\t\t\t<div class=\"elementor-container elementor-column-gap-default\">\n\t\t\t\t\t<div class=\"elementor-column elementor-col-100 elementor-top-column elementor-element elementor-element-55bb98b\" data-id=\"55bb98b\" data-element_type=\"column\" data-e-type=\"column\">\n\t\t\t<div class=\"elementor-widget-wrap elementor-element-populated\">\n\t\t\t\t\t\t<div class=\"elementor-element elementor-element-1e8c748 elementor-hidden-tablet elementor-hidden-mobile elementor-widget elementor-widget-spacer\" data-id=\"1e8c748\" data-element_type=\"widget\" data-e-type=\"widget\" data-widget_type=\"spacer.default\">\n\t\t\t\t<div class=\"elementor-widget-container\">\n\t\t\t\t\t\t\t<div class=\"elementor-spacer\">\n\t\t\t<div class=\"elementor-spacer-inner\"><\/div>\n\t\t<\/div>\n\t\t\t\t\t\t<\/div>\n\t\t\t\t<\/div>\n\t\t\t\t\t<\/div>\n\t\t<\/div>\n\t\t\t\t\t<\/div>\n\t\t<\/section>\n\t\t\t\t<\/div>","protected":false},"excerpt":{"rendered":"<p>Gama Miratejo Miratejo Tinto Miratejo Branco Miratejo Red Miratejo White Miratejo Ros\u00e9 Miratejo Czerwone Miratejo Bia\u0142e Miratejo R\u00f3\u017cowe<\/p>","protected":false},"author":1,"featured_media":0,"parent":8,"menu_order":0,"comment_status":"closed","ping_status":"closed","template":"elementor_header_footer","meta":{"_monsterinsights_skip_tracking":false,"_monsterinsights_sitenote_active":false,"_monsterinsights_sitenote_note":"","_monsterinsights_sitenote_category":0,"footnotes":""},"class_list":["post-118","page","type-page","status-publish","hentry","entry"],"yoast_head":"<!-- This site is optimized with the Yoast SEO plugin v27.4 - https:\/\/yoast.com\/product\/yoast-seo-wordpress\/ -->\n<title>Miratejo - Fiuza - Conhece-se Pela Casta<\/title>\n<meta name=\"description\" content=\"O Fiuza Miratejo \u00e9 um vinho de lote que homenageia a cidade de Lisboa, as suas 7 colinas, o rio Tejo e a regi\u00e3o que d\u00e1 ber\u00e7o ao vinho.\" \/>\n<meta name=\"robots\" content=\"index, follow, max-snippet:-1, max-image-preview:large, max-video-preview:-1\" \/>\n<link rel=\"canonical\" href=\"https:\/\/fiuzawines.pt\/pl\/vinhos\/miratejo\/\" \/>\n<meta property=\"og:locale\" content=\"pl_PL\" \/>\n<meta property=\"og:type\" content=\"article\" \/>\n<meta property=\"og:title\" content=\"Miratejo - Fiuza - Conhece-se Pela Casta\" \/>\n<meta property=\"og:description\" content=\"O Fiuza Miratejo \u00e9 um vinho de lote que homenageia a cidade de Lisboa, as suas 7 colinas, o rio Tejo e a regi\u00e3o que d\u00e1 ber\u00e7o ao vinho.\" \/>\n<meta property=\"og:url\" content=\"https:\/\/fiuzawines.pt\/pl\/vinhos\/miratejo\/\" \/>\n<meta property=\"og:site_name\" content=\"Fiuza - Conhece-se Pela Casta\" \/>\n<meta property=\"article:publisher\" content=\"https:\/\/www.facebook.com\/fiuza.wines\" \/>\n<meta property=\"article:modified_time\" content=\"2025-07-01T14:46:43+00:00\" \/>\n<meta property=\"og:image\" content=\"https:\/\/fiuzawines.pt\/wp-content\/uploads\/2024\/03\/Miratejo-Tinto-e-branco-thumb-01-521x1024.png\" \/>\n\t<meta property=\"og:image:width\" content=\"521\" \/>\n\t<meta property=\"og:image:height\" content=\"1024\" \/>\n\t<meta property=\"og:image:type\" content=\"image\/png\" \/>\n<meta name=\"twitter:card\" content=\"summary_large_image\" \/>\n<meta name=\"twitter:label1\" content=\"Szacowany czas czytania\" \/>\n\t<meta name=\"twitter:data1\" content=\"2 minuty\" \/>\n<script type=\"application\/ld+json\" class=\"yoast-schema-graph\">{\"@context\":\"https:\\\/\\\/schema.org\",\"@graph\":[{\"@type\":\"WebPage\",\"@id\":\"https:\\\/\\\/fiuzawines.pt\\\/vinhos\\\/miratejo\\\/\",\"url\":\"https:\\\/\\\/fiuzawines.pt\\\/vinhos\\\/miratejo\\\/\",\"name\":\"Miratejo - Fiuza - Conhece-se Pela Casta\",\"isPartOf\":{\"@id\":\"https:\\\/\\\/fiuzawines.pt\\\/#website\"},\"primaryImageOfPage\":{\"@id\":\"https:\\\/\\\/fiuzawines.pt\\\/vinhos\\\/miratejo\\\/#primaryimage\"},\"image\":{\"@id\":\"https:\\\/\\\/fiuzawines.pt\\\/vinhos\\\/miratejo\\\/#primaryimage\"},\"thumbnailUrl\":\"https:\\\/\\\/fiuzawines.pt\\\/wp-content\\\/uploads\\\/2024\\\/03\\\/Miratejo-Tinto-e-branco-thumb-01-521x1024.png\",\"datePublished\":\"2023-05-22T20:02:57+00:00\",\"dateModified\":\"2025-07-01T14:46:43+00:00\",\"description\":\"O Fiuza Miratejo \u00e9 um vinho de lote que homenageia a cidade de Lisboa, as suas 7 colinas, o rio Tejo e a regi\u00e3o que d\u00e1 ber\u00e7o ao vinho.\",\"breadcrumb\":{\"@id\":\"https:\\\/\\\/fiuzawines.pt\\\/vinhos\\\/miratejo\\\/#breadcrumb\"},\"inLanguage\":\"pl-PL\",\"potentialAction\":[{\"@type\":\"ReadAction\",\"target\":[\"https:\\\/\\\/fiuzawines.pt\\\/vinhos\\\/miratejo\\\/\"]}]},{\"@type\":\"ImageObject\",\"inLanguage\":\"pl-PL\",\"@id\":\"https:\\\/\\\/fiuzawines.pt\\\/vinhos\\\/miratejo\\\/#primaryimage\",\"url\":\"https:\\\/\\\/fiuzawines.pt\\\/wp-content\\\/uploads\\\/2024\\\/03\\\/Miratejo-Tinto-e-branco-thumb-01-521x1024.png\",\"contentUrl\":\"https:\\\/\\\/fiuzawines.pt\\\/wp-content\\\/uploads\\\/2024\\\/03\\\/Miratejo-Tinto-e-branco-thumb-01-521x1024.png\"},{\"@type\":\"BreadcrumbList\",\"@id\":\"https:\\\/\\\/fiuzawines.pt\\\/vinhos\\\/miratejo\\\/#breadcrumb\",\"itemListElement\":[{\"@type\":\"ListItem\",\"position\":1,\"name\":\"In\u00edcio\",\"item\":\"https:\\\/\\\/fiuzawines.pt\\\/\"},{\"@type\":\"ListItem\",\"position\":2,\"name\":\"Vinhos\",\"item\":\"https:\\\/\\\/fiuzawines.pt\\\/en\\\/vinhos\\\/\"},{\"@type\":\"ListItem\",\"position\":3,\"name\":\"Miratejo\"}]},{\"@type\":\"WebSite\",\"@id\":\"https:\\\/\\\/fiuzawines.pt\\\/#website\",\"url\":\"https:\\\/\\\/fiuzawines.pt\\\/\",\"name\":\"Fiuza - Conhece-se Pela Casta\",\"description\":\"\",\"publisher\":{\"@id\":\"https:\\\/\\\/fiuzawines.pt\\\/#organization\"},\"potentialAction\":[{\"@type\":\"SearchAction\",\"target\":{\"@type\":\"EntryPoint\",\"urlTemplate\":\"https:\\\/\\\/fiuzawines.pt\\\/?s={search_term_string}\"},\"query-input\":{\"@type\":\"PropertyValueSpecification\",\"valueRequired\":true,\"valueName\":\"search_term_string\"}}],\"inLanguage\":\"pl-PL\"},{\"@type\":\"Organization\",\"@id\":\"https:\\\/\\\/fiuzawines.pt\\\/#organization\",\"name\":\"Fiuza - Conhece-se Pela Casta\",\"url\":\"https:\\\/\\\/fiuzawines.pt\\\/\",\"logo\":{\"@type\":\"ImageObject\",\"inLanguage\":\"pl-PL\",\"@id\":\"https:\\\/\\\/fiuzawines.pt\\\/#\\\/schema\\\/logo\\\/image\\\/\",\"url\":\"https:\\\/\\\/fiuzawines.pt\\\/wp-content\\\/uploads\\\/2023\\\/05\\\/fiuza_logo.png\",\"contentUrl\":\"https:\\\/\\\/fiuzawines.pt\\\/wp-content\\\/uploads\\\/2023\\\/05\\\/fiuza_logo.png\",\"width\":132,\"height\":41,\"caption\":\"Fiuza - Conhece-se Pela Casta\"},\"image\":{\"@id\":\"https:\\\/\\\/fiuzawines.pt\\\/#\\\/schema\\\/logo\\\/image\\\/\"},\"sameAs\":[\"https:\\\/\\\/www.facebook.com\\\/fiuza.wines\"]}]}<\/script>\n<!-- \/ Yoast SEO plugin. -->","yoast_head_json":{"title":"Miratejo - Fiuza - Conhece-se Pela Casta","description":"O Fiuza Miratejo \u00e9 um vinho de lote que homenageia a cidade de Lisboa, as suas 7 colinas, o rio Tejo e a regi\u00e3o que d\u00e1 ber\u00e7o ao vinho.","robots":{"index":"index","follow":"follow","max-snippet":"max-snippet:-1","max-image-preview":"max-image-preview:large","max-video-preview":"max-video-preview:-1"},"canonical":"https:\/\/fiuzawines.pt\/pl\/vinhos\/miratejo\/","og_locale":"pl_PL","og_type":"article","og_title":"Miratejo - Fiuza - Conhece-se Pela Casta","og_description":"O Fiuza Miratejo \u00e9 um vinho de lote que homenageia a cidade de Lisboa, as suas 7 colinas, o rio Tejo e a regi\u00e3o que d\u00e1 ber\u00e7o ao vinho.","og_url":"https:\/\/fiuzawines.pt\/pl\/vinhos\/miratejo\/","og_site_name":"Fiuza - Conhece-se Pela Casta","article_publisher":"https:\/\/www.facebook.com\/fiuza.wines","article_modified_time":"2025-07-01T14:46:43+00:00","og_image":[{"width":521,"height":1024,"url":"https:\/\/fiuzawines.pt\/wp-content\/uploads\/2024\/03\/Miratejo-Tinto-e-branco-thumb-01-521x1024.png","type":"image\/png"}],"twitter_card":"summary_large_image","twitter_misc":{"Szacowany czas czytania":"2 minuty"},"schema":{"@context":"https:\/\/schema.org","@graph":[{"@type":"WebPage","@id":"https:\/\/fiuzawines.pt\/vinhos\/miratejo\/","url":"https:\/\/fiuzawines.pt\/vinhos\/miratejo\/","name":"Miratejo - Fiuza - Conhece-se Pela Casta","isPartOf":{"@id":"https:\/\/fiuzawines.pt\/#website"},"primaryImageOfPage":{"@id":"https:\/\/fiuzawines.pt\/vinhos\/miratejo\/#primaryimage"},"image":{"@id":"https:\/\/fiuzawines.pt\/vinhos\/miratejo\/#primaryimage"},"thumbnailUrl":"https:\/\/fiuzawines.pt\/wp-content\/uploads\/2024\/03\/Miratejo-Tinto-e-branco-thumb-01-521x1024.png","datePublished":"2023-05-22T20:02:57+00:00","dateModified":"2025-07-01T14:46:43+00:00","description":"O Fiuza Miratejo \u00e9 um vinho de lote que homenageia a cidade de Lisboa, as suas 7 colinas, o rio Tejo e a regi\u00e3o que d\u00e1 ber\u00e7o ao vinho.","breadcrumb":{"@id":"https:\/\/fiuzawines.pt\/vinhos\/miratejo\/#breadcrumb"},"inLanguage":"pl-PL","potentialAction":[{"@type":"ReadAction","target":["https:\/\/fiuzawines.pt\/vinhos\/miratejo\/"]}]},{"@type":"ImageObject","inLanguage":"pl-PL","@id":"https:\/\/fiuzawines.pt\/vinhos\/miratejo\/#primaryimage","url":"https:\/\/fiuzawines.pt\/wp-content\/uploads\/2024\/03\/Miratejo-Tinto-e-branco-thumb-01-521x1024.png","contentUrl":"https:\/\/fiuzawines.pt\/wp-content\/uploads\/2024\/03\/Miratejo-Tinto-e-branco-thumb-01-521x1024.png"},{"@type":"BreadcrumbList","@id":"https:\/\/fiuzawines.pt\/vinhos\/miratejo\/#breadcrumb","itemListElement":[{"@type":"ListItem","position":1,"name":"In\u00edcio","item":"https:\/\/fiuzawines.pt\/"},{"@type":"ListItem","position":2,"name":"Vinhos","item":"https:\/\/fiuzawines.pt\/en\/vinhos\/"},{"@type":"ListItem","position":3,"name":"Miratejo"}]},{"@type":"WebSite","@id":"https:\/\/fiuzawines.pt\/#website","url":"https:\/\/fiuzawines.pt\/","name":"Fiuza - Conhece-se Pela Casta","description":"","publisher":{"@id":"https:\/\/fiuzawines.pt\/#organization"},"potentialAction":[{"@type":"SearchAction","target":{"@type":"EntryPoint","urlTemplate":"https:\/\/fiuzawines.pt\/?s={search_term_string}"},"query-input":{"@type":"PropertyValueSpecification","valueRequired":true,"valueName":"search_term_string"}}],"inLanguage":"pl-PL"},{"@type":"Organization","@id":"https:\/\/fiuzawines.pt\/#organization","name":"Fiuza - Conhece-se Pela Casta","url":"https:\/\/fiuzawines.pt\/","logo":{"@type":"ImageObject","inLanguage":"pl-PL","@id":"https:\/\/fiuzawines.pt\/#\/schema\/logo\/image\/","url":"https:\/\/fiuzawines.pt\/wp-content\/uploads\/2023\/05\/fiuza_logo.png","contentUrl":"https:\/\/fiuzawines.pt\/wp-content\/uploads\/2023\/05\/fiuza_logo.png","width":132,"height":41,"caption":"Fiuza - Conhece-se Pela Casta"},"image":{"@id":"https:\/\/fiuzawines.pt\/#\/schema\/logo\/image\/"},"sameAs":["https:\/\/www.facebook.com\/fiuza.wines"]}]}},"_links":{"self":[{"href":"https:\/\/fiuzawines.pt\/pl\/wp-json\/wp\/v2\/pages\/118","targetHints":{"allow":["GET"]}}],"collection":[{"href":"https:\/\/fiuzawines.pt\/pl\/wp-json\/wp\/v2\/pages"}],"about":[{"href":"https:\/\/fiuzawines.pt\/pl\/wp-json\/wp\/v2\/types\/page"}],"author":[{"embeddable":true,"href":"https:\/\/fiuzawines.pt\/pl\/wp-json\/wp\/v2\/users\/1"}],"replies":[{"embeddable":true,"href":"https:\/\/fiuzawines.pt\/pl\/wp-json\/wp\/v2\/comments?post=118"}],"version-history":[{"count":118,"href":"https:\/\/fiuzawines.pt\/pl\/wp-json\/wp\/v2\/pages\/118\/revisions"}],"predecessor-version":[{"id":10012,"href":"https:\/\/fiuzawines.pt\/pl\/wp-json\/wp\/v2\/pages\/118\/revisions\/10012"}],"up":[{"embeddable":true,"href":"https:\/\/fiuzawines.pt\/pl\/wp-json\/wp\/v2\/pages\/8"}],"wp:attachment":[{"href":"https:\/\/fiuzawines.pt\/pl\/wp-json\/wp\/v2\/media?parent=118"}],"curies":[{"name":"wp","href":"https:\/\/api.w.org\/{rel}","templated":true}]}}