{"id":108,"date":"2023-05-22T20:01:52","date_gmt":"2023-05-22T20:01:52","guid":{"rendered":"https:\/\/fiuzawines.pt\/?page_id=108"},"modified":"2025-06-04T10:40:04","modified_gmt":"2025-06-04T10:40:04","slug":"reservas","status":"publish","type":"page","link":"https:\/\/fiuzawines.pt\/pl\/vinhos\/reservas\/","title":{"rendered":"Reservas"},"content":{"rendered":"<div data-elementor-type=\"wp-page\" data-elementor-id=\"108\" class=\"elementor elementor-108\" data-elementor-post-type=\"page\">\n\t\t\t\t\t\t<section class=\"elementor-section elementor-top-section elementor-element elementor-element-16b2159 elementor-section-full_width elementor-section-height-default elementor-section-height-default\" data-id=\"16b2159\" data-element_type=\"section\" data-e-type=\"section\" data-settings=\"{&quot;background_background&quot;:&quot;classic&quot;}\">\n\t\t\t\t\t\t<div class=\"elementor-container elementor-column-gap-default\">\n\t\t\t\t\t<div class=\"elementor-column elementor-col-100 elementor-top-column elementor-element elementor-element-f30dbf8\" data-id=\"f30dbf8\" data-element_type=\"column\" data-e-type=\"column\">\n\t\t\t<div class=\"elementor-widget-wrap\">\n\t\t\t\t\t\t\t<\/div>\n\t\t<\/div>\n\t\t\t\t\t<\/div>\n\t\t<\/section>\n\t\t\t\t<section class=\"elementor-section elementor-top-section elementor-element elementor-element-d2c7049 elementor-section-boxed elementor-section-height-default elementor-section-height-default\" data-id=\"d2c7049\" data-element_type=\"section\" data-e-type=\"section\">\n\t\t\t\t\t\t<div class=\"elementor-container elementor-column-gap-default\">\n\t\t\t\t\t<div class=\"elementor-column elementor-col-100 elementor-top-column elementor-element elementor-element-8bf70c6\" data-id=\"8bf70c6\" data-element_type=\"column\" data-e-type=\"column\">\n\t\t\t<div class=\"elementor-widget-wrap elementor-element-populated\">\n\t\t\t\t\t\t<div class=\"elementor-element elementor-element-4e8af42 elementor-widget elementor-widget-spacer\" data-id=\"4e8af42\" data-element_type=\"widget\" data-e-type=\"widget\" data-widget_type=\"spacer.default\">\n\t\t\t\t<div class=\"elementor-widget-container\">\n\t\t\t\t\t\t\t<div class=\"elementor-spacer\">\n\t\t\t<div class=\"elementor-spacer-inner\"><\/div>\n\t\t<\/div>\n\t\t\t\t\t\t<\/div>\n\t\t\t\t<\/div>\n\t\t\t\t<div class=\"elementor-element elementor-element-9413b4a elementor-widget elementor-widget-heading\" data-id=\"9413b4a\" data-element_type=\"widget\" data-e-type=\"widget\" data-widget_type=\"heading.default\">\n\t\t\t\t<div class=\"elementor-widget-container\">\n\t\t\t\t\t<h2 class=\"elementor-heading-title elementor-size-default\">Reservas<\/h2>\t\t\t\t<\/div>\n\t\t\t\t<\/div>\n\t\t\t\t<div class=\"elementor-element elementor-element-f3bcdc5 elementor-hidden-tablet elementor-hidden-mobile elementor-widget elementor-widget-spacer\" data-id=\"f3bcdc5\" data-element_type=\"widget\" data-e-type=\"widget\" data-widget_type=\"spacer.default\">\n\t\t\t\t<div class=\"elementor-widget-container\">\n\t\t\t\t\t\t\t<div class=\"elementor-spacer\">\n\t\t\t<div class=\"elementor-spacer-inner\"><\/div>\n\t\t<\/div>\n\t\t\t\t\t\t<\/div>\n\t\t\t\t<\/div>\n\t\t\t\t\t<\/div>\n\t\t<\/div>\n\t\t\t\t\t<\/div>\n\t\t<\/section>\n\t\t\t\t<section class=\"elementor-section elementor-top-section elementor-element elementor-element-00273ab elementor-section-full_width elementor-section-height-default elementor-section-height-default\" data-id=\"00273ab\" data-element_type=\"section\" data-e-type=\"section\">\n\t\t\t\t\t\t<div class=\"elementor-container elementor-column-gap-default\">\n\t\t\t\t\t<div class=\"elementor-column elementor-col-20 elementor-top-column elementor-element elementor-element-9cac1a6 elementor-hidden-tablet elementor-hidden-mobile\" data-id=\"9cac1a6\" data-element_type=\"column\" data-e-type=\"column\">\n\t\t\t<div class=\"elementor-widget-wrap\">\n\t\t\t\t\t\t\t<\/div>\n\t\t<\/div>\n\t\t\t\t<div class=\"elementor-column elementor-col-20 elementor-top-column elementor-element elementor-element-1f0a3d0\" data-id=\"1f0a3d0\" data-element_type=\"column\" data-e-type=\"column\">\n\t\t\t<div class=\"elementor-widget-wrap elementor-element-populated\">\n\t\t\t\t\t\t<div class=\"elementor-element elementor-element-127a389 elementor-widget elementor-widget-image\" data-id=\"127a389\" data-element_type=\"widget\" data-e-type=\"widget\" data-widget_type=\"image.default\">\n\t\t\t\t<div class=\"elementor-widget-container\">\n\t\t\t\t\t\t\t\t\t\t\t\t<figure class=\"wp-caption\">\n\t\t\t\t\t\t\t\t\t\t\t<a href=\"https:\/\/fiuzawines.pt\/pl\/vinhos\/reservas\/reservas-reservas-silent-oak-tinto\/\">\n\t\t\t\t\t\t\t<img fetchpriority=\"high\" decoding=\"async\" width=\"521\" height=\"1024\" src=\"https:\/\/fiuzawines.pt\/wp-content\/uploads\/2025\/06\/Silent-Oak-Site-Fiuza_Prancheta-1-copia-521x1024.png\" class=\"attachment-large size-large wp-image-9931\" alt=\"\" srcset=\"https:\/\/fiuzawines.pt\/wp-content\/uploads\/2025\/06\/Silent-Oak-Site-Fiuza_Prancheta-1-copia-521x1024.png 521w, https:\/\/fiuzawines.pt\/wp-content\/uploads\/2025\/06\/Silent-Oak-Site-Fiuza_Prancheta-1-copia-153x300.png 153w, https:\/\/fiuzawines.pt\/wp-content\/uploads\/2025\/06\/Silent-Oak-Site-Fiuza_Prancheta-1-copia-768x1508.png 768w, https:\/\/fiuzawines.pt\/wp-content\/uploads\/2025\/06\/Silent-Oak-Site-Fiuza_Prancheta-1-copia-782x1536.png 782w, https:\/\/fiuzawines.pt\/wp-content\/uploads\/2025\/06\/Silent-Oak-Site-Fiuza_Prancheta-1-copia-1043x2048.png 1043w, https:\/\/fiuzawines.pt\/wp-content\/uploads\/2025\/06\/Silent-Oak-Site-Fiuza_Prancheta-1-copia-6x12.png 6w, https:\/\/fiuzawines.pt\/wp-content\/uploads\/2025\/06\/Silent-Oak-Site-Fiuza_Prancheta-1-copia-scaled.png 1304w\" sizes=\"(max-width: 521px) 100vw, 521px\" style=\"width:100%;height:196.32%;max-width:1304px\" \/>\t\t\t\t\t\t\t\t<\/a>\n\t\t\t\t\t\t\t\t\t\t\t<figcaption class=\"widget-image-caption wp-caption-text\">Silent Oak Reserva Tinto<\/figcaption>\n\t\t\t\t\t\t\t\t\t\t<\/figure>\n\t\t\t\t\t\t\t\t\t<\/div>\n\t\t\t\t<\/div>\n\t\t\t\t\t<\/div>\n\t\t<\/div>\n\t\t\t\t<div class=\"elementor-column elementor-col-20 elementor-top-column elementor-element elementor-element-f750b79\" data-id=\"f750b79\" data-element_type=\"column\" data-e-type=\"column\">\n\t\t\t<div class=\"elementor-widget-wrap elementor-element-populated\">\n\t\t\t\t\t\t<div class=\"elementor-element elementor-element-26a8314 elementor-widget elementor-widget-image\" data-id=\"26a8314\" data-element_type=\"widget\" data-e-type=\"widget\" data-widget_type=\"image.default\">\n\t\t\t\t<div class=\"elementor-widget-container\">\n\t\t\t\t\t\t\t\t\t\t\t\t<figure class=\"wp-caption\">\n\t\t\t\t\t\t\t\t\t\t\t<a href=\"https:\/\/fiuzawines.pt\/pl\/vinhos\/reservas\/reservas-reservas-babu-tinto\/\">\n\t\t\t\t\t\t\t<img decoding=\"async\" width=\"521\" height=\"1024\" src=\"https:\/\/fiuzawines.pt\/wp-content\/uploads\/2023\/06\/Babu-Reserva-Tinto-521x1024.png\" class=\"attachment-large size-large wp-image-1591\" alt=\"\" srcset=\"https:\/\/fiuzawines.pt\/wp-content\/uploads\/2023\/06\/Babu-Reserva-Tinto-521x1024.png 521w, https:\/\/fiuzawines.pt\/wp-content\/uploads\/2023\/06\/Babu-Reserva-Tinto-153x300.png 153w, https:\/\/fiuzawines.pt\/wp-content\/uploads\/2023\/06\/Babu-Reserva-Tinto.png 604w\" sizes=\"(max-width: 521px) 100vw, 521px\" style=\"width:100%;height:196.52%;max-width:604px\" \/>\t\t\t\t\t\t\t\t<\/a>\n\t\t\t\t\t\t\t\t\t\t\t<figcaption class=\"widget-image-caption wp-caption-text\">Babu Reserva Tinto<\/figcaption>\n\t\t\t\t\t\t\t\t\t\t<\/figure>\n\t\t\t\t\t\t\t\t\t<\/div>\n\t\t\t\t<\/div>\n\t\t\t\t\t<\/div>\n\t\t<\/div>\n\t\t\t\t<div class=\"elementor-column elementor-col-20 elementor-top-column elementor-element elementor-element-99136cf\" data-id=\"99136cf\" data-element_type=\"column\" data-e-type=\"column\">\n\t\t\t<div class=\"elementor-widget-wrap elementor-element-populated\">\n\t\t\t\t\t\t<div class=\"elementor-element elementor-element-9b072e2 elementor-widget elementor-widget-image\" data-id=\"9b072e2\" data-element_type=\"widget\" data-e-type=\"widget\" data-widget_type=\"image.default\">\n\t\t\t\t<div class=\"elementor-widget-container\">\n\t\t\t\t\t\t\t\t\t\t\t\t<figure class=\"wp-caption\">\n\t\t\t\t\t\t\t\t\t\t\t<a href=\"https:\/\/fiuzawines.pt\/pl\/vinhos\/reservas\/reservas-reservas-eminente-tinto\/\">\n\t\t\t\t\t\t\t<img decoding=\"async\" width=\"521\" height=\"1024\" src=\"https:\/\/fiuzawines.pt\/wp-content\/uploads\/2023\/06\/Eminente-521x1024.png\" class=\"attachment-large size-large wp-image-1593\" alt=\"\" srcset=\"https:\/\/fiuzawines.pt\/wp-content\/uploads\/2023\/06\/Eminente-521x1024.png 521w, https:\/\/fiuzawines.pt\/wp-content\/uploads\/2023\/06\/Eminente-153x300.png 153w, https:\/\/fiuzawines.pt\/wp-content\/uploads\/2023\/06\/Eminente.png 605w\" sizes=\"(max-width: 521px) 100vw, 521px\" style=\"width:100%;height:196.69%;max-width:605px\" \/>\t\t\t\t\t\t\t\t<\/a>\n\t\t\t\t\t\t\t\t\t\t\t<figcaption class=\"widget-image-caption wp-caption-text\">Eminente Reserva Tinto<\/figcaption>\n\t\t\t\t\t\t\t\t\t\t<\/figure>\n\t\t\t\t\t\t\t\t\t<\/div>\n\t\t\t\t<\/div>\n\t\t\t\t\t<\/div>\n\t\t<\/div>\n\t\t\t\t<div class=\"elementor-column elementor-col-20 elementor-top-column elementor-element elementor-element-c807f59\" data-id=\"c807f59\" data-element_type=\"column\" data-e-type=\"column\">\n\t\t\t<div class=\"elementor-widget-wrap\">\n\t\t\t\t\t\t\t<\/div>\n\t\t<\/div>\n\t\t\t\t\t<\/div>\n\t\t<\/section>\n\t\t\t\t<section class=\"elementor-section elementor-top-section elementor-element elementor-element-d9548e8 elementor-section-full_width elementor-section-height-default elementor-section-height-default\" data-id=\"d9548e8\" data-element_type=\"section\" data-e-type=\"section\">\n\t\t\t\t\t\t<div class=\"elementor-container elementor-column-gap-default\">\n\t\t\t\t\t<div class=\"elementor-column elementor-col-20 elementor-top-column elementor-element elementor-element-5d558f8 elementor-hidden-tablet elementor-hidden-mobile\" data-id=\"5d558f8\" data-element_type=\"column\" data-e-type=\"column\">\n\t\t\t<div class=\"elementor-widget-wrap\">\n\t\t\t\t\t\t\t<\/div>\n\t\t<\/div>\n\t\t\t\t<div class=\"elementor-column elementor-col-20 elementor-top-column elementor-element elementor-element-0124310\" data-id=\"0124310\" data-element_type=\"column\" data-e-type=\"column\">\n\t\t\t<div class=\"elementor-widget-wrap elementor-element-populated\">\n\t\t\t\t\t\t<div class=\"elementor-element elementor-element-16a4cd8 elementor-widget elementor-widget-image\" data-id=\"16a4cd8\" data-element_type=\"widget\" data-e-type=\"widget\" data-widget_type=\"image.default\">\n\t\t\t\t<div class=\"elementor-widget-container\">\n\t\t\t\t\t\t\t\t\t\t\t\t<figure class=\"wp-caption\">\n\t\t\t\t\t\t\t\t\t\t\t<a href=\"https:\/\/fiuzawines.pt\/pl\/vinhos\/reservas\/reservas-reservas-ducado-tinto\/\">\n\t\t\t\t\t\t\t<img loading=\"lazy\" decoding=\"async\" width=\"521\" height=\"1024\" src=\"https:\/\/fiuzawines.pt\/wp-content\/uploads\/2023\/06\/Ducado-Reserva-521x1024.png\" class=\"attachment-large size-large wp-image-1592\" alt=\"\" srcset=\"https:\/\/fiuzawines.pt\/wp-content\/uploads\/2023\/06\/Ducado-Reserva-521x1024.png 521w, https:\/\/fiuzawines.pt\/wp-content\/uploads\/2023\/06\/Ducado-Reserva-153x300.png 153w, https:\/\/fiuzawines.pt\/wp-content\/uploads\/2023\/06\/Ducado-Reserva.png 605w\" sizes=\"(max-width: 521px) 100vw, 521px\" style=\"width:100%;height:196.69%;max-width:605px\" \/>\t\t\t\t\t\t\t\t<\/a>\n\t\t\t\t\t\t\t\t\t\t\t<figcaption class=\"widget-image-caption wp-caption-text\">Ducado do Infante Reserva Tinto<\/figcaption>\n\t\t\t\t\t\t\t\t\t\t<\/figure>\n\t\t\t\t\t\t\t\t\t<\/div>\n\t\t\t\t<\/div>\n\t\t\t\t\t<\/div>\n\t\t<\/div>\n\t\t\t\t<div class=\"elementor-column elementor-col-20 elementor-top-column elementor-element elementor-element-213b126\" data-id=\"213b126\" data-element_type=\"column\" data-e-type=\"column\">\n\t\t\t<div class=\"elementor-widget-wrap\">\n\t\t\t\t\t\t\t<\/div>\n\t\t<\/div>\n\t\t\t\t<div class=\"elementor-column elementor-col-20 elementor-top-column elementor-element elementor-element-aa9c9e1\" data-id=\"aa9c9e1\" data-element_type=\"column\" data-e-type=\"column\">\n\t\t\t<div class=\"elementor-widget-wrap\">\n\t\t\t\t\t\t\t<\/div>\n\t\t<\/div>\n\t\t\t\t<div class=\"elementor-column elementor-col-20 elementor-top-column elementor-element elementor-element-4e49730\" data-id=\"4e49730\" data-element_type=\"column\" data-e-type=\"column\">\n\t\t\t<div class=\"elementor-widget-wrap\">\n\t\t\t\t\t\t\t<\/div>\n\t\t<\/div>\n\t\t\t\t\t<\/div>\n\t\t<\/section>\n\t\t\t\t<section class=\"elementor-section elementor-top-section elementor-element elementor-element-675c2aea elementor-section-full_width elementor-section-height-default elementor-section-height-default\" data-id=\"675c2aea\" data-element_type=\"section\" data-e-type=\"section\">\n\t\t\t\t\t\t<div class=\"elementor-container elementor-column-gap-default\">\n\t\t\t\t\t<div class=\"elementor-column elementor-col-100 elementor-top-column elementor-element elementor-element-3a39686\" data-id=\"3a39686\" data-element_type=\"column\" data-e-type=\"column\">\n\t\t\t<div class=\"elementor-widget-wrap elementor-element-populated\">\n\t\t\t\t\t\t<div class=\"elementor-element elementor-element-60b54e57 elementor-hidden-laptop elementor-hidden-tablet elementor-hidden-mobile elementor-widget elementor-widget-elementskit-back-to-top\" data-id=\"60b54e57\" data-element_type=\"widget\" data-e-type=\"widget\" data-widget_type=\"elementskit-back-to-top.default\">\n\t\t\t\t<div class=\"elementor-widget-container\">\n\t\t\t\t\t<div class=\"ekit-wid-con\" >\t\t\t<div class=\"ekit-back-to-top-container ekit-btt icon_only\" data-settings=\"{&quot;offset_top&quot;:0,&quot;show_after&quot;:null,&quot;show_scroll&quot;:&quot;&quot;,&quot;style&quot;:&quot;icon_only&quot;,&quot;foreground&quot;:null,&quot;background&quot;:null}\"> \n\t\t\t\t<span class=\"ekit-btt__button\">\n\t\t\t\t\t<i aria-hidden=\"true\" class=\"fas fa-arrow-circle-up\"><\/i>\t\t\t\t<\/span>\n\t\t\t<\/div>\n\t\t<\/div>\t\t\t\t<\/div>\n\t\t\t\t<\/div>\n\t\t\t\t<div class=\"elementor-element elementor-element-49aa30d6 elementor-hidden-desktop elementor-hidden-laptop elementor-widget elementor-widget-elementskit-back-to-top\" data-id=\"49aa30d6\" data-element_type=\"widget\" data-e-type=\"widget\" data-widget_type=\"elementskit-back-to-top.default\">\n\t\t\t\t<div class=\"elementor-widget-container\">\n\t\t\t\t\t<div class=\"ekit-wid-con\" >\t\t\t<div class=\"ekit-back-to-top-container ekit-btt icon_only\" data-settings=\"{&quot;offset_top&quot;:0,&quot;show_after&quot;:null,&quot;show_scroll&quot;:&quot;&quot;,&quot;style&quot;:&quot;icon_only&quot;,&quot;foreground&quot;:null,&quot;background&quot;:null}\"> \n\t\t\t\t<span class=\"ekit-btt__button\">\n\t\t\t\t\t<i aria-hidden=\"true\" class=\"fas fa-arrow-circle-up\"><\/i>\t\t\t\t<\/span>\n\t\t\t<\/div>\n\t\t<\/div>\t\t\t\t<\/div>\n\t\t\t\t<\/div>\n\t\t\t\t\t<\/div>\n\t\t<\/div>\n\t\t\t\t\t<\/div>\n\t\t<\/section>\n\t\t\t\t<\/div>","protected":false},"excerpt":{"rendered":"<p>Reservas Silent Oak Reserva Tinto Babu Reserva Tinto Eminente Reserva Tinto Ducado do Infante Reserva Tinto<\/p>","protected":false},"author":1,"featured_media":0,"parent":8,"menu_order":0,"comment_status":"closed","ping_status":"closed","template":"","meta":{"_monsterinsights_skip_tracking":false,"_monsterinsights_sitenote_active":false,"_monsterinsights_sitenote_note":"","_monsterinsights_sitenote_category":0,"footnotes":""},"class_list":["post-108","page","type-page","status-publish","hentry","entry"],"yoast_head":"<!-- This site is optimized with the Yoast SEO plugin v27.4 - https:\/\/yoast.com\/product\/yoast-seo-wordpress\/ -->\n<title>Reservas - Fiuza - Conhece-se Pela Casta<\/title>\n<meta name=\"description\" content=\"Conhe\u00e7a a Gama Fiuza Reservas. Sele\u00e7\u00e3o de Vinhos Reserva como Silent Oak, Babu, Eminente e Ducado do Infante.\" \/>\n<meta name=\"robots\" content=\"index, follow, max-snippet:-1, max-image-preview:large, max-video-preview:-1\" \/>\n<link rel=\"canonical\" href=\"https:\/\/fiuzawines.pt\/pl\/vinhos\/reservas\/\" \/>\n<meta property=\"og:locale\" content=\"pl_PL\" \/>\n<meta property=\"og:type\" content=\"article\" \/>\n<meta property=\"og:title\" content=\"Reservas - Fiuza - Conhece-se Pela Casta\" \/>\n<meta property=\"og:description\" content=\"Conhe\u00e7a a Gama Fiuza Reservas. Sele\u00e7\u00e3o de Vinhos Reserva como Silent Oak, Babu, Eminente e Ducado do Infante.\" \/>\n<meta property=\"og:url\" content=\"https:\/\/fiuzawines.pt\/pl\/vinhos\/reservas\/\" \/>\n<meta property=\"og:site_name\" content=\"Fiuza - Conhece-se Pela Casta\" \/>\n<meta property=\"article:publisher\" content=\"https:\/\/www.facebook.com\/fiuza.wines\" \/>\n<meta property=\"article:modified_time\" content=\"2025-06-04T10:40:04+00:00\" \/>\n<meta property=\"og:image\" content=\"https:\/\/fiuzawines.pt\/wp-content\/uploads\/2025\/06\/Silent-Oak-Site-Fiuza_Prancheta-1-copia-scaled.png\" \/>\n\t<meta property=\"og:image:width\" content=\"1304\" \/>\n\t<meta property=\"og:image:height\" content=\"2560\" \/>\n\t<meta property=\"og:image:type\" content=\"image\/png\" \/>\n<meta name=\"twitter:card\" content=\"summary_large_image\" \/>\n<meta name=\"twitter:label1\" content=\"Szacowany czas czytania\" \/>\n\t<meta name=\"twitter:data1\" content=\"1 minuta\" \/>\n<script type=\"application\/ld+json\" class=\"yoast-schema-graph\">{\"@context\":\"https:\\\/\\\/schema.org\",\"@graph\":[{\"@type\":\"WebPage\",\"@id\":\"https:\\\/\\\/fiuzawines.pt\\\/en\\\/vinhos\\\/reservas\\\/\",\"url\":\"https:\\\/\\\/fiuzawines.pt\\\/en\\\/vinhos\\\/reservas\\\/\",\"name\":\"Reservas - Fiuza - Conhece-se Pela Casta\",\"isPartOf\":{\"@id\":\"https:\\\/\\\/fiuzawines.pt\\\/#website\"},\"primaryImageOfPage\":{\"@id\":\"https:\\\/\\\/fiuzawines.pt\\\/en\\\/vinhos\\\/reservas\\\/#primaryimage\"},\"image\":{\"@id\":\"https:\\\/\\\/fiuzawines.pt\\\/en\\\/vinhos\\\/reservas\\\/#primaryimage\"},\"thumbnailUrl\":\"https:\\\/\\\/fiuzawines.pt\\\/wp-content\\\/uploads\\\/2025\\\/06\\\/Silent-Oak-Site-Fiuza_Prancheta-1-copia-521x1024.png\",\"datePublished\":\"2023-05-22T20:01:52+00:00\",\"dateModified\":\"2025-06-04T10:40:04+00:00\",\"description\":\"Conhe\u00e7a a Gama Fiuza Reservas. Sele\u00e7\u00e3o de Vinhos Reserva como Silent Oak, Babu, Eminente e Ducado do Infante.\",\"breadcrumb\":{\"@id\":\"https:\\\/\\\/fiuzawines.pt\\\/en\\\/vinhos\\\/reservas\\\/#breadcrumb\"},\"inLanguage\":\"pl-PL\",\"potentialAction\":[{\"@type\":\"ReadAction\",\"target\":[\"https:\\\/\\\/fiuzawines.pt\\\/en\\\/vinhos\\\/reservas\\\/\"]}]},{\"@type\":\"ImageObject\",\"inLanguage\":\"pl-PL\",\"@id\":\"https:\\\/\\\/fiuzawines.pt\\\/en\\\/vinhos\\\/reservas\\\/#primaryimage\",\"url\":\"https:\\\/\\\/fiuzawines.pt\\\/wp-content\\\/uploads\\\/2025\\\/06\\\/Silent-Oak-Site-Fiuza_Prancheta-1-copia-521x1024.png\",\"contentUrl\":\"https:\\\/\\\/fiuzawines.pt\\\/wp-content\\\/uploads\\\/2025\\\/06\\\/Silent-Oak-Site-Fiuza_Prancheta-1-copia-521x1024.png\"},{\"@type\":\"BreadcrumbList\",\"@id\":\"https:\\\/\\\/fiuzawines.pt\\\/en\\\/vinhos\\\/reservas\\\/#breadcrumb\",\"itemListElement\":[{\"@type\":\"ListItem\",\"position\":1,\"name\":\"In\u00edcio\",\"item\":\"https:\\\/\\\/fiuzawines.pt\\\/\"},{\"@type\":\"ListItem\",\"position\":2,\"name\":\"Vinhos\",\"item\":\"https:\\\/\\\/fiuzawines.pt\\\/en\\\/vinhos\\\/\"},{\"@type\":\"ListItem\",\"position\":3,\"name\":\"Reservas\"}]},{\"@type\":\"WebSite\",\"@id\":\"https:\\\/\\\/fiuzawines.pt\\\/#website\",\"url\":\"https:\\\/\\\/fiuzawines.pt\\\/\",\"name\":\"Fiuza - Conhece-se Pela Casta\",\"description\":\"\",\"publisher\":{\"@id\":\"https:\\\/\\\/fiuzawines.pt\\\/#organization\"},\"potentialAction\":[{\"@type\":\"SearchAction\",\"target\":{\"@type\":\"EntryPoint\",\"urlTemplate\":\"https:\\\/\\\/fiuzawines.pt\\\/?s={search_term_string}\"},\"query-input\":{\"@type\":\"PropertyValueSpecification\",\"valueRequired\":true,\"valueName\":\"search_term_string\"}}],\"inLanguage\":\"pl-PL\"},{\"@type\":\"Organization\",\"@id\":\"https:\\\/\\\/fiuzawines.pt\\\/#organization\",\"name\":\"Fiuza - Conhece-se Pela Casta\",\"url\":\"https:\\\/\\\/fiuzawines.pt\\\/\",\"logo\":{\"@type\":\"ImageObject\",\"inLanguage\":\"pl-PL\",\"@id\":\"https:\\\/\\\/fiuzawines.pt\\\/#\\\/schema\\\/logo\\\/image\\\/\",\"url\":\"https:\\\/\\\/fiuzawines.pt\\\/wp-content\\\/uploads\\\/2023\\\/05\\\/fiuza_logo.png\",\"contentUrl\":\"https:\\\/\\\/fiuzawines.pt\\\/wp-content\\\/uploads\\\/2023\\\/05\\\/fiuza_logo.png\",\"width\":132,\"height\":41,\"caption\":\"Fiuza - Conhece-se Pela Casta\"},\"image\":{\"@id\":\"https:\\\/\\\/fiuzawines.pt\\\/#\\\/schema\\\/logo\\\/image\\\/\"},\"sameAs\":[\"https:\\\/\\\/www.facebook.com\\\/fiuza.wines\"]}]}<\/script>\n<!-- \/ Yoast SEO plugin. -->","yoast_head_json":{"title":"Reservas - Fiuza - Conhece-se Pela Casta","description":"Conhe\u00e7a a Gama Fiuza Reservas. Sele\u00e7\u00e3o de Vinhos Reserva como Silent Oak, Babu, Eminente e Ducado do Infante.","robots":{"index":"index","follow":"follow","max-snippet":"max-snippet:-1","max-image-preview":"max-image-preview:large","max-video-preview":"max-video-preview:-1"},"canonical":"https:\/\/fiuzawines.pt\/pl\/vinhos\/reservas\/","og_locale":"pl_PL","og_type":"article","og_title":"Reservas - Fiuza - Conhece-se Pela Casta","og_description":"Conhe\u00e7a a Gama Fiuza Reservas. Sele\u00e7\u00e3o de Vinhos Reserva como Silent Oak, Babu, Eminente e Ducado do Infante.","og_url":"https:\/\/fiuzawines.pt\/pl\/vinhos\/reservas\/","og_site_name":"Fiuza - Conhece-se Pela Casta","article_publisher":"https:\/\/www.facebook.com\/fiuza.wines","article_modified_time":"2025-06-04T10:40:04+00:00","og_image":[{"width":1304,"height":2560,"url":"https:\/\/fiuzawines.pt\/wp-content\/uploads\/2025\/06\/Silent-Oak-Site-Fiuza_Prancheta-1-copia-scaled.png","type":"image\/png"}],"twitter_card":"summary_large_image","twitter_misc":{"Szacowany czas czytania":"1 minuta"},"schema":{"@context":"https:\/\/schema.org","@graph":[{"@type":"WebPage","@id":"https:\/\/fiuzawines.pt\/en\/vinhos\/reservas\/","url":"https:\/\/fiuzawines.pt\/en\/vinhos\/reservas\/","name":"Reservas - Fiuza - Conhece-se Pela Casta","isPartOf":{"@id":"https:\/\/fiuzawines.pt\/#website"},"primaryImageOfPage":{"@id":"https:\/\/fiuzawines.pt\/en\/vinhos\/reservas\/#primaryimage"},"image":{"@id":"https:\/\/fiuzawines.pt\/en\/vinhos\/reservas\/#primaryimage"},"thumbnailUrl":"https:\/\/fiuzawines.pt\/wp-content\/uploads\/2025\/06\/Silent-Oak-Site-Fiuza_Prancheta-1-copia-521x1024.png","datePublished":"2023-05-22T20:01:52+00:00","dateModified":"2025-06-04T10:40:04+00:00","description":"Conhe\u00e7a a Gama Fiuza Reservas. Sele\u00e7\u00e3o de Vinhos Reserva como Silent Oak, Babu, Eminente e Ducado do Infante.","breadcrumb":{"@id":"https:\/\/fiuzawines.pt\/en\/vinhos\/reservas\/#breadcrumb"},"inLanguage":"pl-PL","potentialAction":[{"@type":"ReadAction","target":["https:\/\/fiuzawines.pt\/en\/vinhos\/reservas\/"]}]},{"@type":"ImageObject","inLanguage":"pl-PL","@id":"https:\/\/fiuzawines.pt\/en\/vinhos\/reservas\/#primaryimage","url":"https:\/\/fiuzawines.pt\/wp-content\/uploads\/2025\/06\/Silent-Oak-Site-Fiuza_Prancheta-1-copia-521x1024.png","contentUrl":"https:\/\/fiuzawines.pt\/wp-content\/uploads\/2025\/06\/Silent-Oak-Site-Fiuza_Prancheta-1-copia-521x1024.png"},{"@type":"BreadcrumbList","@id":"https:\/\/fiuzawines.pt\/en\/vinhos\/reservas\/#breadcrumb","itemListElement":[{"@type":"ListItem","position":1,"name":"In\u00edcio","item":"https:\/\/fiuzawines.pt\/"},{"@type":"ListItem","position":2,"name":"Vinhos","item":"https:\/\/fiuzawines.pt\/en\/vinhos\/"},{"@type":"ListItem","position":3,"name":"Reservas"}]},{"@type":"WebSite","@id":"https:\/\/fiuzawines.pt\/#website","url":"https:\/\/fiuzawines.pt\/","name":"Fiuza - Conhece-se Pela Casta","description":"","publisher":{"@id":"https:\/\/fiuzawines.pt\/#organization"},"potentialAction":[{"@type":"SearchAction","target":{"@type":"EntryPoint","urlTemplate":"https:\/\/fiuzawines.pt\/?s={search_term_string}"},"query-input":{"@type":"PropertyValueSpecification","valueRequired":true,"valueName":"search_term_string"}}],"inLanguage":"pl-PL"},{"@type":"Organization","@id":"https:\/\/fiuzawines.pt\/#organization","name":"Fiuza - Conhece-se Pela Casta","url":"https:\/\/fiuzawines.pt\/","logo":{"@type":"ImageObject","inLanguage":"pl-PL","@id":"https:\/\/fiuzawines.pt\/#\/schema\/logo\/image\/","url":"https:\/\/fiuzawines.pt\/wp-content\/uploads\/2023\/05\/fiuza_logo.png","contentUrl":"https:\/\/fiuzawines.pt\/wp-content\/uploads\/2023\/05\/fiuza_logo.png","width":132,"height":41,"caption":"Fiuza - Conhece-se Pela Casta"},"image":{"@id":"https:\/\/fiuzawines.pt\/#\/schema\/logo\/image\/"},"sameAs":["https:\/\/www.facebook.com\/fiuza.wines"]}]}},"_links":{"self":[{"href":"https:\/\/fiuzawines.pt\/pl\/wp-json\/wp\/v2\/pages\/108","targetHints":{"allow":["GET"]}}],"collection":[{"href":"https:\/\/fiuzawines.pt\/pl\/wp-json\/wp\/v2\/pages"}],"about":[{"href":"https:\/\/fiuzawines.pt\/pl\/wp-json\/wp\/v2\/types\/page"}],"author":[{"embeddable":true,"href":"https:\/\/fiuzawines.pt\/pl\/wp-json\/wp\/v2\/users\/1"}],"replies":[{"embeddable":true,"href":"https:\/\/fiuzawines.pt\/pl\/wp-json\/wp\/v2\/comments?post=108"}],"version-history":[{"count":4,"href":"https:\/\/fiuzawines.pt\/pl\/wp-json\/wp\/v2\/pages\/108\/revisions"}],"predecessor-version":[{"id":9934,"href":"https:\/\/fiuzawines.pt\/pl\/wp-json\/wp\/v2\/pages\/108\/revisions\/9934"}],"up":[{"embeddable":true,"href":"https:\/\/fiuzawines.pt\/pl\/wp-json\/wp\/v2\/pages\/8"}],"wp:attachment":[{"href":"https:\/\/fiuzawines.pt\/pl\/wp-json\/wp\/v2\/media?parent=108"}],"curies":[{"name":"wp","href":"https:\/\/api.w.org\/{rel}","templated":true}]}}