{"id":8529,"date":"2024-03-05T16:01:02","date_gmt":"2024-03-05T16:01:02","guid":{"rendered":"https:\/\/fiuzawines.pt\/?page_id=8529"},"modified":"2024-03-05T16:41:05","modified_gmt":"2024-03-05T16:41:05","slug":"politica-de-privacidade-e-de-cookies","status":"publish","type":"page","link":"https:\/\/fiuzawines.pt\/en\/politica-de-privacidade-e-de-cookies\/","title":{"rendered":"Pol\u00edtica de Privacidade e de Cookies"},"content":{"rendered":"<div data-elementor-type=\"wp-page\" data-elementor-id=\"8529\" class=\"elementor elementor-8529\" data-elementor-post-type=\"page\">\n\t\t\t\t\t\t<section class=\"elementor-section elementor-top-section elementor-element elementor-element-40cb6a2f elementor-section-full_width elementor-section-height-min-height elementor-section-content-middle elementor-section-height-default elementor-section-items-middle\" data-id=\"40cb6a2f\" data-element_type=\"section\" data-e-type=\"section\" data-settings=\"{&quot;background_background&quot;:&quot;classic&quot;}\">\n\t\t\t\t\t\t<div class=\"elementor-container elementor-column-gap-default\">\n\t\t\t\t\t<div class=\"elementor-column elementor-col-100 elementor-top-column elementor-element elementor-element-461c89f\" data-id=\"461c89f\" data-element_type=\"column\" data-e-type=\"column\">\n\t\t\t<div class=\"elementor-widget-wrap elementor-element-populated\">\n\t\t\t\t\t\t<div class=\"elementor-element elementor-element-06868cf elementor-widget elementor-widget-heading\" data-id=\"06868cf\" data-element_type=\"widget\" data-e-type=\"widget\" data-widget_type=\"heading.default\">\n\t\t\t\t<div class=\"elementor-widget-container\">\n\t\t\t\t\t<h2 class=\"elementor-heading-title elementor-size-default\">Pol\u00edtica de privacidade, <br>prote\u00e7\u00e3o de dados pessoais e de cookies<\/h2>\t\t\t\t<\/div>\n\t\t\t\t<\/div>\n\t\t\t\t<div class=\"elementor-element elementor-element-b6fc8c9 elementor-widget elementor-widget-text-editor\" data-id=\"b6fc8c9\" data-element_type=\"widget\" data-e-type=\"widget\" data-widget_type=\"text-editor.default\">\n\t\t\t\t<div class=\"elementor-widget-container\">\n\t\t\t\t\t\t\t\t\t<p><b>PROTECTION OF PERSONAL DATA<\/b><\/p><p>Your personal data will be processed in accordance with the requirements of Regulation (EU) No. 2016\/769 of the European Parliament and of the Council of 27 April 2016 on the protection of natural persons with regard to the processing of personal data and the free movement of such data, and which repeals Directive no. 95\/46\/EC (hereinafter, \u201cGDPR\u201d).<\/p><p><b>\u00a0<\/b><\/p><p><b>RESPONSIBLE FOR THE TREATMENT:<\/b><\/p><p>The person responsible for processing the personal data you provide is Fiuza &amp; Bright \u2013 Sociedade Vitivin\u00edcola, Lda. with the following contact details:<\/p><p>Address: Travessa do Vareta, n\u00ba11, 2080 \u2013 184 Almeirim<\/p><p class=\"translation-block\">Tax identification number: 503332496\n<br>Telephone\/fax: 243 597 491\n<br>Email address: info@fiuzabright.pt<\/p><p><b>\u00a0<\/b><\/p><p><b>DATA PROTECTION OFFICER:<\/b><\/p><p>Address: Travessa do Vareta, n\u00ba11, 2080 \u2013 184 Almeirim<br \/>Telephone\/fax: 243 597 491\u00a0<br \/>Email address: info@fiuzabright.pt<\/p><p><b>\u00a0<\/b><\/p><p><b>PURPOSES AND LEGAL BASIS FOR THE PROCESSING OF PERSONAL DATA:<\/b><\/p><p>When you access the Fiuza website, we collect your personal data and process it in accordance with the following purposes\/legal bases:<\/p><p><b><br \/>CUSTOMER DATA\u00a0<\/b><\/p><p class=\"translation-block\"><b>PURPOSE: <\/b>Customer opening, contact, orders, invoicing, collection and sending commercial and\/or marketing communications\n<br><b>LEGAL BASIS: <\/b>Pre-contractual and contractual relationship, compliance with legal obligations and legitimate interests of the Data Controller\n<br><b>CATEGORY OF DATA TO BE PROCESSED:<\/b> Identification data and other data that may be provided.<\/p><p><b><br \/>SUPPLIER DATA<\/b><\/p><p class=\"translation-block\"><b>PURPOSE: <\/b>Opening of a supplier, contact, orders, invoicing and collection<b><br>LEGAL BASIS: <\/b>Pre-contractual and contractual relationship, compliance with legal obligations and legitimate interests of the person responsible for Processing<b><br>CATEGORY OF DATA TO BE PROCESSED: <\/b>Identification data and other data eventually provided.<\/p><p><b>\u00a0<\/b><\/p><p><b>SUBMITTING APPLICATIONS\u00a0<\/b><\/p><p class=\"translation-block\"><b>PURPOSE :<\/b>Analysis of the applications sent.<b><br>LEGAL BASIS: <\/b>Pre-contractual measures at the request of the data subject; Legitimate interests of the Data Controller (namely, interest in analyzing applications and interest in hiring).<b><br>CATEGORY OF DATA TO BE PROCESSED: <\/b>Identification data; academic qualifications; professional activity data; other data provided.<\/p><p><b>\u00a0<\/b><\/p><p><b>CONTACT THROUGH THE WEBSITE<\/b><\/p><p class=\"translation-block\"><b>PURPOSE: <\/b>Management of contact requests made through the website.<b><br>LEGAL BASIS: <\/b>Pre-contractual measures at the request of the data subject; Legitimate interests of the Data Controller (namely, interest in responding to contact requests) and consent.<b><br>CATEGORY OF DATA TO BE PROCESSED: <\/b>Identification data; other data eventually provided.<\/p><p><b><br \/>OTHER REQUESTS<\/b><\/p><p class=\"translation-block\"><b>PURPOSE: <\/b>Management of different requests or requests for general information received via the website or email from the Data Controller.<b><br>LEGAL BASIS: <\/b>Pre-contractual measures at the request of the data subject; Legitimate interests of the Data Controller (namely, interest in responding to requests sent).<b><br>CATEGORY OF DATA TO BE PROCESSED: <\/b>Identification data; other data eventually provided.<\/p><p><b>\u00a0<\/b><\/p><p><b>IMAGE AND SOUND CAPTURE OF PUBLIC OR PRIVATE EVENTS<\/b><\/p><p class=\"translation-block\"><b>PURPOSE: <\/b>Registration of events promoted by the Data Controller and dissemination of promotional information \/ commercial reporting.<b><br>LEGAL BASIS: <\/b>Legitimate interests of the Data Controller and consent (in events private)<b><br>CATEGORY OF DATA TO BE PROCESSED: <\/b>Image and sound of data subjects<\/p><p><b>\u00a0<\/b><\/p><p><b>PROMOTIONAL ACTIONS<\/b><\/p><p class=\"translation-block\"><b>PURPOSE: <\/b>Sending informational and\/or promotional marketing actions<b><br>LEGAL BASIS: <\/b>Interests of data subjects to participate in promotional actions, legitimate interests of the Data Controller (namely knowledge of contact information and consumer preferences of holders, to better direct promotional communication) and consent<b><br>CATEGORY OF DATA TO BE PROCESSED: <\/b>Name, email address\/address and telephone number<\/p><p><b>\u00a0<\/b><\/p><p><b>PERSONAL DATA STORAGE PERIOD:<\/b><\/p><p>Personal data will be processed for the period legally necessary to pursue the purposes described or until the right to object is exercised or the consent that legitimizes the processing is withdrawn, depending on the case.<\/p><p>To this end, several factors will be taken into consideration, such as the term of the contract signed or to be signed with Fiuza, the time needed to respond to your requests and the obligations legally imposed on Fiuza, as well as the duration of the legitimate interests from Fiuza.<\/p><p>Fiuza undertakes not to keep your data beyond the legally required period, but it may keep your personal data for a longer period if legally imposed or if it has a legitimate interest.<\/p><p><b>\u00a0<\/b><\/p><p><b>RECIPIENTS OR CATEGORIES OF RECIPIENTS OF PERSONAL DATA:<\/b><\/p><p>Fiuza will not communicate personal data to third parties, except when legally required or in cases where such communication is necessary, taking into account the services provided.<\/p><p>The recipients of the personal data collected by Fiuza will be all workers who analyze requests made through the website.<\/p><p>Other Fiuza employees, authorized to do so, may also be recipients of personal data.<\/p><p><b>\u00a0<\/b><\/p><p><b>YOUR RIGHTS:<\/b><\/p><p>Holders of personal data have, at any time, the following rights:<\/p><p class=\"translation-block\">1. Right of access;<br>2. Right to rectification,<br>3. Right to update;<br>4. Right to limit treatment;<br>5. Right to erasure;<br>6. Right to portability;<br>7. Right not to be subject to any exclusively automated decision;<br>8. Right to lodge a complaint with the competent supervisory authority (in this case, the National Data Protection Commission).<\/p><p>Holders of personal data also have the right to object to the processing of their personal data.<\/p><p>All rights referred to herein, expressly provided for by law, must be exercised through the identification of their holders (through a copy of their citizen card, giving their unequivocal consent to obtain this copy, or another identification document for them) for the address or email address of Fiuza.<\/p><p>The copy of the citizen card will only be used for the aforementioned purpose (i.e., proving the identity of the holder of the mentioned rights) and will be deleted if it is no longer necessary to pursue the purpose described through consent.<\/p><p>Consent may be withdrawn at any time.<\/p><p><b>\u00a0<\/b><\/p><p><b>CHANGES TO THIS PRIVACY POLICY:<\/b><\/p><p>This Privacy Policy came into force on April 1, 2023 and is updated in accordance with the GDPR and other applicable legislation.<\/p><p>Fiuza may periodically modify its Privacy Policy when such change is justified or legally imposed.<\/p><p>We advise you to consult our Privacy Policy each time you visit our website.<\/p><p><b>\u00a0<\/b><\/p><p><b>\u00a0<\/b><\/p><p><b>COOKIE POLICY<\/b><\/p><p><b style=\"font-size: var(--global--font-size-base);\">\u00a0<\/b><\/p><p><b style=\"font-size: var(--global--font-size-base);\">YOUR PRIVACY<\/b><\/p><p>When accessing any website, information may be stored in your browser, mostly in the form of cookies. This information may be about you, your preferences, your device or use to make the site work or not. The information does not directly identify you, it simply offers you a more personalized experience. You can choose not to allow some types of cookies. Click on the different categories to find more or change the default settings. However, you should know that blocking some types of cookies may have an impact on your experience on the website and the services available.<\/p><p><b>\u00a0<\/b><\/p><p><b>MANDATORY NECESSARY COOKIES<\/b><\/p><p>These cookies are necessary for the website to function and cannot be turned off from your systems. They are used to respond to actions made by you in response to certain services such as setting the privacy policy, login forms or filling out forms. You can configure your browser to block or alert you about these cookies, but some parts of the site may not work.\u00a0<\/p><p><b>\u00a0<\/b><\/p><p><b>COOKIES FOR PERFORMANCE AND TARGETING<\/b><\/p><p>Targeting cookies are set on our website by our advertising partners. They may be used by these partners to build a profile based on your interests and show you relevant advertisements on other websites. They work to identify your browser and your device. If you do not allow the use of these cookies, you may not experience our targeted advertising on other websites.<\/p><p>Performance cookies allow us to count visits and traffic sources so that we can measure and improve the performance of our website. These cookies help us know which pages are most and least popular and allow us to see how visitors navigate the site. All information collected by these cookies is aggregated and therefore anonymous. If you do not allow the use of these cookies, we will not know when you visited our website.<\/p><p>\u00a0<\/p><p>\u00a0<\/p>\t\t\t\t\t\t\t\t<\/div>\n\t\t\t\t<\/div>\n\t\t\t\t\t<\/div>\n\t\t<\/div>\n\t\t\t\t\t<\/div>\n\t\t<\/section>\n\t\t\t\t<section class=\"elementor-section elementor-top-section elementor-element elementor-element-1c44b4e3 elementor-section-full_width elementor-section-height-default elementor-section-height-default\" data-id=\"1c44b4e3\" data-element_type=\"section\" data-e-type=\"section\">\n\t\t\t\t\t\t<div class=\"elementor-container elementor-column-gap-default\">\n\t\t\t\t\t<div class=\"elementor-column elementor-col-100 elementor-top-column elementor-element elementor-element-79dd714a\" data-id=\"79dd714a\" data-element_type=\"column\" data-e-type=\"column\">\n\t\t\t<div class=\"elementor-widget-wrap\">\n\t\t\t\t\t\t\t<\/div>\n\t\t<\/div>\n\t\t\t\t\t<\/div>\n\t\t<\/section>\n\t\t\t\t<\/div>","protected":false},"excerpt":{"rendered":"<p>Pol\u00edtica de privacidade, prote\u00e7\u00e3o de dados pessoais e de cookies A PROTE\u00c7\u00c3O DOS DADOS PESSOAIS Os seus dados pessoais ser\u00e3o tratados de acordo com as exig\u00eancias do Regulamento (UE) n.\u00ba 2016\/769 do Parlamento Europeu e do Conselho, de 27 de Abril de 2016 relativo \u00e0 prote\u00e7\u00e3o das pessoas singulares no que diz respeito ao tratamento&hellip; <a class=\"more-link\" href=\"https:\/\/fiuzawines.pt\/en\/politica-de-privacidade-e-de-cookies\/\">Continue reading <span class=\"screen-reader-text\">Pol\u00edtica de Privacidade e de Cookies<\/span><\/a><\/p>","protected":false},"author":1,"featured_media":752,"parent":0,"menu_order":0,"comment_status":"closed","ping_status":"closed","template":"","meta":{"_monsterinsights_skip_tracking":false,"_monsterinsights_sitenote_active":false,"_monsterinsights_sitenote_note":"","_monsterinsights_sitenote_category":0,"footnotes":""},"class_list":["post-8529","page","type-page","status-publish","has-post-thumbnail","hentry","entry"],"yoast_head":"<!-- This site is optimized with the Yoast SEO plugin v27.6 - https:\/\/yoast.com\/product\/yoast-seo-wordpress\/ -->\n<title>Pol\u00edtica de Privacidade e de Cookies - Fiuza - Conhece-se Pela Casta<\/title>\n<meta name=\"description\" content=\"A Fiuza &amp; Bright produz os seus vinhos com as uvas provenientes das suas quintas. Venha conhecer os nossos vinhos!\" \/>\n<meta name=\"robots\" content=\"index, follow, max-snippet:-1, max-image-preview:large, max-video-preview:-1\" \/>\n<link rel=\"canonical\" href=\"https:\/\/fiuzawines.pt\/en\/politica-de-privacidade-e-de-cookies\/\" \/>\n<meta property=\"og:locale\" content=\"en_US\" \/>\n<meta property=\"og:type\" content=\"article\" \/>\n<meta property=\"og:title\" content=\"Pol\u00edtica de Privacidade e de Cookies - Fiuza - Conhece-se Pela Casta\" \/>\n<meta property=\"og:description\" content=\"A Fiuza &amp; Bright produz os seus vinhos com as uvas provenientes das suas quintas. Venha conhecer os nossos vinhos!\" \/>\n<meta property=\"og:url\" content=\"https:\/\/fiuzawines.pt\/en\/politica-de-privacidade-e-de-cookies\/\" \/>\n<meta property=\"og:site_name\" content=\"Fiuza - Conhece-se Pela Casta\" \/>\n<meta property=\"article:publisher\" content=\"https:\/\/www.facebook.com\/fiuza.wines\" \/>\n<meta property=\"article:modified_time\" content=\"2024-03-05T16:41:05+00:00\" \/>\n<meta property=\"og:image\" content=\"https:\/\/fiuzawines.pt\/wp-content\/uploads\/2023\/06\/maoamundo.png\" \/>\n\t<meta property=\"og:image:width\" content=\"4875\" \/>\n\t<meta property=\"og:image:height\" content=\"2436\" \/>\n\t<meta property=\"og:image:type\" content=\"image\/png\" \/>\n<meta name=\"twitter:card\" content=\"summary_large_image\" \/>\n<meta name=\"twitter:label1\" content=\"Est. reading time\" \/>\n\t<meta name=\"twitter:data1\" content=\"8 minutes\" \/>\n<script type=\"application\/ld+json\" class=\"yoast-schema-graph\">{\"@context\":\"https:\\\/\\\/schema.org\",\"@graph\":[{\"@type\":\"WebPage\",\"@id\":\"https:\\\/\\\/fiuzawines.pt\\\/politica-de-privacidade-e-de-cookies\\\/\",\"url\":\"https:\\\/\\\/fiuzawines.pt\\\/politica-de-privacidade-e-de-cookies\\\/\",\"name\":\"Pol\u00edtica de Privacidade e de Cookies - Fiuza - Conhece-se Pela Casta\",\"isPartOf\":{\"@id\":\"https:\\\/\\\/fiuzawines.pt\\\/#website\"},\"primaryImageOfPage\":{\"@id\":\"https:\\\/\\\/fiuzawines.pt\\\/politica-de-privacidade-e-de-cookies\\\/#primaryimage\"},\"image\":{\"@id\":\"https:\\\/\\\/fiuzawines.pt\\\/politica-de-privacidade-e-de-cookies\\\/#primaryimage\"},\"thumbnailUrl\":\"https:\\\/\\\/fiuzawines.pt\\\/wp-content\\\/uploads\\\/2023\\\/06\\\/maoamundo.png\",\"datePublished\":\"2024-03-05T16:01:02+00:00\",\"dateModified\":\"2024-03-05T16:41:05+00:00\",\"description\":\"A Fiuza & Bright produz os seus vinhos com as uvas provenientes das suas quintas. Venha conhecer os nossos vinhos!\",\"breadcrumb\":{\"@id\":\"https:\\\/\\\/fiuzawines.pt\\\/politica-de-privacidade-e-de-cookies\\\/#breadcrumb\"},\"inLanguage\":\"en-US\",\"potentialAction\":[{\"@type\":\"ReadAction\",\"target\":[\"https:\\\/\\\/fiuzawines.pt\\\/politica-de-privacidade-e-de-cookies\\\/\"]}]},{\"@type\":\"ImageObject\",\"inLanguage\":\"en-US\",\"@id\":\"https:\\\/\\\/fiuzawines.pt\\\/politica-de-privacidade-e-de-cookies\\\/#primaryimage\",\"url\":\"https:\\\/\\\/fiuzawines.pt\\\/wp-content\\\/uploads\\\/2023\\\/06\\\/maoamundo.png\",\"contentUrl\":\"https:\\\/\\\/fiuzawines.pt\\\/wp-content\\\/uploads\\\/2023\\\/06\\\/maoamundo.png\",\"width\":4875,\"height\":2436},{\"@type\":\"BreadcrumbList\",\"@id\":\"https:\\\/\\\/fiuzawines.pt\\\/politica-de-privacidade-e-de-cookies\\\/#breadcrumb\",\"itemListElement\":[{\"@type\":\"ListItem\",\"position\":1,\"name\":\"In\u00edcio\",\"item\":\"https:\\\/\\\/fiuzawines.pt\\\/\"},{\"@type\":\"ListItem\",\"position\":2,\"name\":\"Pol\u00edtica de Privacidade e de Cookies\"}]},{\"@type\":\"WebSite\",\"@id\":\"https:\\\/\\\/fiuzawines.pt\\\/#website\",\"url\":\"https:\\\/\\\/fiuzawines.pt\\\/\",\"name\":\"Fiuza - Conhece-se Pela Casta\",\"description\":\"\",\"publisher\":{\"@id\":\"https:\\\/\\\/fiuzawines.pt\\\/#organization\"},\"potentialAction\":[{\"@type\":\"SearchAction\",\"target\":{\"@type\":\"EntryPoint\",\"urlTemplate\":\"https:\\\/\\\/fiuzawines.pt\\\/?s={search_term_string}\"},\"query-input\":{\"@type\":\"PropertyValueSpecification\",\"valueRequired\":true,\"valueName\":\"search_term_string\"}}],\"inLanguage\":\"en-US\"},{\"@type\":\"Organization\",\"@id\":\"https:\\\/\\\/fiuzawines.pt\\\/#organization\",\"name\":\"Fiuza - Conhece-se Pela Casta\",\"url\":\"https:\\\/\\\/fiuzawines.pt\\\/\",\"logo\":{\"@type\":\"ImageObject\",\"inLanguage\":\"en-US\",\"@id\":\"https:\\\/\\\/fiuzawines.pt\\\/#\\\/schema\\\/logo\\\/image\\\/\",\"url\":\"https:\\\/\\\/fiuzawines.pt\\\/wp-content\\\/uploads\\\/2023\\\/05\\\/fiuza_logo.png\",\"contentUrl\":\"https:\\\/\\\/fiuzawines.pt\\\/wp-content\\\/uploads\\\/2023\\\/05\\\/fiuza_logo.png\",\"width\":132,\"height\":41,\"caption\":\"Fiuza - Conhece-se Pela Casta\"},\"image\":{\"@id\":\"https:\\\/\\\/fiuzawines.pt\\\/#\\\/schema\\\/logo\\\/image\\\/\"},\"sameAs\":[\"https:\\\/\\\/www.facebook.com\\\/fiuza.wines\"]}]}<\/script>\n<!-- \/ Yoast SEO plugin. -->","yoast_head_json":{"title":"Pol\u00edtica de Privacidade e de Cookies - Fiuza - Conhece-se Pela Casta","description":"A Fiuza & Bright produz os seus vinhos com as uvas provenientes das suas quintas. Venha conhecer os nossos vinhos!","robots":{"index":"index","follow":"follow","max-snippet":"max-snippet:-1","max-image-preview":"max-image-preview:large","max-video-preview":"max-video-preview:-1"},"canonical":"https:\/\/fiuzawines.pt\/en\/politica-de-privacidade-e-de-cookies\/","og_locale":"en_US","og_type":"article","og_title":"Pol\u00edtica de Privacidade e de Cookies - Fiuza - Conhece-se Pela Casta","og_description":"A Fiuza & Bright produz os seus vinhos com as uvas provenientes das suas quintas. Venha conhecer os nossos vinhos!","og_url":"https:\/\/fiuzawines.pt\/en\/politica-de-privacidade-e-de-cookies\/","og_site_name":"Fiuza - Conhece-se Pela Casta","article_publisher":"https:\/\/www.facebook.com\/fiuza.wines","article_modified_time":"2024-03-05T16:41:05+00:00","og_image":[{"width":4875,"height":2436,"url":"https:\/\/fiuzawines.pt\/wp-content\/uploads\/2023\/06\/maoamundo.png","type":"image\/png"}],"twitter_card":"summary_large_image","twitter_misc":{"Est. reading time":"8 minutes"},"schema":{"@context":"https:\/\/schema.org","@graph":[{"@type":"WebPage","@id":"https:\/\/fiuzawines.pt\/politica-de-privacidade-e-de-cookies\/","url":"https:\/\/fiuzawines.pt\/politica-de-privacidade-e-de-cookies\/","name":"Pol\u00edtica de Privacidade e de Cookies - Fiuza - Conhece-se Pela Casta","isPartOf":{"@id":"https:\/\/fiuzawines.pt\/#website"},"primaryImageOfPage":{"@id":"https:\/\/fiuzawines.pt\/politica-de-privacidade-e-de-cookies\/#primaryimage"},"image":{"@id":"https:\/\/fiuzawines.pt\/politica-de-privacidade-e-de-cookies\/#primaryimage"},"thumbnailUrl":"https:\/\/fiuzawines.pt\/wp-content\/uploads\/2023\/06\/maoamundo.png","datePublished":"2024-03-05T16:01:02+00:00","dateModified":"2024-03-05T16:41:05+00:00","description":"A Fiuza & Bright produz os seus vinhos com as uvas provenientes das suas quintas. Venha conhecer os nossos vinhos!","breadcrumb":{"@id":"https:\/\/fiuzawines.pt\/politica-de-privacidade-e-de-cookies\/#breadcrumb"},"inLanguage":"en-US","potentialAction":[{"@type":"ReadAction","target":["https:\/\/fiuzawines.pt\/politica-de-privacidade-e-de-cookies\/"]}]},{"@type":"ImageObject","inLanguage":"en-US","@id":"https:\/\/fiuzawines.pt\/politica-de-privacidade-e-de-cookies\/#primaryimage","url":"https:\/\/fiuzawines.pt\/wp-content\/uploads\/2023\/06\/maoamundo.png","contentUrl":"https:\/\/fiuzawines.pt\/wp-content\/uploads\/2023\/06\/maoamundo.png","width":4875,"height":2436},{"@type":"BreadcrumbList","@id":"https:\/\/fiuzawines.pt\/politica-de-privacidade-e-de-cookies\/#breadcrumb","itemListElement":[{"@type":"ListItem","position":1,"name":"In\u00edcio","item":"https:\/\/fiuzawines.pt\/"},{"@type":"ListItem","position":2,"name":"Pol\u00edtica de Privacidade e de Cookies"}]},{"@type":"WebSite","@id":"https:\/\/fiuzawines.pt\/#website","url":"https:\/\/fiuzawines.pt\/","name":"Fiuza - Conhece-se Pela Casta","description":"","publisher":{"@id":"https:\/\/fiuzawines.pt\/#organization"},"potentialAction":[{"@type":"SearchAction","target":{"@type":"EntryPoint","urlTemplate":"https:\/\/fiuzawines.pt\/?s={search_term_string}"},"query-input":{"@type":"PropertyValueSpecification","valueRequired":true,"valueName":"search_term_string"}}],"inLanguage":"en-US"},{"@type":"Organization","@id":"https:\/\/fiuzawines.pt\/#organization","name":"Fiuza - Conhece-se Pela Casta","url":"https:\/\/fiuzawines.pt\/","logo":{"@type":"ImageObject","inLanguage":"en-US","@id":"https:\/\/fiuzawines.pt\/#\/schema\/logo\/image\/","url":"https:\/\/fiuzawines.pt\/wp-content\/uploads\/2023\/05\/fiuza_logo.png","contentUrl":"https:\/\/fiuzawines.pt\/wp-content\/uploads\/2023\/05\/fiuza_logo.png","width":132,"height":41,"caption":"Fiuza - Conhece-se Pela Casta"},"image":{"@id":"https:\/\/fiuzawines.pt\/#\/schema\/logo\/image\/"},"sameAs":["https:\/\/www.facebook.com\/fiuza.wines"]}]}},"_links":{"self":[{"href":"https:\/\/fiuzawines.pt\/en\/wp-json\/wp\/v2\/pages\/8529","targetHints":{"allow":["GET"]}}],"collection":[{"href":"https:\/\/fiuzawines.pt\/en\/wp-json\/wp\/v2\/pages"}],"about":[{"href":"https:\/\/fiuzawines.pt\/en\/wp-json\/wp\/v2\/types\/page"}],"author":[{"embeddable":true,"href":"https:\/\/fiuzawines.pt\/en\/wp-json\/wp\/v2\/users\/1"}],"replies":[{"embeddable":true,"href":"https:\/\/fiuzawines.pt\/en\/wp-json\/wp\/v2\/comments?post=8529"}],"version-history":[{"count":18,"href":"https:\/\/fiuzawines.pt\/en\/wp-json\/wp\/v2\/pages\/8529\/revisions"}],"predecessor-version":[{"id":8553,"href":"https:\/\/fiuzawines.pt\/en\/wp-json\/wp\/v2\/pages\/8529\/revisions\/8553"}],"wp:featuredmedia":[{"embeddable":true,"href":"https:\/\/fiuzawines.pt\/en\/wp-json\/wp\/v2\/media\/752"}],"wp:attachment":[{"href":"https:\/\/fiuzawines.pt\/en\/wp-json\/wp\/v2\/media?parent=8529"}],"curies":[{"name":"wp","href":"https:\/\/api.w.org\/{rel}","templated":true}]}}