{"id":136,"date":"2023-05-22T20:05:36","date_gmt":"2023-05-22T20:05:36","guid":{"rendered":"https:\/\/fiuzawines.pt\/?page_id=136"},"modified":"2023-12-21T17:07:44","modified_gmt":"2023-12-21T17:07:44","slug":"loja","status":"publish","type":"page","link":"https:\/\/fiuzawines.pt\/en\/enoturismo\/loja\/","title":{"rendered":"Store"},"content":{"rendered":"","protected":false},"excerpt":{"rendered":"","protected":false},"author":1,"featured_media":405,"parent":134,"menu_order":0,"comment_status":"closed","ping_status":"closed","template":"","meta":{"_monsterinsights_skip_tracking":false,"_monsterinsights_sitenote_active":false,"_monsterinsights_sitenote_note":"","_monsterinsights_sitenote_category":0,"footnotes":""},"class_list":["post-136","page","type-page","status-publish","has-post-thumbnail","hentry","entry"],"yoast_head":"<!-- This site is optimized with the Yoast SEO plugin v27.6 - https:\/\/yoast.com\/product\/yoast-seo-wordpress\/ -->\n<title>Loja - Fiuza - Conhece-se Pela Casta<\/title>\n<meta name=\"description\" content=\"Na nossa loja poder\u00e1 encontrar todos os vinhos produzidos por n\u00f3s, as \u00faltimas colheitas e tamb\u00e9m alguns vinhos exclusivos.\" \/>\n<meta name=\"robots\" content=\"index, follow, max-snippet:-1, max-image-preview:large, max-video-preview:-1\" \/>\n<link rel=\"canonical\" href=\"https:\/\/fiuzawines.pt\/en\/enoturismo\/loja\/\" \/>\n<meta property=\"og:locale\" content=\"en_US\" \/>\n<meta property=\"og:type\" content=\"article\" \/>\n<meta property=\"og:title\" content=\"Loja - Fiuza - Conhece-se Pela Casta\" \/>\n<meta property=\"og:description\" content=\"Na nossa loja poder\u00e1 encontrar todos os vinhos produzidos por n\u00f3s, as \u00faltimas colheitas e tamb\u00e9m alguns vinhos exclusivos.\" \/>\n<meta property=\"og:url\" content=\"https:\/\/fiuzawines.pt\/en\/enoturismo\/loja\/\" \/>\n<meta property=\"og:site_name\" content=\"Fiuza - Conhece-se Pela Casta\" \/>\n<meta property=\"article:publisher\" content=\"https:\/\/www.facebook.com\/fiuza.wines\" \/>\n<meta property=\"article:modified_time\" content=\"2023-12-21T17:07:44+00:00\" \/>\n<meta property=\"og:image\" content=\"https:\/\/fiuzawines.pt\/wp-content\/uploads\/2023\/05\/loja_imagem-904x1024.png\" \/>\n\t<meta property=\"og:image:width\" content=\"904\" \/>\n\t<meta property=\"og:image:height\" content=\"1024\" \/>\n\t<meta property=\"og:image:type\" content=\"image\/png\" \/>\n<meta name=\"twitter:card\" content=\"summary_large_image\" \/>\n<script type=\"application\/ld+json\" class=\"yoast-schema-graph\">{\"@context\":\"https:\\\/\\\/schema.org\",\"@graph\":[{\"@type\":\"WebPage\",\"@id\":\"https:\\\/\\\/fiuzawines.pt\\\/enoturismo\\\/loja\\\/\",\"url\":\"https:\\\/\\\/fiuzawines.pt\\\/enoturismo\\\/loja\\\/\",\"name\":\"Loja - Fiuza - Conhece-se Pela Casta\",\"isPartOf\":{\"@id\":\"https:\\\/\\\/fiuzawines.pt\\\/#website\"},\"primaryImageOfPage\":{\"@id\":\"https:\\\/\\\/fiuzawines.pt\\\/enoturismo\\\/loja\\\/#primaryimage\"},\"image\":{\"@id\":\"https:\\\/\\\/fiuzawines.pt\\\/enoturismo\\\/loja\\\/#primaryimage\"},\"thumbnailUrl\":\"https:\\\/\\\/fiuzawines.pt\\\/wp-content\\\/uploads\\\/2023\\\/05\\\/loja_imagem.png\",\"datePublished\":\"2023-05-22T20:05:36+00:00\",\"dateModified\":\"2023-12-21T17:07:44+00:00\",\"description\":\"Na nossa loja poder\u00e1 encontrar todos os vinhos produzidos por n\u00f3s, as \u00faltimas colheitas e tamb\u00e9m alguns vinhos exclusivos.\",\"breadcrumb\":{\"@id\":\"https:\\\/\\\/fiuzawines.pt\\\/enoturismo\\\/loja\\\/#breadcrumb\"},\"inLanguage\":\"en-US\",\"potentialAction\":[{\"@type\":\"ReadAction\",\"target\":[\"https:\\\/\\\/fiuzawines.pt\\\/enoturismo\\\/loja\\\/\"]}]},{\"@type\":\"ImageObject\",\"inLanguage\":\"en-US\",\"@id\":\"https:\\\/\\\/fiuzawines.pt\\\/enoturismo\\\/loja\\\/#primaryimage\",\"url\":\"https:\\\/\\\/fiuzawines.pt\\\/wp-content\\\/uploads\\\/2023\\\/05\\\/loja_imagem.png\",\"contentUrl\":\"https:\\\/\\\/fiuzawines.pt\\\/wp-content\\\/uploads\\\/2023\\\/05\\\/loja_imagem.png\",\"width\":960,\"height\":1087},{\"@type\":\"BreadcrumbList\",\"@id\":\"https:\\\/\\\/fiuzawines.pt\\\/enoturismo\\\/loja\\\/#breadcrumb\",\"itemListElement\":[{\"@type\":\"ListItem\",\"position\":1,\"name\":\"In\u00edcio\",\"item\":\"https:\\\/\\\/fiuzawines.pt\\\/\"},{\"@type\":\"ListItem\",\"position\":2,\"name\":\"Enoturismo\",\"item\":\"https:\\\/\\\/fiuzawines.pt\\\/enoturismo\\\/\"},{\"@type\":\"ListItem\",\"position\":3,\"name\":\"Loja\"}]},{\"@type\":\"WebSite\",\"@id\":\"https:\\\/\\\/fiuzawines.pt\\\/#website\",\"url\":\"https:\\\/\\\/fiuzawines.pt\\\/\",\"name\":\"Fiuza - Conhece-se Pela Casta\",\"description\":\"\",\"publisher\":{\"@id\":\"https:\\\/\\\/fiuzawines.pt\\\/#organization\"},\"potentialAction\":[{\"@type\":\"SearchAction\",\"target\":{\"@type\":\"EntryPoint\",\"urlTemplate\":\"https:\\\/\\\/fiuzawines.pt\\\/?s={search_term_string}\"},\"query-input\":{\"@type\":\"PropertyValueSpecification\",\"valueRequired\":true,\"valueName\":\"search_term_string\"}}],\"inLanguage\":\"en-US\"},{\"@type\":\"Organization\",\"@id\":\"https:\\\/\\\/fiuzawines.pt\\\/#organization\",\"name\":\"Fiuza - Conhece-se Pela Casta\",\"url\":\"https:\\\/\\\/fiuzawines.pt\\\/\",\"logo\":{\"@type\":\"ImageObject\",\"inLanguage\":\"en-US\",\"@id\":\"https:\\\/\\\/fiuzawines.pt\\\/#\\\/schema\\\/logo\\\/image\\\/\",\"url\":\"https:\\\/\\\/fiuzawines.pt\\\/wp-content\\\/uploads\\\/2023\\\/05\\\/fiuza_logo.png\",\"contentUrl\":\"https:\\\/\\\/fiuzawines.pt\\\/wp-content\\\/uploads\\\/2023\\\/05\\\/fiuza_logo.png\",\"width\":132,\"height\":41,\"caption\":\"Fiuza - Conhece-se Pela Casta\"},\"image\":{\"@id\":\"https:\\\/\\\/fiuzawines.pt\\\/#\\\/schema\\\/logo\\\/image\\\/\"},\"sameAs\":[\"https:\\\/\\\/www.facebook.com\\\/fiuza.wines\"]}]}<\/script>\n<!-- \/ Yoast SEO plugin. -->","yoast_head_json":{"title":"Loja - Fiuza - Conhece-se Pela Casta","description":"Na nossa loja poder\u00e1 encontrar todos os vinhos produzidos por n\u00f3s, as \u00faltimas colheitas e tamb\u00e9m alguns vinhos exclusivos.","robots":{"index":"index","follow":"follow","max-snippet":"max-snippet:-1","max-image-preview":"max-image-preview:large","max-video-preview":"max-video-preview:-1"},"canonical":"https:\/\/fiuzawines.pt\/en\/enoturismo\/loja\/","og_locale":"en_US","og_type":"article","og_title":"Loja - Fiuza - Conhece-se Pela Casta","og_description":"Na nossa loja poder\u00e1 encontrar todos os vinhos produzidos por n\u00f3s, as \u00faltimas colheitas e tamb\u00e9m alguns vinhos exclusivos.","og_url":"https:\/\/fiuzawines.pt\/en\/enoturismo\/loja\/","og_site_name":"Fiuza - Conhece-se Pela Casta","article_publisher":"https:\/\/www.facebook.com\/fiuza.wines","article_modified_time":"2023-12-21T17:07:44+00:00","og_image":[{"width":904,"height":1024,"url":"https:\/\/fiuzawines.pt\/wp-content\/uploads\/2023\/05\/loja_imagem-904x1024.png","type":"image\/png"}],"twitter_card":"summary_large_image","schema":{"@context":"https:\/\/schema.org","@graph":[{"@type":"WebPage","@id":"https:\/\/fiuzawines.pt\/enoturismo\/loja\/","url":"https:\/\/fiuzawines.pt\/enoturismo\/loja\/","name":"Loja - Fiuza - Conhece-se Pela Casta","isPartOf":{"@id":"https:\/\/fiuzawines.pt\/#website"},"primaryImageOfPage":{"@id":"https:\/\/fiuzawines.pt\/enoturismo\/loja\/#primaryimage"},"image":{"@id":"https:\/\/fiuzawines.pt\/enoturismo\/loja\/#primaryimage"},"thumbnailUrl":"https:\/\/fiuzawines.pt\/wp-content\/uploads\/2023\/05\/loja_imagem.png","datePublished":"2023-05-22T20:05:36+00:00","dateModified":"2023-12-21T17:07:44+00:00","description":"Na nossa loja poder\u00e1 encontrar todos os vinhos produzidos por n\u00f3s, as \u00faltimas colheitas e tamb\u00e9m alguns vinhos exclusivos.","breadcrumb":{"@id":"https:\/\/fiuzawines.pt\/enoturismo\/loja\/#breadcrumb"},"inLanguage":"en-US","potentialAction":[{"@type":"ReadAction","target":["https:\/\/fiuzawines.pt\/enoturismo\/loja\/"]}]},{"@type":"ImageObject","inLanguage":"en-US","@id":"https:\/\/fiuzawines.pt\/enoturismo\/loja\/#primaryimage","url":"https:\/\/fiuzawines.pt\/wp-content\/uploads\/2023\/05\/loja_imagem.png","contentUrl":"https:\/\/fiuzawines.pt\/wp-content\/uploads\/2023\/05\/loja_imagem.png","width":960,"height":1087},{"@type":"BreadcrumbList","@id":"https:\/\/fiuzawines.pt\/enoturismo\/loja\/#breadcrumb","itemListElement":[{"@type":"ListItem","position":1,"name":"In\u00edcio","item":"https:\/\/fiuzawines.pt\/"},{"@type":"ListItem","position":2,"name":"Enoturismo","item":"https:\/\/fiuzawines.pt\/enoturismo\/"},{"@type":"ListItem","position":3,"name":"Loja"}]},{"@type":"WebSite","@id":"https:\/\/fiuzawines.pt\/#website","url":"https:\/\/fiuzawines.pt\/","name":"Fiuza - Conhece-se Pela Casta","description":"","publisher":{"@id":"https:\/\/fiuzawines.pt\/#organization"},"potentialAction":[{"@type":"SearchAction","target":{"@type":"EntryPoint","urlTemplate":"https:\/\/fiuzawines.pt\/?s={search_term_string}"},"query-input":{"@type":"PropertyValueSpecification","valueRequired":true,"valueName":"search_term_string"}}],"inLanguage":"en-US"},{"@type":"Organization","@id":"https:\/\/fiuzawines.pt\/#organization","name":"Fiuza - Conhece-se Pela Casta","url":"https:\/\/fiuzawines.pt\/","logo":{"@type":"ImageObject","inLanguage":"en-US","@id":"https:\/\/fiuzawines.pt\/#\/schema\/logo\/image\/","url":"https:\/\/fiuzawines.pt\/wp-content\/uploads\/2023\/05\/fiuza_logo.png","contentUrl":"https:\/\/fiuzawines.pt\/wp-content\/uploads\/2023\/05\/fiuza_logo.png","width":132,"height":41,"caption":"Fiuza - Conhece-se Pela Casta"},"image":{"@id":"https:\/\/fiuzawines.pt\/#\/schema\/logo\/image\/"},"sameAs":["https:\/\/www.facebook.com\/fiuza.wines"]}]}},"_links":{"self":[{"href":"https:\/\/fiuzawines.pt\/en\/wp-json\/wp\/v2\/pages\/136","targetHints":{"allow":["GET"]}}],"collection":[{"href":"https:\/\/fiuzawines.pt\/en\/wp-json\/wp\/v2\/pages"}],"about":[{"href":"https:\/\/fiuzawines.pt\/en\/wp-json\/wp\/v2\/types\/page"}],"author":[{"embeddable":true,"href":"https:\/\/fiuzawines.pt\/en\/wp-json\/wp\/v2\/users\/1"}],"replies":[{"embeddable":true,"href":"https:\/\/fiuzawines.pt\/en\/wp-json\/wp\/v2\/comments?post=136"}],"version-history":[{"count":1,"href":"https:\/\/fiuzawines.pt\/en\/wp-json\/wp\/v2\/pages\/136\/revisions"}],"predecessor-version":[{"id":8293,"href":"https:\/\/fiuzawines.pt\/en\/wp-json\/wp\/v2\/pages\/136\/revisions\/8293"}],"up":[{"embeddable":true,"href":"https:\/\/fiuzawines.pt\/en\/wp-json\/wp\/v2\/pages\/134"}],"wp:featuredmedia":[{"embeddable":true,"href":"https:\/\/fiuzawines.pt\/en\/wp-json\/wp\/v2\/media\/405"}],"wp:attachment":[{"href":"https:\/\/fiuzawines.pt\/en\/wp-json\/wp\/v2\/media?parent=136"}],"curies":[{"name":"wp","href":"https:\/\/api.w.org\/{rel}","templated":true}]}}